{"id":1268,"date":"2021-12-02T17:36:58","date_gmt":"2021-12-02T16:36:58","guid":{"rendered":"https:\/\/www.akademialektorov.sk\/?page_id=1268"},"modified":"2022-02-14T14:53:47","modified_gmt":"2022-02-14T13:53:47","slug":"vitajte-2","status":"publish","type":"page","link":"https:\/\/akademialektorov.sk\/index.php\/vitajte-2\/","title":{"rendered":"Vitajte &#8211; zaloha februar 2022"},"content":{"rendered":"\n<div style=\"height:40px\" aria-hidden=\"true\" class=\"wp-block-spacer\"><\/div>\n\n\n\n<figure class=\"wp-block-pullquote\"><blockquote><p>Podnikajte v oblasti vzdel\u00e1vania \u00faspe\u0161ne a udr\u017eate\u013ene.<\/p><\/blockquote><\/figure>\n\n\n\n<div class=\"wp-block-columns are-vertically-aligned-center is-layout-flex wp-container-core-columns-is-layout-9d6595d7 wp-block-columns-is-layout-flex\">\n<div class=\"wp-block-column is-vertically-aligned-center is-layout-flow wp-block-column-is-layout-flow\" style=\"flex-basis:66.66%\">\n<pre class=\"wp-block-verse fs-3\"><strong>Vol\u00e1m sa Krist\u00edna Uhn\u00e1kov\u00e1. Som <a rel=\"noreferrer noopener\" href=\"http:\/\/lekciespanielciny.sk\/\" target=\"_blank\">lektorka \u0161paniel\u010diny<\/a>, mentorka a zakladate\u013eka <a rel=\"noreferrer noopener\" href=\"https:\/\/www.instagram.com\/akademialektorov\/\" target=\"_blank\">Akad\u00e9mie lektorov<\/a> .<\/strong> <strong>\u0160\u00edrim osvetu o udr\u017eate\u013enom podnikan\u00ed v oblasti vzdel\u00e1vania a pom\u00e1ham lektorom budova\u0165 \u00faspe\u0161n\u00fd biznis.<\/strong><\/pre>\n\n\n\n<div style=\"height:30px\" aria-hidden=\"true\" class=\"wp-block-spacer\"><\/div>\n<\/div>\n\n\n\n<div class=\"wp-block-column is-vertically-aligned-center is-layout-flow wp-block-column-is-layout-flow\" style=\"flex-basis:33.33%\">\n<div class=\"wp-block-image\"><figure class=\"aligncenter size-large is-resized\"><img loading=\"lazy\" decoding=\"async\" src=\"https:\/\/www.akademialektorov.sk\/wp-content\/uploads\/2021\/09\/Dizajn-bez-na\u0301zvu-modified.png\" alt=\"\" class=\"wp-image-1148\" width=\"300\" height=\"300\"\/><\/figure><\/div>\n<\/div>\n<\/div>\n\n\n\n<h2 class=\"has-text-align-center wp-block-heading\"><span style=\"color: #aa7b75\"><i class=\"bi bi-book\"><\/i><\/span> Pr\u00edbeh Akad\u00e9mie lektorov<\/h2>\n\n\n\n<div style=\"height:30px\" aria-hidden=\"true\" class=\"wp-block-spacer\"><\/div>\n\n\n\n<div class=\"wp-block-columns ruzove_pozadie p-5 is-layout-flex wp-container-core-columns-is-layout-9d6595d7 wp-block-columns-is-layout-flex\">\n<div class=\"wp-block-column is-layout-flow wp-block-column-is-layout-flow\">\n<p class=\"has-drop-cap has-normal-font-size\">V\u017edy som t\u00fa\u017eila podnika\u0165 pod\u013ea seba a poskytova\u0165 mojim \u0161tudentom TOP slu\u017eby. V\u010faka odvahe robi\u0165 veci po svojom, sk\u00fasenostiam a systematickej pr\u00e1ci sa tento sen splnil. Dnes som v poz\u00edcii, \u017ee si spolupr\u00e1ce m\u00f4\u017eem vybera\u0165. M\u00e1m dos\u0165 \u010dasu a energie na ka\u017ed\u00e9ho z mojich \u0161tudentov, ako aj na tvorbu \u010fal\u0161\u00edch projektov.<\/p>\n<\/div>\n\n\n\n<div class=\"wp-block-column is-layout-flow wp-block-column-is-layout-flow\">\n<p class=\"has-normal-font-size\">Na to, aby lektor vo svojom podnikan\u00ed za\u017e\u00edval naplnenie a hojnos\u0165, mal by ma\u0165 spr\u00e1vne nastavenie mysle. Ak m\u00e1te v\u00edziu a vzne\u0161en\u00e9 hodnoty, so spr\u00e1vnou strat\u00e9giou m\u00f4\u017eete dosiahnu\u0165 \u010doko\u013evek. Nikdy nie je pr\u00edli\u0161 skoro (ani pr\u00edli\u0161 neskoro) za\u010da\u0165 bra\u0165 va\u0161e podnikanie v\u00e1\u017ene. Invest\u00edcia do budovania va\u0161ej osobnej zna\u010dky je to najlep\u0161ie, \u010do m\u00f4\u017eete urobi\u0165. <\/p>\n<\/div>\n\n\n\n<div class=\"wp-block-column is-layout-flow wp-block-column-is-layout-flow\">\n<p>Sk\u00fasenosti ma nau\u010dili, \u017ee na to, aby sa lektor zaradil sa medzi \u0161pi\u010dku vo svojom odbore, nesta\u010d\u00ed &#8222;len&#8220; ovl\u00e1da\u0165 jazyk perfektne a vedie\u0165&nbsp;ho nau\u010di\u0165 druh\u00fdch. Existuje cel\u00e1 \u0161k\u00e1la \u010fal\u0161\u00edch faktorov, ktor\u00e9 ovplyv\u0148uj\u00fa \u00faspech podnikate\u013ea v oblasti vzdel\u00e1vania. Preto som sa rozhodla zalo\u017ei\u0165 Akad\u00e9miu lektorov a svoje know-how zdie\u013ea\u0165 s ostatn\u00fdmi lektormi.<\/p>\n<\/div>\n<\/div>\n\n\n\n<div style=\"height:50px\" aria-hidden=\"true\" class=\"wp-block-spacer\"><\/div>\n\n\n\n<div class=\"wp-block-group mx-auto col-sm-6\"><div class=\"wp-block-group__inner-container is-layout-flow wp-block-group-is-layout-flow\">\n<p class=\"has-medium-font-size\">Cie\u013eom Akad\u00e9mie lektorov je vytv\u00e1ra\u0165 komunitu lektorov, ktor\u00ed t\u00fa\u017eia tvori\u0165 zmyslupln\u00e9 projekty a podnika\u0165 radostne. Akad\u00e9mia lektorov je podporuj\u00faci virtu\u00e1lny priestor pre lektorov, ktor\u00ed c\u00edtia v\u00e1\u0161e\u0148 pre profesion\u00e1lny z\u00e1kazn\u00edcky servis, t\u00fa\u017eia rozv\u00edja\u0165 svoj potenci\u00e1l a klientom poskytova\u0165 len tie najkvalitnej\u0161ie slu\u017eby. Najnov\u0161ie pr\u00edspevky n\u00e1jdete v\u017edy na Instagrame <strong><a href=\"https:\/\/www.instagram.com\/akademialektorov\/\">@akademialektorov<\/a><\/strong>.<\/p>\n\n\n\n<p class=\"has-medium-font-size\">Som autorkou motiva\u010dno-transforma\u010dn\u00e9ho programu \ud83d\udc47<\/p>\n<\/div><\/div>\n\n\n\n<div style=\"height:20px\" aria-hidden=\"true\" class=\"wp-block-spacer\"><\/div>\n\n\n\n<div class=\"wp-block-buttons is-content-justification-center is-layout-flex wp-block-buttons-is-layout-flex\">\n<div class=\"wp-block-button\"><a class=\"wp-block-button__link has-background\" href=\"https:\/\/www.akademialektorov.sk\/index.php\/uspesny-lektor\/\" style=\"background-color:#aa7b75\">Program \u00daspe\u0161n\u00fd lektor<\/a><\/div>\n<\/div>\n\n\n\n<hr class=\"wp-block-separator has-text-color has-background has-very-dark-gray-background-color has-very-dark-gray-color is-style-dots\"\/>\n\n\n\n<p class=\"has-text-align-center has-medium-font-size\">kristina.uhnakova@gmail.com<\/p>\n\n\n\n<p class=\"has-text-align-center has-medium-font-size\"><a rel=\"noreferrer noopener\" href=\"https:\/\/www.instagram.com\/akademialektorov\/\" target=\"_blank\">@akademialektorov<\/a><\/p>\n\n\n\n<p class=\"has-text-align-center has-medium-font-size\"><\/p>\n","protected":false},"excerpt":{"rendered":"<p>Podnikajte v oblasti vzdel\u00e1vania \u00faspe\u0161ne a udr\u017eate\u013ene. Vol\u00e1m sa Krist\u00edna Uhn\u00e1kov\u00e1. Som lektorka \u0161paniel\u010diny, mentorka a zakladate\u013eka Akad\u00e9mie lektorov . \u0160\u00edrim osvetu o udr\u017eate\u013enom podnikan\u00ed v oblasti vzdel\u00e1vania a pom\u00e1ham lektorom budova\u0165 \u00faspe\u0161n\u00fd biznis. Pr\u00edbeh Akad\u00e9mie lektorov V\u017edy som t\u00fa\u017eila podnika\u0165 pod\u013ea seba a poskytova\u0165 mojim \u0161tudentom TOP slu\u017eby. V\u010faka odvahe robi\u0165 veci po svojom, [&hellip;]<\/p>\n","protected":false},"author":1,"featured_media":0,"parent":0,"menu_order":0,"comment_status":"closed","ping_status":"closed","template":"","meta":{"_et_pb_use_builder":"","_et_pb_old_content":"","_et_gb_content_width":"","footnotes":""},"class_list":["post-1268","page","type-page","status-publish","hentry"],"yoast_head":"<!-- This site is optimized with the Yoast SEO plugin v22.7 - https:\/\/yoast.com\/wordpress\/plugins\/seo\/ -->\n<title>Vitajte - zaloha februar 2022 - Akad\u00e9mia lektorov<\/title>\n<meta name=\"description\" content=\"Akad\u00e9mia lektorov - podnikajte v oblasti vzdel\u00e1vania \u00faspe\u0161ne a udr\u017eate\u013ene.\" \/>\n<meta name=\"robots\" content=\"index, follow, max-snippet:-1, max-image-preview:large, max-video-preview:-1\" \/>\n<link rel=\"canonical\" href=\"https:\/\/akademialektorov.sk\/index.php\/vitajte-2\/\" \/>\n<meta property=\"og:locale\" content=\"sk_SK\" \/>\n<meta property=\"og:type\" content=\"article\" \/>\n<meta property=\"og:title\" content=\"Vitajte - zaloha februar 2022 - Akad\u00e9mia lektorov\" \/>\n<meta property=\"og:description\" content=\"Akad\u00e9mia lektorov - podnikajte v oblasti vzdel\u00e1vania \u00faspe\u0161ne a udr\u017eate\u013ene.\" \/>\n<meta property=\"og:url\" content=\"https:\/\/akademialektorov.sk\/index.php\/vitajte-2\/\" \/>\n<meta property=\"og:site_name\" content=\"Akad\u00e9mia lektorov\" \/>\n<meta property=\"article:modified_time\" content=\"2022-02-14T13:53:47+00:00\" \/>\n<meta name=\"twitter:card\" content=\"summary_large_image\" \/>\n<meta name=\"twitter:label1\" content=\"Predpokladan\u00fd \u010das \u010d\u00edtania\" \/>\n\t<meta name=\"twitter:data1\" content=\"2 min\u00faty\" \/>\n<script type=\"application\/ld+json\" class=\"yoast-schema-graph\">{\"@context\":\"https:\/\/schema.org\",\"@graph\":[{\"@type\":\"WebPage\",\"@id\":\"https:\/\/akademialektorov.sk\/index.php\/vitajte-2\/\",\"url\":\"https:\/\/akademialektorov.sk\/index.php\/vitajte-2\/\",\"name\":\"Vitajte - zaloha februar 2022 - Akad\u00e9mia lektorov\",\"isPartOf\":{\"@id\":\"https:\/\/akademialektorov.sk\/#website\"},\"datePublished\":\"2021-12-02T16:36:58+00:00\",\"dateModified\":\"2022-02-14T13:53:47+00:00\",\"description\":\"Akad\u00e9mia lektorov - podnikajte v oblasti vzdel\u00e1vania \u00faspe\u0161ne a udr\u017eate\u013ene.\",\"breadcrumb\":{\"@id\":\"https:\/\/akademialektorov.sk\/index.php\/vitajte-2\/#breadcrumb\"},\"inLanguage\":\"sk-SK\",\"potentialAction\":[{\"@type\":\"ReadAction\",\"target\":[\"https:\/\/akademialektorov.sk\/index.php\/vitajte-2\/\"]}]},{\"@type\":\"BreadcrumbList\",\"@id\":\"https:\/\/akademialektorov.sk\/index.php\/vitajte-2\/#breadcrumb\",\"itemListElement\":[{\"@type\":\"ListItem\",\"position\":1,\"name\":\"Domovsk\u00e1 str\u00e1nka\",\"item\":\"https:\/\/akademialektorov.sk\/\"},{\"@type\":\"ListItem\",\"position\":2,\"name\":\"Vitajte &#8211; zaloha februar 2022\"}]},{\"@type\":\"WebSite\",\"@id\":\"https:\/\/akademialektorov.sk\/#website\",\"url\":\"https:\/\/akademialektorov.sk\/\",\"name\":\"Akad\u00e9mia lektorov\",\"description\":\"\",\"potentialAction\":[{\"@type\":\"SearchAction\",\"target\":{\"@type\":\"EntryPoint\",\"urlTemplate\":\"https:\/\/akademialektorov.sk\/?s={search_term_string}\"},\"query-input\":\"required name=search_term_string\"}],\"inLanguage\":\"sk-SK\"}]}<\/script>\n<!-- \/ Yoast SEO plugin. -->","yoast_head_json":{"title":"Vitajte - zaloha februar 2022 - Akad\u00e9mia lektorov","description":"Akad\u00e9mia lektorov - podnikajte v oblasti vzdel\u00e1vania \u00faspe\u0161ne a udr\u017eate\u013ene.","robots":{"index":"index","follow":"follow","max-snippet":"max-snippet:-1","max-image-preview":"max-image-preview:large","max-video-preview":"max-video-preview:-1"},"canonical":"https:\/\/akademialektorov.sk\/index.php\/vitajte-2\/","og_locale":"sk_SK","og_type":"article","og_title":"Vitajte - zaloha februar 2022 - Akad\u00e9mia lektorov","og_description":"Akad\u00e9mia lektorov - podnikajte v oblasti vzdel\u00e1vania \u00faspe\u0161ne a udr\u017eate\u013ene.","og_url":"https:\/\/akademialektorov.sk\/index.php\/vitajte-2\/","og_site_name":"Akad\u00e9mia lektorov","article_modified_time":"2022-02-14T13:53:47+00:00","twitter_card":"summary_large_image","twitter_misc":{"Predpokladan\u00fd \u010das \u010d\u00edtania":"2 min\u00faty"},"schema":{"@context":"https:\/\/schema.org","@graph":[{"@type":"WebPage","@id":"https:\/\/akademialektorov.sk\/index.php\/vitajte-2\/","url":"https:\/\/akademialektorov.sk\/index.php\/vitajte-2\/","name":"Vitajte - zaloha februar 2022 - Akad\u00e9mia lektorov","isPartOf":{"@id":"https:\/\/akademialektorov.sk\/#website"},"datePublished":"2021-12-02T16:36:58+00:00","dateModified":"2022-02-14T13:53:47+00:00","description":"Akad\u00e9mia lektorov - podnikajte v oblasti vzdel\u00e1vania \u00faspe\u0161ne a udr\u017eate\u013ene.","breadcrumb":{"@id":"https:\/\/akademialektorov.sk\/index.php\/vitajte-2\/#breadcrumb"},"inLanguage":"sk-SK","potentialAction":[{"@type":"ReadAction","target":["https:\/\/akademialektorov.sk\/index.php\/vitajte-2\/"]}]},{"@type":"BreadcrumbList","@id":"https:\/\/akademialektorov.sk\/index.php\/vitajte-2\/#breadcrumb","itemListElement":[{"@type":"ListItem","position":1,"name":"Domovsk\u00e1 str\u00e1nka","item":"https:\/\/akademialektorov.sk\/"},{"@type":"ListItem","position":2,"name":"Vitajte &#8211; zaloha februar 2022"}]},{"@type":"WebSite","@id":"https:\/\/akademialektorov.sk\/#website","url":"https:\/\/akademialektorov.sk\/","name":"Akad\u00e9mia lektorov","description":"","potentialAction":[{"@type":"SearchAction","target":{"@type":"EntryPoint","urlTemplate":"https:\/\/akademialektorov.sk\/?s={search_term_string}"},"query-input":"required name=search_term_string"}],"inLanguage":"sk-SK"}]}},"jetpack_sharing_enabled":true,"_links":{"self":[{"href":"https:\/\/akademialektorov.sk\/index.php\/wp-json\/wp\/v2\/pages\/1268","targetHints":{"allow":["GET"]}}],"collection":[{"href":"https:\/\/akademialektorov.sk\/index.php\/wp-json\/wp\/v2\/pages"}],"about":[{"href":"https:\/\/akademialektorov.sk\/index.php\/wp-json\/wp\/v2\/types\/page"}],"author":[{"embeddable":true,"href":"https:\/\/akademialektorov.sk\/index.php\/wp-json\/wp\/v2\/users\/1"}],"replies":[{"embeddable":true,"href":"https:\/\/akademialektorov.sk\/index.php\/wp-json\/wp\/v2\/comments?post=1268"}],"version-history":[{"count":3,"href":"https:\/\/akademialektorov.sk\/index.php\/wp-json\/wp\/v2\/pages\/1268\/revisions"}],"predecessor-version":[{"id":1672,"href":"https:\/\/akademialektorov.sk\/index.php\/wp-json\/wp\/v2\/pages\/1268\/revisions\/1672"}],"wp:attachment":[{"href":"https:\/\/akademialektorov.sk\/index.php\/wp-json\/wp\/v2\/media?parent=1268"}],"curies":[{"name":"wp","href":"https:\/\/api.w.org\/{rel}","templated":true}]}}