{"id":139,"date":"2020-07-16T10:56:01","date_gmt":"2020-07-16T08:56:01","guid":{"rendered":"https:\/\/www.akademialektorov.sk\/?page_id=139"},"modified":"2025-01-05T14:58:04","modified_gmt":"2025-01-05T13:58:04","slug":"kontakt","status":"publish","type":"page","link":"https:\/\/akademialektorov.sk\/index.php\/kontakt\/","title":{"rendered":"Kontakt"},"content":{"rendered":"<p>[et_pb_section admin_label=&#8220;section&#8220;]<br \/>\n\t\t\t[et_pb_row admin_label=&#8220;row&#8220;]<br \/>\n\t\t\t\t[et_pb_column type=&#8220;4_4&#8243;][et_pb_text admin_label=&#8220;Text&#8220;]<\/p>\n\n\n<div class=\"wp-block-columns is-layout-flex wp-container-core-columns-is-layout-9d6595d7 wp-block-columns-is-layout-flex\">\n<div class=\"wp-block-column is-vertically-aligned-top is-layout-flow wp-block-column-is-layout-flow\"><div class=\"wp-block-image\">\n<figure class=\"aligncenter size-large is-resized\"><img loading=\"lazy\" decoding=\"async\" width=\"1024\" height=\"1024\" src=\"https:\/\/www.akademialektorov.sk\/wp-content\/uploads\/2022\/05\/kristina-uhnakova-6-1024x1024.png\" alt=\"\" class=\"wp-image-1884\" style=\"width:300px;height:300px\" srcset=\"https:\/\/akademialektorov.sk\/wp-content\/uploads\/2022\/05\/kristina-uhnakova-6-1024x1024.png 1024w, https:\/\/akademialektorov.sk\/wp-content\/uploads\/2022\/05\/kristina-uhnakova-6-300x300.png 300w, https:\/\/akademialektorov.sk\/wp-content\/uploads\/2022\/05\/kristina-uhnakova-6-150x150.png 150w, https:\/\/akademialektorov.sk\/wp-content\/uploads\/2022\/05\/kristina-uhnakova-6-768x768.png 768w, https:\/\/akademialektorov.sk\/wp-content\/uploads\/2022\/05\/kristina-uhnakova-6-1536x1536.png 1536w, https:\/\/akademialektorov.sk\/wp-content\/uploads\/2022\/05\/kristina-uhnakova-6-2048x2048.png 2048w, https:\/\/akademialektorov.sk\/wp-content\/uploads\/2022\/05\/kristina-uhnakova-6-600x600.png 600w, https:\/\/akademialektorov.sk\/wp-content\/uploads\/2022\/05\/kristina-uhnakova-6-100x100.png 100w\" sizes=\"auto, (max-width: 1024px) 100vw, 1024px\" \/><\/figure>\n<\/div><\/div>\n\n\n\n<div class=\"wp-block-column is-layout-flow wp-block-column-is-layout-flow\">\n<p class=\"has-black-color has-text-color has-link-color has-medium-font-size wp-elements-e8aa9011d0ff8e35d4f8a0e5c6753f6a\">Moje meno je Krist\u00edna Uhnak, som lektorka \u0161paniel\u010diny a zakladate\u013eka Akad\u00e9mie lektorov. <\/p>\n\n\n\n<p class=\"has-black-color has-text-color has-link-color has-medium-font-size wp-elements-32de78c38ae4a47402e6095c5e37e98a\">Ak sa so mnou chce\u0161 spoji\u0165, nap\u00ed\u0161 mi na mail <strong>kristina.uhnak@gmail.com<\/strong>. Budem sa ve\u013emi te\u0161i\u0165. <\/p>\n\n\n\n<p class=\"has-black-color has-text-color has-link-color has-medium-font-size wp-elements-d00610a7e58baa48bf3f12d3e1ec3fd7\">N\u00e1jde\u0161 ma na aj instagrame @<a href=\"https:\/\/www.instagram.com\/akademialektorov\/\">akademialektorov<\/a>, v podcaste <a href=\"https:\/\/podcasters.spotify.com\/pod\/show\/kristina-uhnakova\">Lep\u0161\u00ed lektor<\/a> a na mojom blogu <a href=\"https:\/\/lekciespanielciny.sk\/blog-2\/\">Lekcie \u0161paniel\u010diny<\/a>.<\/p>\n\n\n\n<p class=\"has-black-color has-text-color has-link-color has-small-font-size wp-elements-fda5219e57c5e39af04793b491c56396\"><\/p>\n<\/div>\n<\/div>\n\n\n<p>[\/et_pb_text][\/et_pb_column]<br \/>\n\t\t\t[\/et_pb_row]<br \/>\n\t\t[\/et_pb_section]<\/p>","protected":false},"excerpt":{"rendered":"<p>[et_pb_section admin_label=&#8220;section&#8220;] [et_pb_row admin_label=&#8220;row&#8220;] [et_pb_column type=&#8220;4_4&#8243;][et_pb_text admin_label=&#8220;Text&#8220;] Moje meno je Krist\u00edna Uhnak, som lektorka \u0161paniel\u010diny a zakladate\u013eka Akad\u00e9mie lektorov. Ak sa so mnou chce\u0161 spoji\u0165, nap\u00ed\u0161 mi na mail kristina.uhnak@gmail.com. Budem sa ve\u013emi te\u0161i\u0165. N\u00e1jde\u0161 ma na aj instagrame @akademialektorov, v podcaste Lep\u0161\u00ed lektor a na mojom blogu Lekcie \u0161paniel\u010diny. [\/et_pb_text][\/et_pb_column] [\/et_pb_row] [\/et_pb_section]<\/p>\n","protected":false},"author":1,"featured_media":0,"parent":0,"menu_order":0,"comment_status":"closed","ping_status":"closed","template":"","meta":{"_et_pb_use_builder":"on","_et_pb_old_content":"<!-- wp:columns -->\n<div class=\"wp-block-columns\"><!-- wp:column {\"verticalAlignment\":\"top\"} -->\n<div class=\"wp-block-column is-vertically-aligned-top\"><!-- wp:image {\"align\":\"center\",\"id\":1884,\"width\":300,\"height\":300,\"sizeSlug\":\"large\",\"linkDestination\":\"none\"} -->\n<div class=\"wp-block-image\"><figure class=\"aligncenter size-large is-resized\"><img src=\"https:\/\/www.akademialektorov.sk\/wp-content\/uploads\/2022\/05\/kristina-uhnakova-6-1024x1024.png\" alt=\"\" class=\"wp-image-1884\" width=\"300\" height=\"300\"\/><\/figure><\/div>\n<!-- \/wp:image --><\/div>\n<!-- \/wp:column -->\n\n<!-- wp:column -->\n<div class=\"wp-block-column\"><!-- wp:paragraph -->\n<p>Moje meno je Krist\u00edna Uhn\u00e1kov\u00e1, som lektorka a mentorka. Vo virtu\u00e1lnom svete som akt\u00edvna na instagrame @<a href=\"https:\/\/www.instagram.com\/akademialektorov\/\" target=\"_blank\" rel=\"noreferrer noopener\"><strong>akademialektorov<\/strong><\/a>, kde vytv\u00e1ram vzdel\u00e1vac\u00ed a motiva\u010dn\u00fd obsah pre komunitu skvel\u00fdch lektorov, pr\u00edpadnom na mojom blogu <a href=\"https:\/\/lekciespanielciny.sk\/\" target=\"_blank\" rel=\"noreferrer noopener\">Lekcie \u0161paniel\u010diny<\/a>.  <\/p>\n<!-- \/wp:paragraph -->\n\n<!-- wp:paragraph -->\n<p>V tom skuto\u010dnom svete ma n\u00e1jdete naj\u010dastej\u0161ie doma alebo v pr\u00edrode. Rada si vychutn\u00e1vam mal\u00e9 ka\u017edodenn\u00e9 momenty a nach\u00e1dzam kr\u00e1su v mali\u010dkostiach. V s\u00fakrom\u00ed i podnikan\u00ed m\u00e1m rada minimalizmus a kvalitu.<\/p>\n<!-- \/wp:paragraph -->\n\n<!-- wp:paragraph {\"fontSize\":\"normal\"} -->\n<p class=\"has-normal-font-size\">Ak sa so mnou chcete skontaktova\u0165, nap\u00ed\u0161te mi na mail <strong>kristina.uhnakova@gmail.com<\/strong>. Budem sa ve\u013emi te\u0161i\u0165. <\/p>\n<!-- \/wp:paragraph -->\n\n<!-- wp:paragraph {\"fontSize\":\"normal\"} -->\n<p class=\"has-normal-font-size\">A keby ste si ma chceli prida\u0165 na <a href=\"http:\/\/www.linkedin.com\/in\/kristinauhnakova\" target=\"_blank\" rel=\"noreferrer noopener\">Linkedin<\/a>, nech sa p\u00e1\u010di. :-)<\/p>\n<!-- \/wp:paragraph --><\/div>\n<!-- \/wp:column --><\/div>\n<!-- \/wp:columns -->","_et_gb_content_width":"","footnotes":""},"class_list":["post-139","page","type-page","status-publish","hentry"],"yoast_head":"<!-- This site is optimized with the Yoast SEO plugin v22.7 - https:\/\/yoast.com\/wordpress\/plugins\/seo\/ -->\n<title>Kontakt - Akad\u00e9mia lektorov<\/title>\n<meta name=\"description\" content=\"Vol\u00e1m sa Kika. Som lektorka \u0161paniel\u010diny a mentorka. Moj\u00edm cie\u013eom je \u0161\u00edri\u0165 osvetu o udr\u017eate\u013enom podnikan\u00ed v oblasti vzdel\u00e1vania a pom\u00e1ha\u0165 lektorom budova\u0165 \u00faspe\u0161n\u00e9 podnikanie.\" \/>\n<meta name=\"robots\" content=\"index, follow, max-snippet:-1, max-image-preview:large, max-video-preview:-1\" \/>\n<link rel=\"canonical\" href=\"https:\/\/akademialektorov.sk\/index.php\/kontakt\/\" \/>\n<meta property=\"og:locale\" content=\"sk_SK\" \/>\n<meta property=\"og:type\" content=\"article\" \/>\n<meta property=\"og:title\" content=\"Kontakt - Akad\u00e9mia lektorov\" \/>\n<meta property=\"og:description\" content=\"Vol\u00e1m sa Kika. Som lektorka \u0161paniel\u010diny a mentorka. Moj\u00edm cie\u013eom je \u0161\u00edri\u0165 osvetu o udr\u017eate\u013enom podnikan\u00ed v oblasti vzdel\u00e1vania a pom\u00e1ha\u0165 lektorom budova\u0165 \u00faspe\u0161n\u00e9 podnikanie.\" \/>\n<meta property=\"og:url\" content=\"https:\/\/akademialektorov.sk\/index.php\/kontakt\/\" \/>\n<meta property=\"og:site_name\" content=\"Akad\u00e9mia lektorov\" \/>\n<meta property=\"article:modified_time\" content=\"2025-01-05T13:58:04+00:00\" \/>\n<meta property=\"og:image\" content=\"https:\/\/www.akademialektorov.sk\/wp-content\/uploads\/2022\/05\/kristina-uhnakova-6-1024x1024.png\" \/>\n<meta name=\"twitter:card\" content=\"summary_large_image\" \/>\n<meta name=\"twitter:label1\" content=\"Predpokladan\u00fd \u010das \u010d\u00edtania\" \/>\n\t<meta name=\"twitter:data1\" content=\"1 min\u00fata\" \/>\n<script type=\"application\/ld+json\" class=\"yoast-schema-graph\">{\"@context\":\"https:\/\/schema.org\",\"@graph\":[{\"@type\":\"WebPage\",\"@id\":\"https:\/\/akademialektorov.sk\/index.php\/kontakt\/\",\"url\":\"https:\/\/akademialektorov.sk\/index.php\/kontakt\/\",\"name\":\"Kontakt - Akad\u00e9mia lektorov\",\"isPartOf\":{\"@id\":\"https:\/\/akademialektorov.sk\/#website\"},\"primaryImageOfPage\":{\"@id\":\"https:\/\/akademialektorov.sk\/index.php\/kontakt\/#primaryimage\"},\"image\":{\"@id\":\"https:\/\/akademialektorov.sk\/index.php\/kontakt\/#primaryimage\"},\"thumbnailUrl\":\"https:\/\/www.akademialektorov.sk\/wp-content\/uploads\/2022\/05\/kristina-uhnakova-6-1024x1024.png\",\"datePublished\":\"2020-07-16T08:56:01+00:00\",\"dateModified\":\"2025-01-05T13:58:04+00:00\",\"description\":\"Vol\u00e1m sa Kika. Som lektorka \u0161paniel\u010diny a mentorka. Moj\u00edm cie\u013eom je \u0161\u00edri\u0165 osvetu o udr\u017eate\u013enom podnikan\u00ed v oblasti vzdel\u00e1vania a pom\u00e1ha\u0165 lektorom budova\u0165 \u00faspe\u0161n\u00e9 podnikanie.\",\"breadcrumb\":{\"@id\":\"https:\/\/akademialektorov.sk\/index.php\/kontakt\/#breadcrumb\"},\"inLanguage\":\"sk-SK\",\"potentialAction\":[{\"@type\":\"ReadAction\",\"target\":[\"https:\/\/akademialektorov.sk\/index.php\/kontakt\/\"]}]},{\"@type\":\"ImageObject\",\"inLanguage\":\"sk-SK\",\"@id\":\"https:\/\/akademialektorov.sk\/index.php\/kontakt\/#primaryimage\",\"url\":\"https:\/\/www.akademialektorov.sk\/wp-content\/uploads\/2022\/05\/kristina-uhnakova-6-1024x1024.png\",\"contentUrl\":\"https:\/\/www.akademialektorov.sk\/wp-content\/uploads\/2022\/05\/kristina-uhnakova-6-1024x1024.png\"},{\"@type\":\"BreadcrumbList\",\"@id\":\"https:\/\/akademialektorov.sk\/index.php\/kontakt\/#breadcrumb\",\"itemListElement\":[{\"@type\":\"ListItem\",\"position\":1,\"name\":\"Domovsk\u00e1 str\u00e1nka\",\"item\":\"https:\/\/akademialektorov.sk\/\"},{\"@type\":\"ListItem\",\"position\":2,\"name\":\"Kontakt\"}]},{\"@type\":\"WebSite\",\"@id\":\"https:\/\/akademialektorov.sk\/#website\",\"url\":\"https:\/\/akademialektorov.sk\/\",\"name\":\"Akad\u00e9mia lektorov\",\"description\":\"\",\"potentialAction\":[{\"@type\":\"SearchAction\",\"target\":{\"@type\":\"EntryPoint\",\"urlTemplate\":\"https:\/\/akademialektorov.sk\/?s={search_term_string}\"},\"query-input\":\"required name=search_term_string\"}],\"inLanguage\":\"sk-SK\"}]}<\/script>\n<!-- \/ Yoast SEO plugin. -->","yoast_head_json":{"title":"Kontakt - Akad\u00e9mia lektorov","description":"Vol\u00e1m sa Kika. Som lektorka \u0161paniel\u010diny a mentorka. Moj\u00edm cie\u013eom je \u0161\u00edri\u0165 osvetu o udr\u017eate\u013enom podnikan\u00ed v oblasti vzdel\u00e1vania a pom\u00e1ha\u0165 lektorom budova\u0165 \u00faspe\u0161n\u00e9 podnikanie.","robots":{"index":"index","follow":"follow","max-snippet":"max-snippet:-1","max-image-preview":"max-image-preview:large","max-video-preview":"max-video-preview:-1"},"canonical":"https:\/\/akademialektorov.sk\/index.php\/kontakt\/","og_locale":"sk_SK","og_type":"article","og_title":"Kontakt - Akad\u00e9mia lektorov","og_description":"Vol\u00e1m sa Kika. Som lektorka \u0161paniel\u010diny a mentorka. Moj\u00edm cie\u013eom je \u0161\u00edri\u0165 osvetu o udr\u017eate\u013enom podnikan\u00ed v oblasti vzdel\u00e1vania a pom\u00e1ha\u0165 lektorom budova\u0165 \u00faspe\u0161n\u00e9 podnikanie.","og_url":"https:\/\/akademialektorov.sk\/index.php\/kontakt\/","og_site_name":"Akad\u00e9mia lektorov","article_modified_time":"2025-01-05T13:58:04+00:00","og_image":[{"url":"https:\/\/www.akademialektorov.sk\/wp-content\/uploads\/2022\/05\/kristina-uhnakova-6-1024x1024.png"}],"twitter_card":"summary_large_image","twitter_misc":{"Predpokladan\u00fd \u010das \u010d\u00edtania":"1 min\u00fata"},"schema":{"@context":"https:\/\/schema.org","@graph":[{"@type":"WebPage","@id":"https:\/\/akademialektorov.sk\/index.php\/kontakt\/","url":"https:\/\/akademialektorov.sk\/index.php\/kontakt\/","name":"Kontakt - Akad\u00e9mia lektorov","isPartOf":{"@id":"https:\/\/akademialektorov.sk\/#website"},"primaryImageOfPage":{"@id":"https:\/\/akademialektorov.sk\/index.php\/kontakt\/#primaryimage"},"image":{"@id":"https:\/\/akademialektorov.sk\/index.php\/kontakt\/#primaryimage"},"thumbnailUrl":"https:\/\/www.akademialektorov.sk\/wp-content\/uploads\/2022\/05\/kristina-uhnakova-6-1024x1024.png","datePublished":"2020-07-16T08:56:01+00:00","dateModified":"2025-01-05T13:58:04+00:00","description":"Vol\u00e1m sa Kika. Som lektorka \u0161paniel\u010diny a mentorka. Moj\u00edm cie\u013eom je \u0161\u00edri\u0165 osvetu o udr\u017eate\u013enom podnikan\u00ed v oblasti vzdel\u00e1vania a pom\u00e1ha\u0165 lektorom budova\u0165 \u00faspe\u0161n\u00e9 podnikanie.","breadcrumb":{"@id":"https:\/\/akademialektorov.sk\/index.php\/kontakt\/#breadcrumb"},"inLanguage":"sk-SK","potentialAction":[{"@type":"ReadAction","target":["https:\/\/akademialektorov.sk\/index.php\/kontakt\/"]}]},{"@type":"ImageObject","inLanguage":"sk-SK","@id":"https:\/\/akademialektorov.sk\/index.php\/kontakt\/#primaryimage","url":"https:\/\/www.akademialektorov.sk\/wp-content\/uploads\/2022\/05\/kristina-uhnakova-6-1024x1024.png","contentUrl":"https:\/\/www.akademialektorov.sk\/wp-content\/uploads\/2022\/05\/kristina-uhnakova-6-1024x1024.png"},{"@type":"BreadcrumbList","@id":"https:\/\/akademialektorov.sk\/index.php\/kontakt\/#breadcrumb","itemListElement":[{"@type":"ListItem","position":1,"name":"Domovsk\u00e1 str\u00e1nka","item":"https:\/\/akademialektorov.sk\/"},{"@type":"ListItem","position":2,"name":"Kontakt"}]},{"@type":"WebSite","@id":"https:\/\/akademialektorov.sk\/#website","url":"https:\/\/akademialektorov.sk\/","name":"Akad\u00e9mia lektorov","description":"","potentialAction":[{"@type":"SearchAction","target":{"@type":"EntryPoint","urlTemplate":"https:\/\/akademialektorov.sk\/?s={search_term_string}"},"query-input":"required name=search_term_string"}],"inLanguage":"sk-SK"}]}},"jetpack_sharing_enabled":true,"_links":{"self":[{"href":"https:\/\/akademialektorov.sk\/index.php\/wp-json\/wp\/v2\/pages\/139","targetHints":{"allow":["GET"]}}],"collection":[{"href":"https:\/\/akademialektorov.sk\/index.php\/wp-json\/wp\/v2\/pages"}],"about":[{"href":"https:\/\/akademialektorov.sk\/index.php\/wp-json\/wp\/v2\/types\/page"}],"author":[{"embeddable":true,"href":"https:\/\/akademialektorov.sk\/index.php\/wp-json\/wp\/v2\/users\/1"}],"replies":[{"embeddable":true,"href":"https:\/\/akademialektorov.sk\/index.php\/wp-json\/wp\/v2\/comments?post=139"}],"version-history":[{"count":28,"href":"https:\/\/akademialektorov.sk\/index.php\/wp-json\/wp\/v2\/pages\/139\/revisions"}],"predecessor-version":[{"id":3832,"href":"https:\/\/akademialektorov.sk\/index.php\/wp-json\/wp\/v2\/pages\/139\/revisions\/3832"}],"wp:attachment":[{"href":"https:\/\/akademialektorov.sk\/index.php\/wp-json\/wp\/v2\/media?parent=139"}],"curies":[{"name":"wp","href":"https:\/\/api.w.org\/{rel}","templated":true}]}}