{"id":1572,"date":"2021-12-08T23:18:04","date_gmt":"2021-12-08T22:18:04","guid":{"rendered":"https:\/\/www.akademialektorov.sk\/?page_id=1572"},"modified":"2022-04-21T13:15:05","modified_gmt":"2022-04-21T11:15:05","slug":"trening-podnikanie-v-novom-niche","status":"publish","type":"page","link":"https:\/\/akademialektorov.sk\/index.php\/trening-podnikanie-v-novom-niche\/","title":{"rendered":"Ako na podnikanie v novom niche (po skonceni)"},"content":{"rendered":"\n<h4 class=\"has-text-align-center wp-block-heading\">Jarn\u00fd tr\u00e9ning \u2728 Ako na podnikanie v novom niche \u2728 sa u\u017e skon\u010dil.<\/h4>\n\n\n\n<h4 class=\"has-text-align-center wp-block-heading\">Nie je v\u0161ak d\u00f4vod na sm\u00fatok, preto\u017ee m\u00f4\u017eeme osta\u0165 v kontakte, aby v\u00e1m ten \u010fal\u0161\u00ed i\u00fd neunikol. \ud83d\ude0a<\/h4>\n\n\n\n<h4 class=\"has-text-align-center wp-block-heading\">Ak by ste sa radi z\u00fa\u010dastnili nasleduj\u00facich podujat\u00ed a tr\u00e9ningov, najnov\u0161ie inform\u00e1cie sa dozviete v\u017edy na instagrame @<a href=\"https:\/\/www.instagram.com\/akademialektorov\/\" target=\"_blank\" rel=\"noreferrer noopener\">akademialektorov<\/a><\/h4>\n","protected":false},"excerpt":{"rendered":"<p>Jarn\u00fd tr\u00e9ning \u2728 Ako na podnikanie v novom niche \u2728 sa u\u017e skon\u010dil. Nie je v\u0161ak d\u00f4vod na sm\u00fatok, preto\u017ee m\u00f4\u017eeme osta\u0165 v kontakte, aby v\u00e1m ten \u010fal\u0161\u00ed i\u00fd neunikol. \ud83d\ude0a Ak by ste sa radi z\u00fa\u010dastnili nasleduj\u00facich podujat\u00ed a tr\u00e9ningov, najnov\u0161ie inform\u00e1cie sa dozviete v\u017edy na instagrame @akademialektorov<\/p>\n","protected":false},"author":1,"featured_media":0,"parent":0,"menu_order":0,"comment_status":"closed","ping_status":"closed","template":"","meta":{"_et_pb_use_builder":"","_et_pb_old_content":"","_et_gb_content_width":"","footnotes":""},"class_list":["post-1572","page","type-page","status-publish","hentry"],"yoast_head":"<!-- This site is optimized with the Yoast SEO plugin v22.7 - https:\/\/yoast.com\/wordpress\/plugins\/seo\/ -->\n<title>Ako na podnikanie v novom niche (po skonceni) - Akad\u00e9mia lektorov<\/title>\n<meta name=\"robots\" content=\"index, follow, max-snippet:-1, max-image-preview:large, max-video-preview:-1\" \/>\n<link rel=\"canonical\" href=\"https:\/\/akademialektorov.sk\/index.php\/trening-podnikanie-v-novom-niche\/\" \/>\n<meta property=\"og:locale\" content=\"sk_SK\" \/>\n<meta property=\"og:type\" content=\"article\" \/>\n<meta property=\"og:title\" content=\"Ako na podnikanie v novom niche (po skonceni) - Akad\u00e9mia lektorov\" \/>\n<meta property=\"og:description\" content=\"Jarn\u00fd tr\u00e9ning \u2728 Ako na podnikanie v novom niche \u2728 sa u\u017e skon\u010dil. Nie je v\u0161ak d\u00f4vod na sm\u00fatok, preto\u017ee m\u00f4\u017eeme osta\u0165 v kontakte, aby v\u00e1m ten \u010fal\u0161\u00ed i\u00fd neunikol. \ud83d\ude0a Ak by ste sa radi z\u00fa\u010dastnili nasleduj\u00facich podujat\u00ed a tr\u00e9ningov, najnov\u0161ie inform\u00e1cie sa dozviete v\u017edy na instagrame @akademialektorov\" \/>\n<meta property=\"og:url\" content=\"https:\/\/akademialektorov.sk\/index.php\/trening-podnikanie-v-novom-niche\/\" \/>\n<meta property=\"og:site_name\" content=\"Akad\u00e9mia lektorov\" \/>\n<meta property=\"article:modified_time\" content=\"2022-04-21T11:15:05+00:00\" \/>\n<meta name=\"twitter:card\" content=\"summary_large_image\" \/>\n<meta name=\"twitter:label1\" content=\"Predpokladan\u00fd \u010das \u010d\u00edtania\" \/>\n\t<meta name=\"twitter:data1\" content=\"1 min\u00fata\" \/>\n<script type=\"application\/ld+json\" class=\"yoast-schema-graph\">{\"@context\":\"https:\/\/schema.org\",\"@graph\":[{\"@type\":\"WebPage\",\"@id\":\"https:\/\/akademialektorov.sk\/index.php\/trening-podnikanie-v-novom-niche\/\",\"url\":\"https:\/\/akademialektorov.sk\/index.php\/trening-podnikanie-v-novom-niche\/\",\"name\":\"Ako na podnikanie v novom niche (po skonceni) - Akad\u00e9mia lektorov\",\"isPartOf\":{\"@id\":\"https:\/\/akademialektorov.sk\/#website\"},\"datePublished\":\"2021-12-08T22:18:04+00:00\",\"dateModified\":\"2022-04-21T11:15:05+00:00\",\"breadcrumb\":{\"@id\":\"https:\/\/akademialektorov.sk\/index.php\/trening-podnikanie-v-novom-niche\/#breadcrumb\"},\"inLanguage\":\"sk-SK\",\"potentialAction\":[{\"@type\":\"ReadAction\",\"target\":[\"https:\/\/akademialektorov.sk\/index.php\/trening-podnikanie-v-novom-niche\/\"]}]},{\"@type\":\"BreadcrumbList\",\"@id\":\"https:\/\/akademialektorov.sk\/index.php\/trening-podnikanie-v-novom-niche\/#breadcrumb\",\"itemListElement\":[{\"@type\":\"ListItem\",\"position\":1,\"name\":\"Domovsk\u00e1 str\u00e1nka\",\"item\":\"https:\/\/akademialektorov.sk\/\"},{\"@type\":\"ListItem\",\"position\":2,\"name\":\"Ako na podnikanie v novom niche (po skonceni)\"}]},{\"@type\":\"WebSite\",\"@id\":\"https:\/\/akademialektorov.sk\/#website\",\"url\":\"https:\/\/akademialektorov.sk\/\",\"name\":\"Akad\u00e9mia lektorov\",\"description\":\"\",\"potentialAction\":[{\"@type\":\"SearchAction\",\"target\":{\"@type\":\"EntryPoint\",\"urlTemplate\":\"https:\/\/akademialektorov.sk\/?s={search_term_string}\"},\"query-input\":\"required name=search_term_string\"}],\"inLanguage\":\"sk-SK\"}]}<\/script>\n<!-- \/ Yoast SEO plugin. -->","yoast_head_json":{"title":"Ako na podnikanie v novom niche (po skonceni) - Akad\u00e9mia lektorov","robots":{"index":"index","follow":"follow","max-snippet":"max-snippet:-1","max-image-preview":"max-image-preview:large","max-video-preview":"max-video-preview:-1"},"canonical":"https:\/\/akademialektorov.sk\/index.php\/trening-podnikanie-v-novom-niche\/","og_locale":"sk_SK","og_type":"article","og_title":"Ako na podnikanie v novom niche (po skonceni) - Akad\u00e9mia lektorov","og_description":"Jarn\u00fd tr\u00e9ning \u2728 Ako na podnikanie v novom niche \u2728 sa u\u017e skon\u010dil. Nie je v\u0161ak d\u00f4vod na sm\u00fatok, preto\u017ee m\u00f4\u017eeme osta\u0165 v kontakte, aby v\u00e1m ten \u010fal\u0161\u00ed i\u00fd neunikol. \ud83d\ude0a Ak by ste sa radi z\u00fa\u010dastnili nasleduj\u00facich podujat\u00ed a tr\u00e9ningov, najnov\u0161ie inform\u00e1cie sa dozviete v\u017edy na instagrame @akademialektorov","og_url":"https:\/\/akademialektorov.sk\/index.php\/trening-podnikanie-v-novom-niche\/","og_site_name":"Akad\u00e9mia lektorov","article_modified_time":"2022-04-21T11:15:05+00:00","twitter_card":"summary_large_image","twitter_misc":{"Predpokladan\u00fd \u010das \u010d\u00edtania":"1 min\u00fata"},"schema":{"@context":"https:\/\/schema.org","@graph":[{"@type":"WebPage","@id":"https:\/\/akademialektorov.sk\/index.php\/trening-podnikanie-v-novom-niche\/","url":"https:\/\/akademialektorov.sk\/index.php\/trening-podnikanie-v-novom-niche\/","name":"Ako na podnikanie v novom niche (po skonceni) - Akad\u00e9mia lektorov","isPartOf":{"@id":"https:\/\/akademialektorov.sk\/#website"},"datePublished":"2021-12-08T22:18:04+00:00","dateModified":"2022-04-21T11:15:05+00:00","breadcrumb":{"@id":"https:\/\/akademialektorov.sk\/index.php\/trening-podnikanie-v-novom-niche\/#breadcrumb"},"inLanguage":"sk-SK","potentialAction":[{"@type":"ReadAction","target":["https:\/\/akademialektorov.sk\/index.php\/trening-podnikanie-v-novom-niche\/"]}]},{"@type":"BreadcrumbList","@id":"https:\/\/akademialektorov.sk\/index.php\/trening-podnikanie-v-novom-niche\/#breadcrumb","itemListElement":[{"@type":"ListItem","position":1,"name":"Domovsk\u00e1 str\u00e1nka","item":"https:\/\/akademialektorov.sk\/"},{"@type":"ListItem","position":2,"name":"Ako na podnikanie v novom niche (po skonceni)"}]},{"@type":"WebSite","@id":"https:\/\/akademialektorov.sk\/#website","url":"https:\/\/akademialektorov.sk\/","name":"Akad\u00e9mia lektorov","description":"","potentialAction":[{"@type":"SearchAction","target":{"@type":"EntryPoint","urlTemplate":"https:\/\/akademialektorov.sk\/?s={search_term_string}"},"query-input":"required name=search_term_string"}],"inLanguage":"sk-SK"}]}},"jetpack_sharing_enabled":true,"_links":{"self":[{"href":"https:\/\/akademialektorov.sk\/index.php\/wp-json\/wp\/v2\/pages\/1572","targetHints":{"allow":["GET"]}}],"collection":[{"href":"https:\/\/akademialektorov.sk\/index.php\/wp-json\/wp\/v2\/pages"}],"about":[{"href":"https:\/\/akademialektorov.sk\/index.php\/wp-json\/wp\/v2\/types\/page"}],"author":[{"embeddable":true,"href":"https:\/\/akademialektorov.sk\/index.php\/wp-json\/wp\/v2\/users\/1"}],"replies":[{"embeddable":true,"href":"https:\/\/akademialektorov.sk\/index.php\/wp-json\/wp\/v2\/comments?post=1572"}],"version-history":[{"count":16,"href":"https:\/\/akademialektorov.sk\/index.php\/wp-json\/wp\/v2\/pages\/1572\/revisions"}],"predecessor-version":[{"id":1838,"href":"https:\/\/akademialektorov.sk\/index.php\/wp-json\/wp\/v2\/pages\/1572\/revisions\/1838"}],"wp:attachment":[{"href":"https:\/\/akademialektorov.sk\/index.php\/wp-json\/wp\/v2\/media?parent=1572"}],"curies":[{"name":"wp","href":"https:\/\/api.w.org\/{rel}","templated":true}]}}