{"id":1637,"date":"2022-04-11T15:59:45","date_gmt":"2022-04-11T13:59:45","guid":{"rendered":"https:\/\/www.akademialektorov.sk\/?page_id=1637"},"modified":"2022-04-21T13:14:44","modified_gmt":"2022-04-21T11:14:44","slug":"trening-podnikanie-v-novom-niche-ukoncene","status":"publish","type":"page","link":"https:\/\/akademialektorov.sk\/index.php\/trening-podnikanie-v-novom-niche-ukoncene\/","title":{"rendered":"Tr\u00e9ning: Ako na podnikanie v novom niche &#8211; UKON\u010cEN\u00c9"},"content":{"rendered":"\n<h4 class=\"has-text-align-center wp-block-heading\">Vzdel\u00e1vac\u00ed tr\u00e9ning pre lektorky a lektorov, ktor\u00ed chc\u00fa podnika\u0165 slobodne a radostne<\/h4>\n\n\n\n<p class=\"my-5 col-md-6 mx-auto\" style=\"font-size:18px\">Vitajte na tr\u00e9ningu \u2728 <strong>Ako na podnikanie v novom niche<\/strong> \u2728. V tomto motiva\u010dno-vzdel\u00e1vacom videu sa dozviete, ako robi\u0165 nov\u00e9 projekty efekt\u00edvne a na \u010do si d\u00e1va\u0165 pozor, ke\u010f roz\u0161irujete oblas\u0165 svojho podnikania. <\/p>\n\n\n\n<p class=\"has-text-align-center my-5 col-md-6 mx-auto\" style=\"font-size:14px\">Tip: Nezabudnite si stiahnu\u0165 pracovn\u00fd zo\u0161it, ktor\u00fd V\u00e1m pom\u00f4\u017ee ukotvi\u0165 nov\u00e9 poznatky a zachyti\u0165 vlastn\u00e9 n\u00e1pady. \ud83d\ude0a<\/p>\n\n\n\n<div class=\"wp-block-buttons is-content-justification-center is-layout-flex wp-block-buttons-is-layout-flex\">\n<div class=\"wp-block-button\"><a class=\"wp-block-button__link\" href=\"https:\/\/drive.google.com\/file\/d\/1S9uhb6FlR8b88nXnQYM8s2uD_sg30ZtW\/view?usp=sharing\" style=\"border-radius:29px\" target=\"_blank\" rel=\"noreferrer noopener\">Pracovn\u00fd zo\u0161it k tr\u00e9ningu<\/a><\/div>\n<\/div>\n\n\n\n<p class=\"my-5 col-md-6 mx-auto\">Ak by ste chceli pokeca\u0165 o lektorskom podnikan\u00ed, zmene <em>niche<\/em> \u010di tvorbe digit\u00e1lneho produktu, som pre V\u00e1s online na Instagrame <a href=\"https:\/\/www.instagram.com\/akademialektorov\/\">@akademialektorov<\/a>, sta\u010d\u00ed mi nap\u00edsa\u0165 s\u00fakromn\u00fa spr\u00e1vu. Majte kr\u00e1sny de\u0148, priatelia. Kika \ud83d\udc71\ud83c\udffc\u200d\u2640\ufe0f<\/p>\n\n\n\n<figure class=\"wp-block-embed is-type-video is-provider-youtube wp-block-embed-youtube mt-5 wp-embed-aspect-16-9 wp-has-aspect-ratio\"><div class=\"wp-block-embed__wrapper\">\nhttps:\/\/youtu.be\/HDazbk4-oQg\n<\/div><\/figure>\n","protected":false},"excerpt":{"rendered":"<p>Vzdel\u00e1vac\u00ed tr\u00e9ning pre lektorky a lektorov, ktor\u00ed chc\u00fa podnika\u0165 slobodne a radostne Vitajte na tr\u00e9ningu \u2728 Ako na podnikanie v novom niche \u2728. V tomto motiva\u010dno-vzdel\u00e1vacom videu sa dozviete, ako robi\u0165 nov\u00e9 projekty efekt\u00edvne a na \u010do si d\u00e1va\u0165 pozor, ke\u010f roz\u0161irujete oblas\u0165 svojho podnikania. Tip: Nezabudnite si stiahnu\u0165 pracovn\u00fd zo\u0161it, ktor\u00fd V\u00e1m pom\u00f4\u017ee ukotvi\u0165 [&hellip;]<\/p>\n","protected":false},"author":1,"featured_media":0,"parent":0,"menu_order":0,"comment_status":"closed","ping_status":"closed","template":"","meta":{"_et_pb_use_builder":"","_et_pb_old_content":"","_et_gb_content_width":"","footnotes":""},"class_list":["post-1637","page","type-page","status-publish","hentry"],"yoast_head":"<!-- This site is optimized with the Yoast SEO plugin v22.7 - https:\/\/yoast.com\/wordpress\/plugins\/seo\/ -->\n<title>Tr\u00e9ning: Ako na podnikanie v novom niche - UKON\u010cEN\u00c9 - Akad\u00e9mia lektorov<\/title>\n<meta name=\"description\" content=\"V tomto motiva\u010dno-vzdel\u00e1vacom videu sa dozviete, ako robi\u0165 nov\u00e9 projekty efekt\u00edvne a na \u010do si d\u00e1va\u0165 pozor, ke\u010f roz\u0161irujete oblas\u0165 svojho podnikania.\" \/>\n<meta name=\"robots\" content=\"index, follow, max-snippet:-1, max-image-preview:large, max-video-preview:-1\" \/>\n<link rel=\"canonical\" href=\"https:\/\/akademialektorov.sk\/index.php\/trening-podnikanie-v-novom-niche-ukoncene\/\" \/>\n<meta property=\"og:locale\" content=\"sk_SK\" \/>\n<meta property=\"og:type\" content=\"article\" \/>\n<meta property=\"og:title\" content=\"Tr\u00e9ning: Ako na podnikanie v novom niche - UKON\u010cEN\u00c9 - Akad\u00e9mia lektorov\" \/>\n<meta property=\"og:description\" content=\"V tomto motiva\u010dno-vzdel\u00e1vacom videu sa dozviete, ako robi\u0165 nov\u00e9 projekty efekt\u00edvne a na \u010do si d\u00e1va\u0165 pozor, ke\u010f roz\u0161irujete oblas\u0165 svojho podnikania.\" \/>\n<meta property=\"og:url\" content=\"https:\/\/akademialektorov.sk\/index.php\/trening-podnikanie-v-novom-niche-ukoncene\/\" \/>\n<meta property=\"og:site_name\" content=\"Akad\u00e9mia lektorov\" \/>\n<meta property=\"article:modified_time\" content=\"2022-04-21T11:14:44+00:00\" \/>\n<meta name=\"twitter:card\" content=\"summary_large_image\" \/>\n<meta name=\"twitter:label1\" content=\"Predpokladan\u00fd \u010das \u010d\u00edtania\" \/>\n\t<meta name=\"twitter:data1\" content=\"1 min\u00fata\" \/>\n<script type=\"application\/ld+json\" class=\"yoast-schema-graph\">{\"@context\":\"https:\/\/schema.org\",\"@graph\":[{\"@type\":\"WebPage\",\"@id\":\"https:\/\/akademialektorov.sk\/index.php\/trening-podnikanie-v-novom-niche-ukoncene\/\",\"url\":\"https:\/\/akademialektorov.sk\/index.php\/trening-podnikanie-v-novom-niche-ukoncene\/\",\"name\":\"Tr\u00e9ning: Ako na podnikanie v novom niche - UKON\u010cEN\u00c9 - Akad\u00e9mia lektorov\",\"isPartOf\":{\"@id\":\"https:\/\/akademialektorov.sk\/#website\"},\"datePublished\":\"2022-04-11T13:59:45+00:00\",\"dateModified\":\"2022-04-21T11:14:44+00:00\",\"description\":\"V tomto motiva\u010dno-vzdel\u00e1vacom videu sa dozviete, ako robi\u0165 nov\u00e9 projekty efekt\u00edvne a na \u010do si d\u00e1va\u0165 pozor, ke\u010f roz\u0161irujete oblas\u0165 svojho podnikania.\",\"breadcrumb\":{\"@id\":\"https:\/\/akademialektorov.sk\/index.php\/trening-podnikanie-v-novom-niche-ukoncene\/#breadcrumb\"},\"inLanguage\":\"sk-SK\",\"potentialAction\":[{\"@type\":\"ReadAction\",\"target\":[\"https:\/\/akademialektorov.sk\/index.php\/trening-podnikanie-v-novom-niche-ukoncene\/\"]}]},{\"@type\":\"BreadcrumbList\",\"@id\":\"https:\/\/akademialektorov.sk\/index.php\/trening-podnikanie-v-novom-niche-ukoncene\/#breadcrumb\",\"itemListElement\":[{\"@type\":\"ListItem\",\"position\":1,\"name\":\"Domovsk\u00e1 str\u00e1nka\",\"item\":\"https:\/\/akademialektorov.sk\/\"},{\"@type\":\"ListItem\",\"position\":2,\"name\":\"Tr\u00e9ning: Ako na podnikanie v novom niche &#8211; UKON\u010cEN\u00c9\"}]},{\"@type\":\"WebSite\",\"@id\":\"https:\/\/akademialektorov.sk\/#website\",\"url\":\"https:\/\/akademialektorov.sk\/\",\"name\":\"Akad\u00e9mia lektorov\",\"description\":\"\",\"potentialAction\":[{\"@type\":\"SearchAction\",\"target\":{\"@type\":\"EntryPoint\",\"urlTemplate\":\"https:\/\/akademialektorov.sk\/?s={search_term_string}\"},\"query-input\":\"required name=search_term_string\"}],\"inLanguage\":\"sk-SK\"}]}<\/script>\n<!-- \/ Yoast SEO plugin. -->","yoast_head_json":{"title":"Tr\u00e9ning: Ako na podnikanie v novom niche - UKON\u010cEN\u00c9 - Akad\u00e9mia lektorov","description":"V tomto motiva\u010dno-vzdel\u00e1vacom videu sa dozviete, ako robi\u0165 nov\u00e9 projekty efekt\u00edvne a na \u010do si d\u00e1va\u0165 pozor, ke\u010f roz\u0161irujete oblas\u0165 svojho podnikania.","robots":{"index":"index","follow":"follow","max-snippet":"max-snippet:-1","max-image-preview":"max-image-preview:large","max-video-preview":"max-video-preview:-1"},"canonical":"https:\/\/akademialektorov.sk\/index.php\/trening-podnikanie-v-novom-niche-ukoncene\/","og_locale":"sk_SK","og_type":"article","og_title":"Tr\u00e9ning: Ako na podnikanie v novom niche - UKON\u010cEN\u00c9 - Akad\u00e9mia lektorov","og_description":"V tomto motiva\u010dno-vzdel\u00e1vacom videu sa dozviete, ako robi\u0165 nov\u00e9 projekty efekt\u00edvne a na \u010do si d\u00e1va\u0165 pozor, ke\u010f roz\u0161irujete oblas\u0165 svojho podnikania.","og_url":"https:\/\/akademialektorov.sk\/index.php\/trening-podnikanie-v-novom-niche-ukoncene\/","og_site_name":"Akad\u00e9mia lektorov","article_modified_time":"2022-04-21T11:14:44+00:00","twitter_card":"summary_large_image","twitter_misc":{"Predpokladan\u00fd \u010das \u010d\u00edtania":"1 min\u00fata"},"schema":{"@context":"https:\/\/schema.org","@graph":[{"@type":"WebPage","@id":"https:\/\/akademialektorov.sk\/index.php\/trening-podnikanie-v-novom-niche-ukoncene\/","url":"https:\/\/akademialektorov.sk\/index.php\/trening-podnikanie-v-novom-niche-ukoncene\/","name":"Tr\u00e9ning: Ako na podnikanie v novom niche - UKON\u010cEN\u00c9 - Akad\u00e9mia lektorov","isPartOf":{"@id":"https:\/\/akademialektorov.sk\/#website"},"datePublished":"2022-04-11T13:59:45+00:00","dateModified":"2022-04-21T11:14:44+00:00","description":"V tomto motiva\u010dno-vzdel\u00e1vacom videu sa dozviete, ako robi\u0165 nov\u00e9 projekty efekt\u00edvne a na \u010do si d\u00e1va\u0165 pozor, ke\u010f roz\u0161irujete oblas\u0165 svojho podnikania.","breadcrumb":{"@id":"https:\/\/akademialektorov.sk\/index.php\/trening-podnikanie-v-novom-niche-ukoncene\/#breadcrumb"},"inLanguage":"sk-SK","potentialAction":[{"@type":"ReadAction","target":["https:\/\/akademialektorov.sk\/index.php\/trening-podnikanie-v-novom-niche-ukoncene\/"]}]},{"@type":"BreadcrumbList","@id":"https:\/\/akademialektorov.sk\/index.php\/trening-podnikanie-v-novom-niche-ukoncene\/#breadcrumb","itemListElement":[{"@type":"ListItem","position":1,"name":"Domovsk\u00e1 str\u00e1nka","item":"https:\/\/akademialektorov.sk\/"},{"@type":"ListItem","position":2,"name":"Tr\u00e9ning: Ako na podnikanie v novom niche &#8211; UKON\u010cEN\u00c9"}]},{"@type":"WebSite","@id":"https:\/\/akademialektorov.sk\/#website","url":"https:\/\/akademialektorov.sk\/","name":"Akad\u00e9mia lektorov","description":"","potentialAction":[{"@type":"SearchAction","target":{"@type":"EntryPoint","urlTemplate":"https:\/\/akademialektorov.sk\/?s={search_term_string}"},"query-input":"required name=search_term_string"}],"inLanguage":"sk-SK"}]}},"jetpack_sharing_enabled":true,"_links":{"self":[{"href":"https:\/\/akademialektorov.sk\/index.php\/wp-json\/wp\/v2\/pages\/1637","targetHints":{"allow":["GET"]}}],"collection":[{"href":"https:\/\/akademialektorov.sk\/index.php\/wp-json\/wp\/v2\/pages"}],"about":[{"href":"https:\/\/akademialektorov.sk\/index.php\/wp-json\/wp\/v2\/types\/page"}],"author":[{"embeddable":true,"href":"https:\/\/akademialektorov.sk\/index.php\/wp-json\/wp\/v2\/users\/1"}],"replies":[{"embeddable":true,"href":"https:\/\/akademialektorov.sk\/index.php\/wp-json\/wp\/v2\/comments?post=1637"}],"version-history":[{"count":11,"href":"https:\/\/akademialektorov.sk\/index.php\/wp-json\/wp\/v2\/pages\/1637\/revisions"}],"predecessor-version":[{"id":1837,"href":"https:\/\/akademialektorov.sk\/index.php\/wp-json\/wp\/v2\/pages\/1637\/revisions\/1837"}],"wp:attachment":[{"href":"https:\/\/akademialektorov.sk\/index.php\/wp-json\/wp\/v2\/media?parent=1637"}],"curies":[{"name":"wp","href":"https:\/\/api.w.org\/{rel}","templated":true}]}}