{"id":1723,"date":"2022-03-19T14:29:11","date_gmt":"2022-03-19T13:29:11","guid":{"rendered":"https:\/\/www.akademialektorov.sk\/?page_id=1723"},"modified":"2022-10-11T13:43:20","modified_gmt":"2022-10-11T11:43:20","slug":"workbook-zdarma","status":"publish","type":"page","link":"https:\/\/akademialektorov.sk\/index.php\/workbook-zdarma\/","title":{"rendered":"Workbook zDARma"},"content":{"rendered":"<p>[et_pb_section admin_label=&#8220;section&#8220;]<br>\n\t\t\t[et_pb_row admin_label=&#8220;row&#8220;]<br>\n\t\t\t\t[et_pb_column type=&#8220;4_4&#8243;][et_pb_text admin_label=&#8220;Text&#8220;]<\/p>\n\n\n<h4 class=\"has-text-align-center wp-block-heading\">Ako lektor(ka) pracujete u\u017e dlh\u0161ie. Presne viete, ako privies\u0165 va\u0161ich klientov k \u017eelan\u00fdm v\u00fdsledkom. Kurzy bavia v\u00e1s i \u0161tudentov. Od chv\u00edle, ke\u010f ste odu\u010dili prv\u00fa hodinu, ste pre\u0161li obrovsk\u00fd kus cesty a dnes sa pri spomienke na va\u0161e za\u010diatky len pousmejete. Teraz pri\u0161iel \u010das r\u00e1s\u0165.<\/h4>\n\n\n\n<div style=\"height:20px\" aria-hidden=\"true\" class=\"wp-block-spacer\"><\/div>\n\n\n\n<div class=\"wp-block-buttons d-block d-md-none text-center is-horizontal is-content-justification-center is-layout-flex wp-container-core-buttons-is-layout-499968f5 wp-block-buttons-is-layout-flex\">\n<div class=\"wp-block-button\"><a class=\"wp-block-button__link\" href=\"#formular\">Chcem pracovn\u00fd zo\u0161it<\/a><\/div>\n<\/div>\n\n\n\n<div style=\"height:20px\" aria-hidden=\"true\" class=\"wp-block-spacer\"><\/div>\n\n\n\n<div class=\"wp-block-columns is-layout-flex wp-container-core-columns-is-layout-9d6595d7 wp-block-columns-is-layout-flex\">\n<div class=\"wp-block-column is-layout-flow wp-block-column-is-layout-flow\" style=\"flex-basis:40%\"><div class=\"wp-block-image\">\n<figure class=\"aligncenter size-large\"><img decoding=\"async\" src=\"https:\/\/www.akademialektorov.sk\/wp-content\/uploads\/2022\/03\/ako-vytvorit-online-produkt-576x1024.png\" alt=\"ako vytvorit online produkt\" class=\"wp-image-1737\"\/><\/figure>\n<\/div><\/div>\n\n\n\n<div class=\"wp-block-column is-layout-flow wp-block-column-is-layout-flow\" style=\"flex-basis:60%\">\n<h3 class=\"wp-block-heading\">Tvorba digit\u00e1lnych produktov je nov\u00e1 v\u00fdzva. <\/h3>\n\n\n\n<p style=\"font-size:14px\">Ako to u\u017e b\u00fdva, na to, aby ste sa v nie\u010dom stali expertom je potrebn\u00e1 prax. Ve\u013ea praxe, sk\u00fasenost\u00ed, sk\u00fa\u0161ania nov\u00fdch vec\u00ed, u\u010denia sa od druh\u00fdch, u\u010denia sa na vlastn\u00fdch chyb\u00e1ch.<\/p>\n\n\n\n<h3 class=\"wp-block-heading\">Dobr\u00e1 spr\u00e1va: \u0160k\u00e1lovanie nie je len pre sk\u00fasen\u00fdch marke\u0165\u00e1kov. <\/h3>\n\n\n\n<p style=\"font-size:14px\">Aj vy sa to m\u00f4\u017eete nau\u010di\u0165 a ktovie, mo\u017eno tvorba vlastn\u00e9ho produktu bude jednou z najlep\u0161\u00edch vec\u00ed, ktor\u00e9 pre svoje podnikanie urob\u00edte.<\/p>\n\n\n\n<h3 class=\"wp-block-heading\">Nau\u010di\u0165 sa tvori\u0165 a pred\u00e1va\u0165 \u0161k\u00e1lovate\u013en\u00e9 produkty nemus\u00ed trva\u0165 roky. <\/h3>\n\n\n\n<p style=\"font-size:14px\">V tomto pracovnom zo\u0161ite v\u00e1m predstav\u00edm jednoduch\u00fa strat\u00e9giu, ktor\u00e1 m\u00f4\u017ee sl\u00fa\u017ei\u0165 ako v\u00e1\u0161 odrazov\u00fd most\u00edk pre tvorbu produktu, ktor\u00fd si n\u00e1jde uplatnenie na trhu.<\/p>\n\n\n\n<div style=\"height:10px\" aria-hidden=\"true\" id=\"formular\" class=\"wp-block-spacer\"><\/div>\n\n\n\n<script>\n        (function (w,d,s,o,f,js,fjs) {\n            w['ecm-widget']=o;w[o] = w[o] || function () { (w[o].q = w[o].q || []).push(arguments) };\n            js = d.createElement(s), fjs = d.getElementsByTagName(s)[0];\n            js.id = '10-b87b958d61baa85a6fa011ee4e3a4f75'; js.dataset.a = 'kristinauhnakova'; js.src = f; js.async = 1; fjs.parentNode.insertBefore(js, fjs);\n        }(window, document, 'script', 'ecmwidget', 'https:\/\/d70shl7vidtft.cloudfront.net\/widget.js'));\n    <\/script>\n            <div id=\"f-10-b87b958d61baa85a6fa011ee4e3a4f75\"><\/div>\n<\/div>\n<\/div>\n\n\n<p>[\/et_pb_text][\/et_pb_column]<br>\n\t\t\t[\/et_pb_row]<br>\n\t\t[\/et_pb_section]<\/p>","protected":false},"excerpt":{"rendered":"<p>[et_pb_section admin_label=&#8220;section&#8220;] [et_pb_row admin_label=&#8220;row&#8220;] [et_pb_column type=&#8220;4_4&#8243;][et_pb_text admin_label=&#8220;Text&#8220;] Ako lektor(ka) pracujete u\u017e dlh\u0161ie. Presne viete, ako privies\u0165 va\u0161ich klientov k \u017eelan\u00fdm v\u00fdsledkom. Kurzy bavia v\u00e1s i \u0161tudentov. Od chv\u00edle, ke\u010f ste odu\u010dili prv\u00fa hodinu, ste pre\u0161li obrovsk\u00fd kus cesty a dnes sa pri spomienke na va\u0161e za\u010diatky len pousmejete. Teraz pri\u0161iel \u010das r\u00e1s\u0165. Tvorba digit\u00e1lnych produktov [&hellip;]<\/p>\n","protected":false},"author":1,"featured_media":0,"parent":0,"menu_order":0,"comment_status":"closed","ping_status":"closed","template":"","meta":{"_et_pb_use_builder":"on","_et_pb_old_content":"<!-- wp:heading {\"textAlign\":\"center\",\"level\":4} -->\n<h4 class=\"has-text-align-center\">Ako lektor(ka) pracujete u\u017e dlh\u0161ie. Presne viete, ako privies\u0165 va\u0161ich klientov k \u017eelan\u00fdm v\u00fdsledkom. Kurzy bavia v\u00e1s i \u0161tudentov. Od chv\u00edle, ke\u010f ste odu\u010dili prv\u00fa hodinu, ste pre\u0161li obrovsk\u00fd kus cesty a dnes sa pri spomienke na va\u0161e za\u010diatky len pousmejete. Teraz pri\u0161iel \u010das r\u00e1s\u0165.<\/h4>\n<!-- \/wp:heading -->\n\n<!-- wp:spacer {\"height\":20} -->\n<div style=\"height:20px\" aria-hidden=\"true\" class=\"wp-block-spacer\"><\/div>\n<!-- \/wp:spacer -->\n\n<!-- wp:buttons {\"contentJustification\":\"center\",\"className\":\"d-block d-md-none text-center\"} -->\n<div class=\"wp-block-buttons is-content-justification-center d-block d-md-none text-center\"><!-- wp:button -->\n<div class=\"wp-block-button\"><a class=\"wp-block-button__link\" href=\"#formular\">Chcem pracovn\u00fd zo\u0161it<\/a><\/div>\n<!-- \/wp:button --><\/div>\n<!-- \/wp:buttons -->\n\n<!-- wp:spacer {\"height\":20} -->\n<div style=\"height:20px\" aria-hidden=\"true\" class=\"wp-block-spacer\"><\/div>\n<!-- \/wp:spacer -->\n\n<!-- wp:columns -->\n<div class=\"wp-block-columns\"><!-- wp:column {\"width\":\"40%\"} -->\n<div class=\"wp-block-column\" style=\"flex-basis:40%\"><!-- wp:image {\"align\":\"center\",\"id\":1737,\"sizeSlug\":\"large\",\"linkDestination\":\"none\"} -->\n<div class=\"wp-block-image\"><figure class=\"aligncenter size-large\"><img src=\"https:\/\/www.akademialektorov.sk\/wp-content\/uploads\/2022\/03\/ako-vytvorit-online-produkt-576x1024.png\" alt=\"ako vytvorit online produkt\" class=\"wp-image-1737\"\/><\/figure><\/div>\n<!-- \/wp:image --><\/div>\n<!-- \/wp:column -->\n\n<!-- wp:column {\"width\":\"60%\"} -->\n<div class=\"wp-block-column\" style=\"flex-basis:60%\"><!-- wp:heading {\"level\":3} -->\n<h3>Tvorba digit\u00e1lnych produktov je nov\u00e1 v\u00fdzva. <\/h3>\n<!-- \/wp:heading -->\n\n<!-- wp:paragraph {\"style\":{\"typography\":{\"fontSize\":14}}} -->\n<p style=\"font-size:14px\">Ako to u\u017e b\u00fdva, na to, aby ste sa v nie\u010dom stali expertom je potrebn\u00e1 prax. Ve\u013ea praxe, sk\u00fasenost\u00ed, sk\u00fa\u0161ania nov\u00fdch vec\u00ed, u\u010denia sa od druh\u00fdch, u\u010denia sa na vlastn\u00fdch chyb\u00e1ch.<\/p>\n<!-- \/wp:paragraph -->\n\n<!-- wp:heading {\"level\":3} -->\n<h3>Dobr\u00e1 spr\u00e1va: \u0160k\u00e1lovanie nie je len pre sk\u00fasen\u00fdch marke\u0165\u00e1kov. <\/h3>\n<!-- \/wp:heading -->\n\n<!-- wp:paragraph {\"style\":{\"typography\":{\"fontSize\":14}}} -->\n<p style=\"font-size:14px\">Aj vy sa to m\u00f4\u017eete nau\u010di\u0165 a ktovie, mo\u017eno tvorba vlastn\u00e9ho produktu bude jednou z najlep\u0161\u00edch vec\u00ed, ktor\u00e9 pre svoje podnikanie urob\u00edte.<\/p>\n<!-- \/wp:paragraph -->\n\n<!-- wp:heading {\"level\":3} -->\n<h3>Nau\u010di\u0165 sa tvori\u0165 a pred\u00e1va\u0165 \u0161k\u00e1lovate\u013en\u00e9 produkty nemus\u00ed trva\u0165 roky. <\/h3>\n<!-- \/wp:heading -->\n\n<!-- wp:paragraph {\"style\":{\"typography\":{\"fontSize\":14}}} -->\n<p style=\"font-size:14px\">V tomto pracovnom zo\u0161ite v\u00e1m predstav\u00edm jednoduch\u00fa strat\u00e9giu, ktor\u00e1 m\u00f4\u017ee sl\u00fa\u017ei\u0165 ako v\u00e1\u0161 odrazov\u00fd most\u00edk pre tvorbu produktu, ktor\u00fd si n\u00e1jde uplatnenie na trhu.<\/p>\n<!-- \/wp:paragraph -->\n\n<!-- wp:spacer {\"height\":10} -->\n<div style=\"height:10px\" aria-hidden=\"true\" id=\"formular\" class=\"wp-block-spacer\"><\/div>\n<!-- \/wp:spacer -->\n\n<!-- wp:html -->\n<script>\n        (function (w,d,s,o,f,js,fjs) {\n            w['ecm-widget']=o;w[o] = w[o] || function () { (w[o].q = w[o].q || []).push(arguments) };\n            js = d.createElement(s), fjs = d.getElementsByTagName(s)[0];\n            js.id = '1-43c2cd496486bcc27217c3e790fb4088'; js.dataset.a = 'kristinauhnakova'; js.src = f; js.async = 1; fjs.parentNode.insertBefore(js, fjs);\n        }(window, document, 'script', 'ecmwidget', 'https:\/\/d70shl7vidtft.cloudfront.net\/widget.js'));\n    <\/script>\n            <div id=\"f-1-43c2cd496486bcc27217c3e790fb4088\"><\/div>\n<!-- \/wp:html --><\/div>\n<!-- \/wp:column --><\/div>\n<!-- \/wp:columns -->","_et_gb_content_width":"","footnotes":""},"class_list":["post-1723","page","type-page","status-publish","hentry"],"yoast_head":"<!-- This site is optimized with the Yoast SEO plugin v22.7 - https:\/\/yoast.com\/wordpress\/plugins\/seo\/ -->\n<title>Workbook zDARma - Akad\u00e9mia lektorov<\/title>\n<meta name=\"description\" content=\"Ste lektor a t\u00fa\u017eite tvori\u0165 a pred\u00e1va\u0165 \u0161k\u00e1lovate\u013en\u00e9 produkty? Stiahnite si zadarmo pracovn\u00fd zo\u0161it, v ktorom sa dozviete jednoduch\u00fa strat\u00e9giu, ako na to.\" \/>\n<meta name=\"robots\" content=\"index, follow, max-snippet:-1, max-image-preview:large, max-video-preview:-1\" \/>\n<link rel=\"canonical\" href=\"https:\/\/akademialektorov.sk\/index.php\/workbook-zdarma\/\" \/>\n<meta property=\"og:locale\" content=\"sk_SK\" \/>\n<meta property=\"og:type\" content=\"article\" \/>\n<meta property=\"og:title\" content=\"Workbook zDARma - Akad\u00e9mia lektorov\" \/>\n<meta property=\"og:description\" content=\"Ste lektor a t\u00fa\u017eite tvori\u0165 a pred\u00e1va\u0165 \u0161k\u00e1lovate\u013en\u00e9 produkty? Stiahnite si zadarmo pracovn\u00fd zo\u0161it, v ktorom sa dozviete jednoduch\u00fa strat\u00e9giu, ako na to.\" \/>\n<meta property=\"og:url\" content=\"https:\/\/akademialektorov.sk\/index.php\/workbook-zdarma\/\" \/>\n<meta property=\"og:site_name\" content=\"Akad\u00e9mia lektorov\" \/>\n<meta property=\"article:modified_time\" content=\"2022-10-11T11:43:20+00:00\" \/>\n<meta property=\"og:image\" content=\"https:\/\/www.akademialektorov.sk\/wp-content\/uploads\/2022\/03\/ako-vytvorit-online-produkt-576x1024.png\" \/>\n<meta name=\"twitter:card\" content=\"summary_large_image\" \/>\n<meta name=\"twitter:label1\" content=\"Predpokladan\u00fd \u010das \u010d\u00edtania\" \/>\n\t<meta name=\"twitter:data1\" content=\"2 min\u00faty\" \/>\n<script type=\"application\/ld+json\" class=\"yoast-schema-graph\">{\"@context\":\"https:\/\/schema.org\",\"@graph\":[{\"@type\":\"WebPage\",\"@id\":\"https:\/\/akademialektorov.sk\/index.php\/workbook-zdarma\/\",\"url\":\"https:\/\/akademialektorov.sk\/index.php\/workbook-zdarma\/\",\"name\":\"Workbook zDARma - Akad\u00e9mia lektorov\",\"isPartOf\":{\"@id\":\"https:\/\/akademialektorov.sk\/#website\"},\"primaryImageOfPage\":{\"@id\":\"https:\/\/akademialektorov.sk\/index.php\/workbook-zdarma\/#primaryimage\"},\"image\":{\"@id\":\"https:\/\/akademialektorov.sk\/index.php\/workbook-zdarma\/#primaryimage\"},\"thumbnailUrl\":\"https:\/\/www.akademialektorov.sk\/wp-content\/uploads\/2022\/03\/ako-vytvorit-online-produkt-576x1024.png\",\"datePublished\":\"2022-03-19T13:29:11+00:00\",\"dateModified\":\"2022-10-11T11:43:20+00:00\",\"description\":\"Ste lektor a t\u00fa\u017eite tvori\u0165 a pred\u00e1va\u0165 \u0161k\u00e1lovate\u013en\u00e9 produkty? Stiahnite si zadarmo pracovn\u00fd zo\u0161it, v ktorom sa dozviete jednoduch\u00fa strat\u00e9giu, ako na to.\",\"breadcrumb\":{\"@id\":\"https:\/\/akademialektorov.sk\/index.php\/workbook-zdarma\/#breadcrumb\"},\"inLanguage\":\"sk-SK\",\"potentialAction\":[{\"@type\":\"ReadAction\",\"target\":[\"https:\/\/akademialektorov.sk\/index.php\/workbook-zdarma\/\"]}]},{\"@type\":\"ImageObject\",\"inLanguage\":\"sk-SK\",\"@id\":\"https:\/\/akademialektorov.sk\/index.php\/workbook-zdarma\/#primaryimage\",\"url\":\"https:\/\/www.akademialektorov.sk\/wp-content\/uploads\/2022\/03\/ako-vytvorit-online-produkt-576x1024.png\",\"contentUrl\":\"https:\/\/www.akademialektorov.sk\/wp-content\/uploads\/2022\/03\/ako-vytvorit-online-produkt-576x1024.png\"},{\"@type\":\"BreadcrumbList\",\"@id\":\"https:\/\/akademialektorov.sk\/index.php\/workbook-zdarma\/#breadcrumb\",\"itemListElement\":[{\"@type\":\"ListItem\",\"position\":1,\"name\":\"Domovsk\u00e1 str\u00e1nka\",\"item\":\"https:\/\/akademialektorov.sk\/\"},{\"@type\":\"ListItem\",\"position\":2,\"name\":\"Workbook zDARma\"}]},{\"@type\":\"WebSite\",\"@id\":\"https:\/\/akademialektorov.sk\/#website\",\"url\":\"https:\/\/akademialektorov.sk\/\",\"name\":\"Akad\u00e9mia lektorov\",\"description\":\"\",\"potentialAction\":[{\"@type\":\"SearchAction\",\"target\":{\"@type\":\"EntryPoint\",\"urlTemplate\":\"https:\/\/akademialektorov.sk\/?s={search_term_string}\"},\"query-input\":\"required name=search_term_string\"}],\"inLanguage\":\"sk-SK\"}]}<\/script>\n<!-- \/ Yoast SEO plugin. -->","yoast_head_json":{"title":"Workbook zDARma - Akad\u00e9mia lektorov","description":"Ste lektor a t\u00fa\u017eite tvori\u0165 a pred\u00e1va\u0165 \u0161k\u00e1lovate\u013en\u00e9 produkty? Stiahnite si zadarmo pracovn\u00fd zo\u0161it, v ktorom sa dozviete jednoduch\u00fa strat\u00e9giu, ako na to.","robots":{"index":"index","follow":"follow","max-snippet":"max-snippet:-1","max-image-preview":"max-image-preview:large","max-video-preview":"max-video-preview:-1"},"canonical":"https:\/\/akademialektorov.sk\/index.php\/workbook-zdarma\/","og_locale":"sk_SK","og_type":"article","og_title":"Workbook zDARma - Akad\u00e9mia lektorov","og_description":"Ste lektor a t\u00fa\u017eite tvori\u0165 a pred\u00e1va\u0165 \u0161k\u00e1lovate\u013en\u00e9 produkty? Stiahnite si zadarmo pracovn\u00fd zo\u0161it, v ktorom sa dozviete jednoduch\u00fa strat\u00e9giu, ako na to.","og_url":"https:\/\/akademialektorov.sk\/index.php\/workbook-zdarma\/","og_site_name":"Akad\u00e9mia lektorov","article_modified_time":"2022-10-11T11:43:20+00:00","og_image":[{"url":"https:\/\/www.akademialektorov.sk\/wp-content\/uploads\/2022\/03\/ako-vytvorit-online-produkt-576x1024.png"}],"twitter_card":"summary_large_image","twitter_misc":{"Predpokladan\u00fd \u010das \u010d\u00edtania":"2 min\u00faty"},"schema":{"@context":"https:\/\/schema.org","@graph":[{"@type":"WebPage","@id":"https:\/\/akademialektorov.sk\/index.php\/workbook-zdarma\/","url":"https:\/\/akademialektorov.sk\/index.php\/workbook-zdarma\/","name":"Workbook zDARma - Akad\u00e9mia lektorov","isPartOf":{"@id":"https:\/\/akademialektorov.sk\/#website"},"primaryImageOfPage":{"@id":"https:\/\/akademialektorov.sk\/index.php\/workbook-zdarma\/#primaryimage"},"image":{"@id":"https:\/\/akademialektorov.sk\/index.php\/workbook-zdarma\/#primaryimage"},"thumbnailUrl":"https:\/\/www.akademialektorov.sk\/wp-content\/uploads\/2022\/03\/ako-vytvorit-online-produkt-576x1024.png","datePublished":"2022-03-19T13:29:11+00:00","dateModified":"2022-10-11T11:43:20+00:00","description":"Ste lektor a t\u00fa\u017eite tvori\u0165 a pred\u00e1va\u0165 \u0161k\u00e1lovate\u013en\u00e9 produkty? Stiahnite si zadarmo pracovn\u00fd zo\u0161it, v ktorom sa dozviete jednoduch\u00fa strat\u00e9giu, ako na to.","breadcrumb":{"@id":"https:\/\/akademialektorov.sk\/index.php\/workbook-zdarma\/#breadcrumb"},"inLanguage":"sk-SK","potentialAction":[{"@type":"ReadAction","target":["https:\/\/akademialektorov.sk\/index.php\/workbook-zdarma\/"]}]},{"@type":"ImageObject","inLanguage":"sk-SK","@id":"https:\/\/akademialektorov.sk\/index.php\/workbook-zdarma\/#primaryimage","url":"https:\/\/www.akademialektorov.sk\/wp-content\/uploads\/2022\/03\/ako-vytvorit-online-produkt-576x1024.png","contentUrl":"https:\/\/www.akademialektorov.sk\/wp-content\/uploads\/2022\/03\/ako-vytvorit-online-produkt-576x1024.png"},{"@type":"BreadcrumbList","@id":"https:\/\/akademialektorov.sk\/index.php\/workbook-zdarma\/#breadcrumb","itemListElement":[{"@type":"ListItem","position":1,"name":"Domovsk\u00e1 str\u00e1nka","item":"https:\/\/akademialektorov.sk\/"},{"@type":"ListItem","position":2,"name":"Workbook zDARma"}]},{"@type":"WebSite","@id":"https:\/\/akademialektorov.sk\/#website","url":"https:\/\/akademialektorov.sk\/","name":"Akad\u00e9mia lektorov","description":"","potentialAction":[{"@type":"SearchAction","target":{"@type":"EntryPoint","urlTemplate":"https:\/\/akademialektorov.sk\/?s={search_term_string}"},"query-input":"required name=search_term_string"}],"inLanguage":"sk-SK"}]}},"jetpack_sharing_enabled":true,"_links":{"self":[{"href":"https:\/\/akademialektorov.sk\/index.php\/wp-json\/wp\/v2\/pages\/1723","targetHints":{"allow":["GET"]}}],"collection":[{"href":"https:\/\/akademialektorov.sk\/index.php\/wp-json\/wp\/v2\/pages"}],"about":[{"href":"https:\/\/akademialektorov.sk\/index.php\/wp-json\/wp\/v2\/types\/page"}],"author":[{"embeddable":true,"href":"https:\/\/akademialektorov.sk\/index.php\/wp-json\/wp\/v2\/users\/1"}],"replies":[{"embeddable":true,"href":"https:\/\/akademialektorov.sk\/index.php\/wp-json\/wp\/v2\/comments?post=1723"}],"version-history":[{"count":26,"href":"https:\/\/akademialektorov.sk\/index.php\/wp-json\/wp\/v2\/pages\/1723\/revisions"}],"predecessor-version":[{"id":2309,"href":"https:\/\/akademialektorov.sk\/index.php\/wp-json\/wp\/v2\/pages\/1723\/revisions\/2309"}],"wp:attachment":[{"href":"https:\/\/akademialektorov.sk\/index.php\/wp-json\/wp\/v2\/media?parent=1723"}],"curies":[{"name":"wp","href":"https:\/\/api.w.org\/{rel}","templated":true}]}}