{"id":2026,"date":"2022-08-29T14:05:10","date_gmt":"2022-08-29T14:05:10","guid":{"rendered":"https:\/\/www.akademialektorov.sk\/nove\/?page_id=338"},"modified":"2023-01-08T17:01:02","modified_gmt":"2023-01-08T16:01:02","slug":"workbook-zdarma-2","status":"publish","type":"page","link":"https:\/\/akademialektorov.sk\/index.php\/workbook-zdarma-2\/","title":{"rendered":"Workbook zdarma"},"content":{"rendered":"<p>[et_pb_section fb_built=&#8220;1&#8243; _builder_version=&#8220;4.6.6&#8243; background_image=&#8220;https:\/\/www.akademialektorov.sk\/nove\/wp-content\/uploads\/2022\/08\/Dizajn-bez-nazvu-1.jpg&#8220;][et_pb_row _builder_version=&#8220;4.6.6&#8243;][et_pb_column type=&#8220;4_4&#8243; _builder_version=&#8220;4.2.1&#8243;][et_pb_cta title=&#8220;Dizajn rozhodne o tom, c\u030ci si T\u030ca \u0161tudenti vs\u030cimnu\u0301, c\u030ci si T\u030ca zapama\u0308taju\u0301 a ake\u0301 asocia\u0301cie s Tebou budu\u0301 mat\u030c spojene\u0301.&#8220; content_tablet=&#8220;<\/p>\n<p class=%22has-text-align-center%22>Presne viete, ako privies\u0165 va\u0161ich klientov k \u017eelan\u00fdm v\u00fdsledkom. Kurzy bavia v\u00e1s i \u0161tudentov. Od chv\u00edle, ke\u010f ste odu\u010dili prv\u00fa hodinu, ste pre\u0161li obrovsk\u00fd kus cesty a dnes sa pri spomienke na va\u0161e za\u010diatky len pousmejete.<\/p>\n<p>&#8220; content_phone=&#8220;<\/p>\n<p class=%22has-text-align-center%22>Presne viete, ako privies\u0165 va\u0161ich klientov k \u017eelan\u00fdm v\u00fdsledkom. Kurzy bavia v\u00e1s i \u0161tudentov. Od chv\u00edle, ke\u010f ste odu\u010dili prv\u00fa hodinu, ste pre\u0161li obrovsk\u00fd kus cesty a dnes sa pri spomienke na va\u0161e za\u010diatky len pousmejete.<\/p>\n<p>&#8220; content_last_edited=&#8220;on|tablet&#8220; _builder_version=&#8220;4.6.6&#8243; header_font_size=&#8220;29px&#8220; header_letter_spacing=&#8220;1px&#8220; background_color=&#8220;rgba(255,255,255,0.82)&#8220; custom_button=&#8220;on&#8220; button_text_size=&#8220;16px&#8220; button_text_color=&#8220;#ffffff&#8220; button_bg_color=&#8220;#554C48&#8243; button_letter_spacing=&#8220;2px&#8220; background_layout=&#8220;light&#8220; hover_enabled=&#8220;0&#8243; header_font_size_tablet=&#8220;27px&#8220; header_font_size_phone=&#8220;25px&#8220; header_font_size_last_edited=&#8220;on|tablet&#8220; sticky_enabled=&#8220;0&#8243;]<\/p>\n<p><span>Ak tu\u0301z\u030cis\u030c svoje lektorstvo posu\u0301vat\u030c na vys\u030cs\u030ciu u\u0301roven\u030c a vybudovat\u030c si kvalitny\u0301 osobn\u00fd brand, nestac\u030ci\u0301 \u201clen\u201d robit\u030c dobru\u0301 pra\u0301cu. Vhodny\u0301 vizua\u0301l preda\u0301va tiez\u030c a mo\u0302z\u030ce kra\u0301sne <\/span><span>podporit\u030c <\/span><span>predaje Tvojich lekci\u00ed a kurzov.<\/span><\/p>\n<h3><span><\/span><\/h3>\n<h3><span>\u2b07\ufe0f Stiahni si pr\u00edru\u010dku zdarma e\u0161te dnes\u00a0\u2b07\ufe0f<\/span><\/h3>\n<p>[\/et_pb_cta][\/et_pb_column][\/et_pb_row][\/et_pb_section][et_pb_section fb_built=&#8220;1&#8243; _builder_version=&#8220;4.2.1&#8243; background_enable_color=&#8220;off&#8220; custom_padding=&#8220;5px||2px|||&#8220;][et_pb_row column_structure=&#8220;3_5,2_5&#8243; use_custom_gutter=&#8220;on&#8220; gutter_width=&#8220;1&#8243; _builder_version=&#8220;4.6.6&#8243;][et_pb_column type=&#8220;3_5&#8243; _builder_version=&#8220;4.2.1&#8243;][et_pb_cta title=&#8220;Vizu\u00e1lne trendy 2023 pre Tvoj lektorsk\u00fd web a instagram&#8220; button_url=&#8220;https:\/\/thesummer.coffeemondays.store\/sales-page\/&#8220; _builder_version=&#8220;4.6.6&#8243; header_font_size=&#8220;29px&#8220; background_enable_color=&#8220;off&#8220; custom_button=&#8220;on&#8220; button_text_color=&#8220;#ffffff&#8220; button_bg_color=&#8220;#554c48&#8243; text_orientation=&#8220;right&#8220; background_layout=&#8220;light&#8220; custom_margin=&#8220;||22px|||&#8220; custom_padding=&#8220;71px||51px|||&#8220; hover_enabled=&#8220;0&#8243; border_width_all=&#8220;1px&#8220; sticky_enabled=&#8220;0&#8243;]<\/p>\n<div class=\"page\" title=\"Page 2\">\n<div class=\"section\">\n<div class=\"layoutArea\">\n<div class=\"column\">\n<p><span><\/span><\/p>\n<p><span><\/span><\/p>\n<p><span><\/span><\/p>\n<p><span>Presne vie\u0161, ako privies\u0165 \u0161tudentov k \u017eelan\u00fdm v\u00fdsledkom. Od chv\u00edle, ke\u010f si odu\u010dila svoju prv\u00fa hodinu, si pre\u0161la obrovsk\u00fd kus cesty a dnes c\u00edti\u0161, \u017ee svoje lektorstvo chce\u0161 posun\u00fa\u0165 e\u0161te vy\u0161\u0161ie. Chce\u0161, aby si \u0164a \u0161tudenti v\u0161imli? Za\u010dni t\u00fdm, \u017ee sa od ostatn\u00fdch lektorov odl\u00ed\u0161i\u0161 &#8211; obsahovo i vizu\u00e1lne.<\/span><\/p>\n<p><span><\/span><\/p>\n<p><span>Stiahni si in\u0161pirat\u00edvnu pri\u0301ruc\u030cku, ktor\u00e1 obsahuje mo\u0302j vy\u0301ber elegantn\u00fdch kombin\u00e1ci\u00ed, ktor\u00e9 Tvoj instagram a web posun\u00fa na trendy \u00farove\u0148. <\/span><span>Na\u0301jdes\u030c v nej moje tipy na\u00a0<\/span><span>farebne\u0301 kombina\u0301cie,<\/span><span>\u00a0ako aj mo\u0302j <\/span><span>vy\u0301ber fonto<\/span><span>v, ktore\u0301 spolu perfektne funguju\u0301. <\/span><\/p>\n<\/div>\n<\/div>\n<\/div>\n<\/div>\n<p>[\/et_pb_cta][\/et_pb_column][et_pb_column type=&#8220;2_5&#8243; _builder_version=&#8220;4.2.1&#8243;][et_pb_code _builder_version=&#8220;4.6.6&#8243; _module_preset=&#8220;default&#8220;]<script><!-- [et_pb_line_break_holder] -->        (function (w,d,s,o,f,js,fjs) {<!-- [et_pb_line_break_holder] -->            w['ecm-widget']=o;w[o] = w[o] || function () { (w[o].q = w[o].q || []).push(arguments) };<!-- [et_pb_line_break_holder] -->            js = d.createElement(s), fjs = d.getElementsByTagName(s)[0];<!-- [et_pb_line_break_holder] -->            js.id = '10-b87b958d61baa85a6fa011ee4e3a4f75'; js.dataset.a = 'kristinauhnakova'; js.src = f; js.async = 1; fjs.parentNode.insertBefore(js, fjs);<!-- [et_pb_line_break_holder] -->        }(window, document, 'script', 'ecmwidget', 'https:\/\/d70shl7vidtft.cloudfront.net\/widget.js'));<!-- [et_pb_line_break_holder] -->    <\/script><!-- [et_pb_line_break_holder] -->            <\/p>\n<div id=\"f-10-b87b958d61baa85a6fa011ee4e3a4f75\"><\/div>\n<p>[\/et_pb_code][et_pb_divider show_divider=&#8220;off&#8220; _builder_version=&#8220;4.6.6&#8243; background_image=&#8220;https:\/\/www.akademialektorov.sk\/wp-content\/uploads\/2022\/10\/prispevky-IG-AL-sept-2022.jpg&#8220; background_size=&#8220;contain&#8220; background_position=&#8220;top_center&#8220; width=&#8220;92%&#8220; min_height=&#8220;502px&#8220; custom_margin=&#8220;||||false|false&#8220; custom_padding=&#8220;||||false|false&#8220; locked=&#8220;off&#8220;][\/et_pb_divider][\/et_pb_column][\/et_pb_row][\/et_pb_section]<\/p>\n","protected":false},"excerpt":{"rendered":"<p>[et_pb_section fb_built=&#8220;1&#8243; _builder_version=&#8220;4.6.6&#8243; background_image=&#8220;https:\/\/www.akademialektorov.sk\/nove\/wp-content\/uploads\/2022\/08\/Dizajn-bez-nazvu-1.jpg&#8220;][et_pb_row _builder_version=&#8220;4.6.6&#8243;][et_pb_column type=&#8220;4_4&#8243; _builder_version=&#8220;4.2.1&#8243;][et_pb_cta title=&#8220;Dizajn rozhodne o tom, c\u030ci si T\u030ca \u0161tudenti vs\u030cimnu\u0301, c\u030ci si T\u030ca zapama\u0308taju\u0301 a ake\u0301 asocia\u0301cie s Tebou budu\u0301 mat\u030c spojene\u0301.&#8220; content_tablet=&#8220; Presne viete, ako privies\u0165 va\u0161ich klientov k \u017eelan\u00fdm v\u00fdsledkom. Kurzy bavia v\u00e1s i \u0161tudentov. Od chv\u00edle, ke\u010f ste odu\u010dili prv\u00fa hodinu, ste pre\u0161li obrovsk\u00fd kus cesty [&hellip;]<\/p>\n","protected":false},"author":1,"featured_media":0,"parent":0,"menu_order":0,"comment_status":"closed","ping_status":"closed","template":"","meta":{"_et_pb_use_builder":"on","_et_pb_old_content":"","_et_gb_content_width":"","footnotes":""},"class_list":["post-2026","page","type-page","status-publish","hentry"],"yoast_head":"<!-- This site is optimized with the Yoast SEO plugin v22.7 - https:\/\/yoast.com\/wordpress\/plugins\/seo\/ -->\n<title>Workbook zdarma - Akad\u00e9mia lektorov<\/title>\n<meta name=\"robots\" content=\"index, follow, max-snippet:-1, max-image-preview:large, max-video-preview:-1\" \/>\n<link rel=\"canonical\" href=\"https:\/\/akademialektorov.sk\/index.php\/workbook-zdarma-2\/\" \/>\n<meta property=\"og:locale\" content=\"sk_SK\" \/>\n<meta property=\"og:type\" content=\"article\" \/>\n<meta property=\"og:title\" content=\"Workbook zdarma - Akad\u00e9mia lektorov\" \/>\n<meta property=\"og:description\" content=\"[et_pb_section fb_built=&#8220;1&#8243; _builder_version=&#8220;4.6.6&#8243; background_image=&#8220;https:\/\/www.akademialektorov.sk\/nove\/wp-content\/uploads\/2022\/08\/Dizajn-bez-nazvu-1.jpg&#8220;][et_pb_row _builder_version=&#8220;4.6.6&#8243;][et_pb_column type=&#8220;4_4&#8243; _builder_version=&#8220;4.2.1&#8243;][et_pb_cta title=&#8220;Dizajn rozhodne o tom, c\u030ci si T\u030ca \u0161tudenti vs\u030cimnu\u0301, c\u030ci si T\u030ca zapama\u0308taju\u0301 a ake\u0301 asocia\u0301cie s Tebou budu\u0301 mat\u030c spojene\u0301.&#8220; content_tablet=&#8220; Presne viete, ako privies\u0165 va\u0161ich klientov k \u017eelan\u00fdm v\u00fdsledkom. Kurzy bavia v\u00e1s i \u0161tudentov. Od chv\u00edle, ke\u010f ste odu\u010dili prv\u00fa hodinu, ste pre\u0161li obrovsk\u00fd kus cesty [&hellip;]\" \/>\n<meta property=\"og:url\" content=\"https:\/\/akademialektorov.sk\/index.php\/workbook-zdarma-2\/\" \/>\n<meta property=\"og:site_name\" content=\"Akad\u00e9mia lektorov\" \/>\n<meta property=\"article:modified_time\" content=\"2023-01-08T16:01:02+00:00\" \/>\n<meta name=\"twitter:card\" content=\"summary_large_image\" \/>\n<script type=\"application\/ld+json\" class=\"yoast-schema-graph\">{\"@context\":\"https:\/\/schema.org\",\"@graph\":[{\"@type\":\"WebPage\",\"@id\":\"https:\/\/akademialektorov.sk\/index.php\/workbook-zdarma-2\/\",\"url\":\"https:\/\/akademialektorov.sk\/index.php\/workbook-zdarma-2\/\",\"name\":\"Workbook zdarma - Akad\u00e9mia lektorov\",\"isPartOf\":{\"@id\":\"https:\/\/akademialektorov.sk\/#website\"},\"datePublished\":\"2022-08-29T14:05:10+00:00\",\"dateModified\":\"2023-01-08T16:01:02+00:00\",\"breadcrumb\":{\"@id\":\"https:\/\/akademialektorov.sk\/index.php\/workbook-zdarma-2\/#breadcrumb\"},\"inLanguage\":\"sk-SK\",\"potentialAction\":[{\"@type\":\"ReadAction\",\"target\":[\"https:\/\/akademialektorov.sk\/index.php\/workbook-zdarma-2\/\"]}]},{\"@type\":\"BreadcrumbList\",\"@id\":\"https:\/\/akademialektorov.sk\/index.php\/workbook-zdarma-2\/#breadcrumb\",\"itemListElement\":[{\"@type\":\"ListItem\",\"position\":1,\"name\":\"Domovsk\u00e1 str\u00e1nka\",\"item\":\"https:\/\/akademialektorov.sk\/\"},{\"@type\":\"ListItem\",\"position\":2,\"name\":\"Workbook zdarma\"}]},{\"@type\":\"WebSite\",\"@id\":\"https:\/\/akademialektorov.sk\/#website\",\"url\":\"https:\/\/akademialektorov.sk\/\",\"name\":\"Akad\u00e9mia lektorov\",\"description\":\"\",\"potentialAction\":[{\"@type\":\"SearchAction\",\"target\":{\"@type\":\"EntryPoint\",\"urlTemplate\":\"https:\/\/akademialektorov.sk\/?s={search_term_string}\"},\"query-input\":\"required name=search_term_string\"}],\"inLanguage\":\"sk-SK\"}]}<\/script>\n<!-- \/ Yoast SEO plugin. -->","yoast_head_json":{"title":"Workbook zdarma - Akad\u00e9mia lektorov","robots":{"index":"index","follow":"follow","max-snippet":"max-snippet:-1","max-image-preview":"max-image-preview:large","max-video-preview":"max-video-preview:-1"},"canonical":"https:\/\/akademialektorov.sk\/index.php\/workbook-zdarma-2\/","og_locale":"sk_SK","og_type":"article","og_title":"Workbook zdarma - Akad\u00e9mia lektorov","og_description":"[et_pb_section fb_built=&#8220;1&#8243; _builder_version=&#8220;4.6.6&#8243; background_image=&#8220;https:\/\/www.akademialektorov.sk\/nove\/wp-content\/uploads\/2022\/08\/Dizajn-bez-nazvu-1.jpg&#8220;][et_pb_row _builder_version=&#8220;4.6.6&#8243;][et_pb_column type=&#8220;4_4&#8243; _builder_version=&#8220;4.2.1&#8243;][et_pb_cta title=&#8220;Dizajn rozhodne o tom, c\u030ci si T\u030ca \u0161tudenti vs\u030cimnu\u0301, c\u030ci si T\u030ca zapama\u0308taju\u0301 a ake\u0301 asocia\u0301cie s Tebou budu\u0301 mat\u030c spojene\u0301.&#8220; content_tablet=&#8220; Presne viete, ako privies\u0165 va\u0161ich klientov k \u017eelan\u00fdm v\u00fdsledkom. Kurzy bavia v\u00e1s i \u0161tudentov. Od chv\u00edle, ke\u010f ste odu\u010dili prv\u00fa hodinu, ste pre\u0161li obrovsk\u00fd kus cesty [&hellip;]","og_url":"https:\/\/akademialektorov.sk\/index.php\/workbook-zdarma-2\/","og_site_name":"Akad\u00e9mia lektorov","article_modified_time":"2023-01-08T16:01:02+00:00","twitter_card":"summary_large_image","schema":{"@context":"https:\/\/schema.org","@graph":[{"@type":"WebPage","@id":"https:\/\/akademialektorov.sk\/index.php\/workbook-zdarma-2\/","url":"https:\/\/akademialektorov.sk\/index.php\/workbook-zdarma-2\/","name":"Workbook zdarma - Akad\u00e9mia lektorov","isPartOf":{"@id":"https:\/\/akademialektorov.sk\/#website"},"datePublished":"2022-08-29T14:05:10+00:00","dateModified":"2023-01-08T16:01:02+00:00","breadcrumb":{"@id":"https:\/\/akademialektorov.sk\/index.php\/workbook-zdarma-2\/#breadcrumb"},"inLanguage":"sk-SK","potentialAction":[{"@type":"ReadAction","target":["https:\/\/akademialektorov.sk\/index.php\/workbook-zdarma-2\/"]}]},{"@type":"BreadcrumbList","@id":"https:\/\/akademialektorov.sk\/index.php\/workbook-zdarma-2\/#breadcrumb","itemListElement":[{"@type":"ListItem","position":1,"name":"Domovsk\u00e1 str\u00e1nka","item":"https:\/\/akademialektorov.sk\/"},{"@type":"ListItem","position":2,"name":"Workbook zdarma"}]},{"@type":"WebSite","@id":"https:\/\/akademialektorov.sk\/#website","url":"https:\/\/akademialektorov.sk\/","name":"Akad\u00e9mia lektorov","description":"","potentialAction":[{"@type":"SearchAction","target":{"@type":"EntryPoint","urlTemplate":"https:\/\/akademialektorov.sk\/?s={search_term_string}"},"query-input":"required name=search_term_string"}],"inLanguage":"sk-SK"}]}},"jetpack_sharing_enabled":true,"_links":{"self":[{"href":"https:\/\/akademialektorov.sk\/index.php\/wp-json\/wp\/v2\/pages\/2026","targetHints":{"allow":["GET"]}}],"collection":[{"href":"https:\/\/akademialektorov.sk\/index.php\/wp-json\/wp\/v2\/pages"}],"about":[{"href":"https:\/\/akademialektorov.sk\/index.php\/wp-json\/wp\/v2\/types\/page"}],"author":[{"embeddable":true,"href":"https:\/\/akademialektorov.sk\/index.php\/wp-json\/wp\/v2\/users\/1"}],"replies":[{"embeddable":true,"href":"https:\/\/akademialektorov.sk\/index.php\/wp-json\/wp\/v2\/comments?post=2026"}],"version-history":[{"count":22,"href":"https:\/\/akademialektorov.sk\/index.php\/wp-json\/wp\/v2\/pages\/2026\/revisions"}],"predecessor-version":[{"id":3262,"href":"https:\/\/akademialektorov.sk\/index.php\/wp-json\/wp\/v2\/pages\/2026\/revisions\/3262"}],"wp:attachment":[{"href":"https:\/\/akademialektorov.sk\/index.php\/wp-json\/wp\/v2\/media?parent=2026"}],"curies":[{"name":"wp","href":"https:\/\/api.w.org\/{rel}","templated":true}]}}