{"id":2368,"date":"2022-11-01T19:57:05","date_gmt":"2022-11-01T18:57:05","guid":{"rendered":"https:\/\/www.akademialektorov.sk\/index.php\/course-completed\/"},"modified":"2022-11-17T10:21:08","modified_gmt":"2022-11-17T09:21:08","slug":"course-completed","status":"publish","type":"page","link":"https:\/\/akademialektorov.sk\/index.php\/course-completed\/","title":{"rendered":"Kurz dokon\u010den\u00fd"},"content":{"rendered":"<p>[et_pb_section fb_built=&#8220;1&#8243; _builder_version=&#8220;4.2.1&#8243; custom_padding=&#8220;0px||36px|||&#8220;][et_pb_row column_structure=&#8220;1_2,1_2&#8243; use_custom_gutter=&#8220;on&#8220; gutter_width=&#8220;1&#8243; _builder_version=&#8220;4.2.1&#8243;][et_pb_column type=&#8220;1_2&#8243; _builder_version=&#8220;4.2.1&#8243;][et_pb_divider show_divider=&#8220;off&#8220; _builder_version=&#8220;4.6.6&#8243; background_image=&#8220;https:\/\/www.akademialektorov.sk\/wp-content\/uploads\/2022\/11\/Kika-Uhnakova-1.jpeg&#8220; min_height=&#8220;500px&#8220; hover_enabled=&#8220;0&#8243; box_shadow_style=&#8220;preset4&#8243; box_shadow_horizontal=&#8220;26px&#8220; box_shadow_vertical=&#8220;30px&#8220; box_shadow_color=&#8220;#F0E7E8&#8243; title_text=&#8220;Kika Uhnakova-1&#8243; sticky_enabled=&#8220;0&#8243; border_color_all=&#8220;#f5eee8&#8243;][\/et_pb_divider][\/et_pb_column][et_pb_column type=&#8220;1_2&#8243; _builder_version=&#8220;4.2.1&#8243;][et_pb_cta title=&#8220;Hotovo! \ud83c\udf89&#8220; button_url=&#8220;https:\/\/forms.gle\/3nFdk3qAgriZiWhu5&#8243; button_text=&#8220;Vyplni\u0165 dotazn\u00edk&#8220; _builder_version=&#8220;4.6.6&#8243; header_font_size=&#8220;30px&#8220; header_letter_spacing=&#8220;2px&#8220; body_font_size=&#8220;15px&#8220; background_enable_color=&#8220;off&#8220; custom_button=&#8220;on&#8220; button_text_size=&#8220;16px&#8220; button_text_color=&#8220;#ffffff&#8220; button_bg_color=&#8220;#554C48&#8243; button_letter_spacing=&#8220;2px&#8220; background_layout=&#8220;light&#8220; min_height=&#8220;501px&#8220; custom_margin=&#8220;50px|||||&#8220; custom_padding=&#8220;31px|||||&#8220; hover_enabled=&#8220;0&#8243; box_shadow_style_button=&#8220;preset4&#8243; box_shadow_horizontal_button=&#8220;8px&#8220; box_shadow_vertical_button=&#8220;7px&#8220; box_shadow_color_button=&#8220;#f0e7e8&#8243; sticky_enabled=&#8220;0&#8243; url_new_window=&#8220;on&#8220;]<\/p>\n<p>Pr\u00e1ve si sa dostala na z\u00e1ver kurzu Strat\u00e9gia lektorskej zna\u010dky. Ver\u00edm, \u017ee Ti tento kurz priniesol zauj\u00edmav\u00e9 a hodnotn\u00e9 inform\u00e1cie, ktor\u00e9 Tvoju lektorsk\u00fa zna\u010dku posun\u00fa vpred.<\/p>\n<p>Tvoja sp\u00e4tn\u00e1 v\u00e4zba je pre m\u0148a nesmierne d\u00f4le\u017eit\u00e1. Bude skvel\u00e9, ak mi d\u00e1\u0161 vedie\u0165, ak\u00e1 bola Tvoja sk\u00fasenos\u0165 s kurzom.<\/p>\n<p>[\/et_pb_cta][\/et_pb_column][\/et_pb_row][\/et_pb_section]<\/p>\n","protected":false},"excerpt":{"rendered":"<p>[et_pb_section fb_built=&#8220;1&#8243; _builder_version=&#8220;4.2.1&#8243; custom_padding=&#8220;0px||36px|||&#8220;][et_pb_row column_structure=&#8220;1_2,1_2&#8243; use_custom_gutter=&#8220;on&#8220; gutter_width=&#8220;1&#8243; _builder_version=&#8220;4.2.1&#8243;][et_pb_column type=&#8220;1_2&#8243; _builder_version=&#8220;4.2.1&#8243;][et_pb_divider show_divider=&#8220;off&#8220; _builder_version=&#8220;4.6.6&#8243; background_image=&#8220;https:\/\/www.akademialektorov.sk\/wp-content\/uploads\/2022\/11\/Kika-Uhnakova-1.jpeg&#8220; min_height=&#8220;500px&#8220; hover_enabled=&#8220;0&#8243; box_shadow_style=&#8220;preset4&#8243; box_shadow_horizontal=&#8220;26px&#8220; box_shadow_vertical=&#8220;30px&#8220; box_shadow_color=&#8220;#F0E7E8&#8243; title_text=&#8220;Kika Uhnakova-1&#8243; sticky_enabled=&#8220;0&#8243; border_color_all=&#8220;#f5eee8&#8243;][\/et_pb_divider][\/et_pb_column][et_pb_column type=&#8220;1_2&#8243; _builder_version=&#8220;4.2.1&#8243;][et_pb_cta title=&#8220;Hotovo! \ud83c\udf89&#8220; button_url=&#8220;https:\/\/forms.gle\/3nFdk3qAgriZiWhu5&#8243; button_text=&#8220;Vyplni\u0165 dotazn\u00edk&#8220; _builder_version=&#8220;4.6.6&#8243; header_font_size=&#8220;30px&#8220; header_letter_spacing=&#8220;2px&#8220; body_font_size=&#8220;15px&#8220; background_enable_color=&#8220;off&#8220; custom_button=&#8220;on&#8220; button_text_size=&#8220;16px&#8220; button_text_color=&#8220;#ffffff&#8220; button_bg_color=&#8220;#554C48&#8243; button_letter_spacing=&#8220;2px&#8220; background_layout=&#8220;light&#8220; min_height=&#8220;501px&#8220; custom_margin=&#8220;50px|||||&#8220; custom_padding=&#8220;31px|||||&#8220; hover_enabled=&#8220;0&#8243; box_shadow_style_button=&#8220;preset4&#8243; box_shadow_horizontal_button=&#8220;8px&#8220; box_shadow_vertical_button=&#8220;7px&#8220; box_shadow_color_button=&#8220;#f0e7e8&#8243; sticky_enabled=&#8220;0&#8243; url_new_window=&#8220;on&#8220;] Pr\u00e1ve si sa dostala [&hellip;]<\/p>\n","protected":false},"author":1,"featured_media":0,"parent":0,"menu_order":0,"comment_status":"closed","ping_status":"closed","template":"","meta":{"_et_pb_use_builder":"on","_et_pb_old_content":"<!-- wp:paragraph {\"align\":\"center\",\"backgroundColor\":\"custom-farba-1\",\"textColor\":\"black\",\"fontSize\":\"x-large\"} -->\n<p class=\"has-text-align-center has-black-color has-custom-farba-1-background-color has-text-color has-background has-x-large-font-size\">Hotovo! \ud83c\udf89<\/p>\n<!-- \/wp:paragraph -->\n\n<!-- wp:spacer {\"height\":\"200px\"} -->\n<div style=\"height:200px\" aria-hidden=\"true\" class=\"wp-block-spacer\"><\/div>\n<!-- \/wp:spacer -->\n\n<!-- wp:sensei-lms\/course-results \/-->","_et_gb_content_width":"1080","footnotes":""},"class_list":["post-2368","page","type-page","status-publish","hentry"],"yoast_head":"<!-- This site is optimized with the Yoast SEO plugin v22.7 - https:\/\/yoast.com\/wordpress\/plugins\/seo\/ -->\n<title>Kurz dokon\u010den\u00fd - Akad\u00e9mia lektorov<\/title>\n<meta name=\"robots\" content=\"index, follow, max-snippet:-1, max-image-preview:large, max-video-preview:-1\" \/>\n<link rel=\"canonical\" href=\"https:\/\/akademialektorov.sk\/index.php\/course-completed\/\" \/>\n<meta property=\"og:locale\" content=\"sk_SK\" \/>\n<meta property=\"og:type\" content=\"article\" \/>\n<meta property=\"og:title\" content=\"Kurz dokon\u010den\u00fd - Akad\u00e9mia lektorov\" \/>\n<meta property=\"og:description\" content=\"[et_pb_section fb_built=&#8220;1&#8243; _builder_version=&#8220;4.2.1&#8243; custom_padding=&#8220;0px||36px|||&#8220;][et_pb_row column_structure=&#8220;1_2,1_2&#8243; use_custom_gutter=&#8220;on&#8220; gutter_width=&#8220;1&#8243; _builder_version=&#8220;4.2.1&#8243;][et_pb_column type=&#8220;1_2&#8243; _builder_version=&#8220;4.2.1&#8243;][et_pb_divider show_divider=&#8220;off&#8220; _builder_version=&#8220;4.6.6&#8243; background_image=&#8220;https:\/\/www.akademialektorov.sk\/wp-content\/uploads\/2022\/11\/Kika-Uhnakova-1.jpeg&#8220; min_height=&#8220;500px&#8220; hover_enabled=&#8220;0&#8243; box_shadow_style=&#8220;preset4&#8243; box_shadow_horizontal=&#8220;26px&#8220; box_shadow_vertical=&#8220;30px&#8220; box_shadow_color=&#8220;#F0E7E8&#8243; title_text=&#8220;Kika Uhnakova-1&#8243; sticky_enabled=&#8220;0&#8243; border_color_all=&#8220;#f5eee8&#8243;][\/et_pb_divider][\/et_pb_column][et_pb_column type=&#8220;1_2&#8243; _builder_version=&#8220;4.2.1&#8243;][et_pb_cta title=&#8220;Hotovo! \ud83c\udf89&#8220; button_url=&#8220;https:\/\/forms.gle\/3nFdk3qAgriZiWhu5&#8243; button_text=&#8220;Vyplni\u0165 dotazn\u00edk&#8220; _builder_version=&#8220;4.6.6&#8243; header_font_size=&#8220;30px&#8220; header_letter_spacing=&#8220;2px&#8220; body_font_size=&#8220;15px&#8220; background_enable_color=&#8220;off&#8220; custom_button=&#8220;on&#8220; button_text_size=&#8220;16px&#8220; button_text_color=&#8220;#ffffff&#8220; button_bg_color=&#8220;#554C48&#8243; button_letter_spacing=&#8220;2px&#8220; background_layout=&#8220;light&#8220; min_height=&#8220;501px&#8220; custom_margin=&#8220;50px|||||&#8220; custom_padding=&#8220;31px|||||&#8220; hover_enabled=&#8220;0&#8243; box_shadow_style_button=&#8220;preset4&#8243; box_shadow_horizontal_button=&#8220;8px&#8220; box_shadow_vertical_button=&#8220;7px&#8220; box_shadow_color_button=&#8220;#f0e7e8&#8243; sticky_enabled=&#8220;0&#8243; url_new_window=&#8220;on&#8220;] Pr\u00e1ve si sa dostala [&hellip;]\" \/>\n<meta property=\"og:url\" content=\"https:\/\/akademialektorov.sk\/index.php\/course-completed\/\" \/>\n<meta property=\"og:site_name\" content=\"Akad\u00e9mia lektorov\" \/>\n<meta property=\"article:modified_time\" content=\"2022-11-17T09:21:08+00:00\" \/>\n<meta name=\"twitter:card\" content=\"summary_large_image\" \/>\n<meta name=\"twitter:label1\" content=\"Predpokladan\u00fd \u010das \u010d\u00edtania\" \/>\n\t<meta name=\"twitter:data1\" content=\"1 min\u00fata\" \/>\n<script type=\"application\/ld+json\" class=\"yoast-schema-graph\">{\"@context\":\"https:\/\/schema.org\",\"@graph\":[{\"@type\":\"WebPage\",\"@id\":\"https:\/\/akademialektorov.sk\/index.php\/course-completed\/\",\"url\":\"https:\/\/akademialektorov.sk\/index.php\/course-completed\/\",\"name\":\"Kurz dokon\u010den\u00fd - Akad\u00e9mia lektorov\",\"isPartOf\":{\"@id\":\"https:\/\/akademialektorov.sk\/#website\"},\"datePublished\":\"2022-11-01T18:57:05+00:00\",\"dateModified\":\"2022-11-17T09:21:08+00:00\",\"breadcrumb\":{\"@id\":\"https:\/\/akademialektorov.sk\/index.php\/course-completed\/#breadcrumb\"},\"inLanguage\":\"sk-SK\",\"potentialAction\":[{\"@type\":\"ReadAction\",\"target\":[\"https:\/\/akademialektorov.sk\/index.php\/course-completed\/\"]}]},{\"@type\":\"BreadcrumbList\",\"@id\":\"https:\/\/akademialektorov.sk\/index.php\/course-completed\/#breadcrumb\",\"itemListElement\":[{\"@type\":\"ListItem\",\"position\":1,\"name\":\"Domovsk\u00e1 str\u00e1nka\",\"item\":\"https:\/\/akademialektorov.sk\/\"},{\"@type\":\"ListItem\",\"position\":2,\"name\":\"Kurz dokon\u010den\u00fd\"}]},{\"@type\":\"WebSite\",\"@id\":\"https:\/\/akademialektorov.sk\/#website\",\"url\":\"https:\/\/akademialektorov.sk\/\",\"name\":\"Akad\u00e9mia lektorov\",\"description\":\"\",\"potentialAction\":[{\"@type\":\"SearchAction\",\"target\":{\"@type\":\"EntryPoint\",\"urlTemplate\":\"https:\/\/akademialektorov.sk\/?s={search_term_string}\"},\"query-input\":\"required name=search_term_string\"}],\"inLanguage\":\"sk-SK\"}]}<\/script>\n<!-- \/ Yoast SEO plugin. -->","yoast_head_json":{"title":"Kurz dokon\u010den\u00fd - Akad\u00e9mia lektorov","robots":{"index":"index","follow":"follow","max-snippet":"max-snippet:-1","max-image-preview":"max-image-preview:large","max-video-preview":"max-video-preview:-1"},"canonical":"https:\/\/akademialektorov.sk\/index.php\/course-completed\/","og_locale":"sk_SK","og_type":"article","og_title":"Kurz dokon\u010den\u00fd - Akad\u00e9mia lektorov","og_description":"[et_pb_section fb_built=&#8220;1&#8243; _builder_version=&#8220;4.2.1&#8243; custom_padding=&#8220;0px||36px|||&#8220;][et_pb_row column_structure=&#8220;1_2,1_2&#8243; use_custom_gutter=&#8220;on&#8220; gutter_width=&#8220;1&#8243; _builder_version=&#8220;4.2.1&#8243;][et_pb_column type=&#8220;1_2&#8243; _builder_version=&#8220;4.2.1&#8243;][et_pb_divider show_divider=&#8220;off&#8220; _builder_version=&#8220;4.6.6&#8243; background_image=&#8220;https:\/\/www.akademialektorov.sk\/wp-content\/uploads\/2022\/11\/Kika-Uhnakova-1.jpeg&#8220; min_height=&#8220;500px&#8220; hover_enabled=&#8220;0&#8243; box_shadow_style=&#8220;preset4&#8243; box_shadow_horizontal=&#8220;26px&#8220; box_shadow_vertical=&#8220;30px&#8220; box_shadow_color=&#8220;#F0E7E8&#8243; title_text=&#8220;Kika Uhnakova-1&#8243; sticky_enabled=&#8220;0&#8243; border_color_all=&#8220;#f5eee8&#8243;][\/et_pb_divider][\/et_pb_column][et_pb_column type=&#8220;1_2&#8243; _builder_version=&#8220;4.2.1&#8243;][et_pb_cta title=&#8220;Hotovo! \ud83c\udf89&#8220; button_url=&#8220;https:\/\/forms.gle\/3nFdk3qAgriZiWhu5&#8243; button_text=&#8220;Vyplni\u0165 dotazn\u00edk&#8220; _builder_version=&#8220;4.6.6&#8243; header_font_size=&#8220;30px&#8220; header_letter_spacing=&#8220;2px&#8220; body_font_size=&#8220;15px&#8220; background_enable_color=&#8220;off&#8220; custom_button=&#8220;on&#8220; button_text_size=&#8220;16px&#8220; button_text_color=&#8220;#ffffff&#8220; button_bg_color=&#8220;#554C48&#8243; button_letter_spacing=&#8220;2px&#8220; background_layout=&#8220;light&#8220; min_height=&#8220;501px&#8220; custom_margin=&#8220;50px|||||&#8220; custom_padding=&#8220;31px|||||&#8220; hover_enabled=&#8220;0&#8243; box_shadow_style_button=&#8220;preset4&#8243; box_shadow_horizontal_button=&#8220;8px&#8220; box_shadow_vertical_button=&#8220;7px&#8220; box_shadow_color_button=&#8220;#f0e7e8&#8243; sticky_enabled=&#8220;0&#8243; url_new_window=&#8220;on&#8220;] Pr\u00e1ve si sa dostala [&hellip;]","og_url":"https:\/\/akademialektorov.sk\/index.php\/course-completed\/","og_site_name":"Akad\u00e9mia lektorov","article_modified_time":"2022-11-17T09:21:08+00:00","twitter_card":"summary_large_image","twitter_misc":{"Predpokladan\u00fd \u010das \u010d\u00edtania":"1 min\u00fata"},"schema":{"@context":"https:\/\/schema.org","@graph":[{"@type":"WebPage","@id":"https:\/\/akademialektorov.sk\/index.php\/course-completed\/","url":"https:\/\/akademialektorov.sk\/index.php\/course-completed\/","name":"Kurz dokon\u010den\u00fd - Akad\u00e9mia lektorov","isPartOf":{"@id":"https:\/\/akademialektorov.sk\/#website"},"datePublished":"2022-11-01T18:57:05+00:00","dateModified":"2022-11-17T09:21:08+00:00","breadcrumb":{"@id":"https:\/\/akademialektorov.sk\/index.php\/course-completed\/#breadcrumb"},"inLanguage":"sk-SK","potentialAction":[{"@type":"ReadAction","target":["https:\/\/akademialektorov.sk\/index.php\/course-completed\/"]}]},{"@type":"BreadcrumbList","@id":"https:\/\/akademialektorov.sk\/index.php\/course-completed\/#breadcrumb","itemListElement":[{"@type":"ListItem","position":1,"name":"Domovsk\u00e1 str\u00e1nka","item":"https:\/\/akademialektorov.sk\/"},{"@type":"ListItem","position":2,"name":"Kurz dokon\u010den\u00fd"}]},{"@type":"WebSite","@id":"https:\/\/akademialektorov.sk\/#website","url":"https:\/\/akademialektorov.sk\/","name":"Akad\u00e9mia lektorov","description":"","potentialAction":[{"@type":"SearchAction","target":{"@type":"EntryPoint","urlTemplate":"https:\/\/akademialektorov.sk\/?s={search_term_string}"},"query-input":"required name=search_term_string"}],"inLanguage":"sk-SK"}]}},"jetpack_sharing_enabled":true,"_links":{"self":[{"href":"https:\/\/akademialektorov.sk\/index.php\/wp-json\/wp\/v2\/pages\/2368","targetHints":{"allow":["GET"]}}],"collection":[{"href":"https:\/\/akademialektorov.sk\/index.php\/wp-json\/wp\/v2\/pages"}],"about":[{"href":"https:\/\/akademialektorov.sk\/index.php\/wp-json\/wp\/v2\/types\/page"}],"author":[{"embeddable":true,"href":"https:\/\/akademialektorov.sk\/index.php\/wp-json\/wp\/v2\/users\/1"}],"replies":[{"embeddable":true,"href":"https:\/\/akademialektorov.sk\/index.php\/wp-json\/wp\/v2\/comments?post=2368"}],"version-history":[{"count":9,"href":"https:\/\/akademialektorov.sk\/index.php\/wp-json\/wp\/v2\/pages\/2368\/revisions"}],"predecessor-version":[{"id":2964,"href":"https:\/\/akademialektorov.sk\/index.php\/wp-json\/wp\/v2\/pages\/2368\/revisions\/2964"}],"wp:attachment":[{"href":"https:\/\/akademialektorov.sk\/index.php\/wp-json\/wp\/v2\/media?parent=2368"}],"curies":[{"name":"wp","href":"https:\/\/api.w.org\/{rel}","templated":true}]}}