{"id":280,"date":"2021-03-06T17:04:07","date_gmt":"2021-03-06T16:04:07","guid":{"rendered":"https:\/\/www.akademialektorov.sk\/index.php\/kosik\/"},"modified":"2022-11-17T09:34:04","modified_gmt":"2022-11-17T08:34:04","slug":"kosik","status":"publish","type":"page","link":"https:\/\/akademialektorov.sk\/index.php\/kosik\/","title":{"rendered":"Ko\u0161\u00edk"},"content":{"rendered":"[et_pb_section admin_label=&#8220;section&#8220;]\n\t\t\t[et_pb_row admin_label=&#8220;row&#8220;]\n\t\t\t\t[et_pb_column type=&#8220;4_4&#8243;][et_pb_text admin_label=&#8220;Text&#8220;]<div class=\"woocommerce\"><div class=\"woocommerce-notices-wrapper\"><\/div><div class=\"wc-empty-cart-message\">\n\t<div class=\"cart-empty woocommerce-info\" role=\"status\">\n\t\tV\u00e1\u0161 ko\u0161\u00edk je pr\u00e1zdny.\t<\/div>\n<\/div>\t<p class=\"return-to-shop\">\n\t\t<a class=\"button wc-backward\" href=\"https:\/\/akademialektorov.sk\/index.php\/shop-2\/\">\n\t\t\tVr\u00e1ti\u0165 sa do obchodu\t\t<\/a>\n\t<\/p>\n<\/div>\n[\/et_pb_text][\/et_pb_column]\n\t\t\t[\/et_pb_row]\n\t\t[\/et_pb_section]","protected":false},"excerpt":{"rendered":"<p>[et_pb_section admin_label=&#8220;section&#8220;] [et_pb_row admin_label=&#8220;row&#8220;] [et_pb_column type=&#8220;4_4&#8243;][et_pb_text admin_label=&#8220;Text&#8220;][\/et_pb_text][\/et_pb_column] [\/et_pb_row] [\/et_pb_section]<\/p>\n","protected":false},"author":1,"featured_media":0,"parent":0,"menu_order":0,"comment_status":"closed","ping_status":"closed","template":"","meta":{"_et_pb_use_builder":"on","_et_pb_old_content":"<!-- wp:shortcode -->[woocommerce_cart]<!-- \/wp:shortcode -->","_et_gb_content_width":"","footnotes":""},"class_list":["post-280","page","type-page","status-publish","hentry"],"yoast_head":"<!-- This site is optimized with the Yoast SEO plugin v22.7 - https:\/\/yoast.com\/wordpress\/plugins\/seo\/ -->\n<title>Ko\u0161\u00edk - Akad\u00e9mia lektorov<\/title>\n<meta name=\"robots\" content=\"index, follow, max-snippet:-1, max-image-preview:large, max-video-preview:-1\" \/>\n<link rel=\"canonical\" href=\"https:\/\/akademialektorov.sk\/index.php\/kosik\/\" \/>\n<meta property=\"og:locale\" content=\"sk_SK\" \/>\n<meta property=\"og:type\" content=\"article\" \/>\n<meta property=\"og:title\" content=\"Ko\u0161\u00edk - Akad\u00e9mia lektorov\" \/>\n<meta property=\"og:description\" content=\"[et_pb_section admin_label=&#8220;section&#8220;] [et_pb_row admin_label=&#8220;row&#8220;] [et_pb_column type=&#8220;4_4&#8243;][et_pb_text admin_label=&#8220;Text&#8220;][\/et_pb_text][\/et_pb_column] [\/et_pb_row] [\/et_pb_section]\" \/>\n<meta property=\"og:url\" content=\"https:\/\/akademialektorov.sk\/index.php\/kosik\/\" \/>\n<meta property=\"og:site_name\" content=\"Akad\u00e9mia lektorov\" \/>\n<meta property=\"article:modified_time\" content=\"2022-11-17T08:34:04+00:00\" \/>\n<meta name=\"twitter:card\" content=\"summary_large_image\" \/>\n<script type=\"application\/ld+json\" class=\"yoast-schema-graph\">{\"@context\":\"https:\/\/schema.org\",\"@graph\":[{\"@type\":\"WebPage\",\"@id\":\"https:\/\/akademialektorov.sk\/index.php\/kosik\/\",\"url\":\"https:\/\/akademialektorov.sk\/index.php\/kosik\/\",\"name\":\"Ko\u0161\u00edk - Akad\u00e9mia lektorov\",\"isPartOf\":{\"@id\":\"https:\/\/akademialektorov.sk\/#website\"},\"datePublished\":\"2021-03-06T16:04:07+00:00\",\"dateModified\":\"2022-11-17T08:34:04+00:00\",\"breadcrumb\":{\"@id\":\"https:\/\/akademialektorov.sk\/index.php\/kosik\/#breadcrumb\"},\"inLanguage\":\"sk-SK\",\"potentialAction\":[{\"@type\":\"ReadAction\",\"target\":[\"https:\/\/akademialektorov.sk\/index.php\/kosik\/\"]}]},{\"@type\":\"BreadcrumbList\",\"@id\":\"https:\/\/akademialektorov.sk\/index.php\/kosik\/#breadcrumb\",\"itemListElement\":[{\"@type\":\"ListItem\",\"position\":1,\"name\":\"Domovsk\u00e1 str\u00e1nka\",\"item\":\"https:\/\/akademialektorov.sk\/\"},{\"@type\":\"ListItem\",\"position\":2,\"name\":\"Ko\u0161\u00edk\"}]},{\"@type\":\"WebSite\",\"@id\":\"https:\/\/akademialektorov.sk\/#website\",\"url\":\"https:\/\/akademialektorov.sk\/\",\"name\":\"Akad\u00e9mia lektorov\",\"description\":\"\",\"potentialAction\":[{\"@type\":\"SearchAction\",\"target\":{\"@type\":\"EntryPoint\",\"urlTemplate\":\"https:\/\/akademialektorov.sk\/?s={search_term_string}\"},\"query-input\":\"required name=search_term_string\"}],\"inLanguage\":\"sk-SK\"}]}<\/script>\n<!-- \/ Yoast SEO plugin. -->","yoast_head_json":{"title":"Ko\u0161\u00edk - Akad\u00e9mia lektorov","robots":{"index":"index","follow":"follow","max-snippet":"max-snippet:-1","max-image-preview":"max-image-preview:large","max-video-preview":"max-video-preview:-1"},"canonical":"https:\/\/akademialektorov.sk\/index.php\/kosik\/","og_locale":"sk_SK","og_type":"article","og_title":"Ko\u0161\u00edk - Akad\u00e9mia lektorov","og_description":"[et_pb_section admin_label=&#8220;section&#8220;] [et_pb_row admin_label=&#8220;row&#8220;] [et_pb_column type=&#8220;4_4&#8243;][et_pb_text admin_label=&#8220;Text&#8220;][\/et_pb_text][\/et_pb_column] [\/et_pb_row] [\/et_pb_section]","og_url":"https:\/\/akademialektorov.sk\/index.php\/kosik\/","og_site_name":"Akad\u00e9mia lektorov","article_modified_time":"2022-11-17T08:34:04+00:00","twitter_card":"summary_large_image","schema":{"@context":"https:\/\/schema.org","@graph":[{"@type":"WebPage","@id":"https:\/\/akademialektorov.sk\/index.php\/kosik\/","url":"https:\/\/akademialektorov.sk\/index.php\/kosik\/","name":"Ko\u0161\u00edk - Akad\u00e9mia lektorov","isPartOf":{"@id":"https:\/\/akademialektorov.sk\/#website"},"datePublished":"2021-03-06T16:04:07+00:00","dateModified":"2022-11-17T08:34:04+00:00","breadcrumb":{"@id":"https:\/\/akademialektorov.sk\/index.php\/kosik\/#breadcrumb"},"inLanguage":"sk-SK","potentialAction":[{"@type":"ReadAction","target":["https:\/\/akademialektorov.sk\/index.php\/kosik\/"]}]},{"@type":"BreadcrumbList","@id":"https:\/\/akademialektorov.sk\/index.php\/kosik\/#breadcrumb","itemListElement":[{"@type":"ListItem","position":1,"name":"Domovsk\u00e1 str\u00e1nka","item":"https:\/\/akademialektorov.sk\/"},{"@type":"ListItem","position":2,"name":"Ko\u0161\u00edk"}]},{"@type":"WebSite","@id":"https:\/\/akademialektorov.sk\/#website","url":"https:\/\/akademialektorov.sk\/","name":"Akad\u00e9mia lektorov","description":"","potentialAction":[{"@type":"SearchAction","target":{"@type":"EntryPoint","urlTemplate":"https:\/\/akademialektorov.sk\/?s={search_term_string}"},"query-input":"required name=search_term_string"}],"inLanguage":"sk-SK"}]}},"jetpack_sharing_enabled":true,"_links":{"self":[{"href":"https:\/\/akademialektorov.sk\/index.php\/wp-json\/wp\/v2\/pages\/280","targetHints":{"allow":["GET"]}}],"collection":[{"href":"https:\/\/akademialektorov.sk\/index.php\/wp-json\/wp\/v2\/pages"}],"about":[{"href":"https:\/\/akademialektorov.sk\/index.php\/wp-json\/wp\/v2\/types\/page"}],"author":[{"embeddable":true,"href":"https:\/\/akademialektorov.sk\/index.php\/wp-json\/wp\/v2\/users\/1"}],"replies":[{"embeddable":true,"href":"https:\/\/akademialektorov.sk\/index.php\/wp-json\/wp\/v2\/comments?post=280"}],"version-history":[{"count":1,"href":"https:\/\/akademialektorov.sk\/index.php\/wp-json\/wp\/v2\/pages\/280\/revisions"}],"predecessor-version":[{"id":2957,"href":"https:\/\/akademialektorov.sk\/index.php\/wp-json\/wp\/v2\/pages\/280\/revisions\/2957"}],"wp:attachment":[{"href":"https:\/\/akademialektorov.sk\/index.php\/wp-json\/wp\/v2\/media?parent=280"}],"curies":[{"name":"wp","href":"https:\/\/api.w.org\/{rel}","templated":true}]}}