{"id":3,"date":"2020-07-07T18:01:53","date_gmt":"2020-07-07T16:01:53","guid":{"rendered":"https:\/\/www.akademialektorov.sk\/?page_id=3"},"modified":"2022-10-11T20:28:57","modified_gmt":"2022-10-11T18:28:57","slug":"ochrana-sukromia","status":"publish","type":"page","link":"https:\/\/akademialektorov.sk\/index.php\/ochrana-sukromia\/","title":{"rendered":"Z\u00e1sady ochrany osobn\u00fdch \u00fadajov"},"content":{"rendered":"[et_pb_section admin_label=&#8220;section&#8220;]\n\t\t\t[et_pb_row admin_label=&#8220;row&#8220;]\n\t\t\t\t[et_pb_column type=&#8220;4_4&#8243;][et_pb_text admin_label=&#8220;Text&#8220;]\n<div class=\"wp-block-group col-md-6 mx-auto\"><div class=\"wp-block-group__inner-container is-layout-flow wp-block-group-is-layout-flow\">\n<h3 class=\"wp-block-heading\">Kto sme<\/h3>\n\n\n\n<p>Webov\u00e9 str\u00e1nky www.akademialektorov.sk vlastn\u00ed a spravuje Krist\u00edna Uhn\u00e1kov\u00e1. V pr\u00edpade ot\u00e1zok o spracovan\u00ed a ochrane osobn\u00fdch \u00fadajov nap\u00ed\u0161te na &#8222;kristina@akademialektorov.sk&#8220;.<\/p>\n\n\n\n<div style=\"height:30px\" aria-hidden=\"true\" class=\"wp-block-spacer\"><\/div>\n\n\n\n<h3 class=\"wp-block-heading\">Ak\u00e9 osobn\u00e9 \u00fadaje z\u00edskavame a na \u010do ich pou\u017e\u00edvame<\/h3>\n\n\n\n<h4 class=\"wp-block-heading\">\u00dadaje zadan\u00e9 pri objedn\u00e1vke<\/h4>\n\n\n\n<p>Za \u00fa\u010delom vybavenia Va\u0161ej objedn\u00e1vky si od V\u00e1s p\u00fdtame osobn\u00e9 \u00fadaje ako meno, adresa, emailov\u00e1 adresa a telef\u00f3nne \u010d\u00edslo. Tieto \u00fadaje pou\u017e\u00edvame iba na nevyhnutn\u00fa komunik\u00e1ciu, faktur\u00e1ciu, realiz\u00e1ciu objedn\u00e1vky a poskytnutie zak\u00fapen\u00fdch slu\u017eieb.<\/p>\n\n\n\n<p>Va\u0161e \u00fadaje s\u00fa uchovan\u00e9 u poskytovate\u013eov:<\/p>\n\n\n\n<ul class=\"wp-block-list\"><li>Woocommerce<\/li><li>Ecomail.cz<\/li><\/ul>\n\n\n\n<div style=\"height:30px\" aria-hidden=\"true\" class=\"wp-block-spacer\"><\/div>\n\n\n\n<h4 class=\"wp-block-heading\">S\u00fabory cookies<\/h4>\n\n\n\n<p>Webstr\u00e1nky Akad\u00e9mie lektorov pou\u017e\u00edvaj\u00fa nevyhnutn\u00e9 cookies potrebn\u00e9 na spr\u00e1vne fungovanie webstr\u00e1nok a n\u00e1kupn\u00e9ho procesu a analytick\u00e9 cookies. Jedn\u00e1 sa o cookies slu\u017eieb:<\/p>\n\n\n\n<ul class=\"wp-block-list\"><li>&#8222;WordPress&#8220; (slu\u017eba mana\u017ementu webov\u00e9ho obsahu)<\/li><li>&#8222;Woocommerce&#8220; (slu\u017eba poskytuj\u00faca eshop pre WordPress)<\/li><li>Google Analytics<\/li><\/ul>\n\n\n\n<div style=\"height:30px\" aria-hidden=\"true\" class=\"wp-block-spacer\"><\/div>\n\n\n\n<h4 class=\"wp-block-heading\">Vlo\u017een\u00fd obsah z in\u00fdch webov\u00fdch str\u00e1nok<\/h4>\n\n\n\n<p>\u010cl\u00e1nky na tejto webovej str\u00e1nke m\u00f4\u017eu obsahova\u0165 vlo\u017een\u00fd obsah (napr. vide\u00e1, obr\u00e1zky, \u010dl\u00e1nky a podobne). Vlo\u017een\u00fd obsah z in\u00fdch str\u00e1nok sa chov\u00e1 rovnako, akoby n\u00e1v\u0161tevn\u00edk nav\u0161t\u00edvil in\u00fa webov\u00fa str\u00e1nku. <\/p>\n\n\n\n<p>Tieto webov\u00e9 str\u00e1nky m\u00f4\u017eu o v\u00e1s zbiera\u0165 osobn\u00e9 \u00fadaje, pou\u017e\u00edva\u0165 s\u00fabory cookies, vklada\u0165 tre\u0165o-strann\u00e9 sledovanie a monitorova\u0165 va\u0161u interakciu s vlo\u017een\u00fdm obsahom, vr\u00e1tanie sledovania va\u0161ej interakcie s vlo\u017een\u00fdm obsahom, ak na danej webovej str\u00e1nke m\u00e1te \u00fa\u010det a ste prihl\u00e1sen\u00fd. <\/p>\n\n\n\n<div style=\"height:30px\" aria-hidden=\"true\" class=\"wp-block-spacer\"><\/div>\n\n\n\n<h2 class=\"wp-block-heading\">Ak\u00e9 pr\u00e1va m\u00e1te nad svojimi \u00fadajmi<\/h2>\n\n\n\n<p>M\u00e1te pr\u00e1vo vy\u017eiada\u0165 si od n\u00e1s zoznam \u00fadajov, ktor\u00e9 o v\u00e1s uchov\u00e1vame. Taktie\u017e m\u00e1te pr\u00e1vo po\u017eiada\u0165 o ich zmazanie.<\/p>\n<\/div><\/div>\n[\/et_pb_text][\/et_pb_column]\n\t\t\t[\/et_pb_row]\n\t\t[\/et_pb_section]","protected":false},"excerpt":{"rendered":"<p>[et_pb_section admin_label=&#8220;section&#8220;] [et_pb_row admin_label=&#8220;row&#8220;] [et_pb_column type=&#8220;4_4&#8243;][et_pb_text admin_label=&#8220;Text&#8220;] Kto sme Webov\u00e9 str\u00e1nky www.akademialektorov.sk vlastn\u00ed a spravuje Krist\u00edna Uhn\u00e1kov\u00e1. V pr\u00edpade ot\u00e1zok o spracovan\u00ed a ochrane osobn\u00fdch \u00fadajov nap\u00ed\u0161te na &#8222;kristina@akademialektorov.sk&#8220;. Ak\u00e9 osobn\u00e9 \u00fadaje z\u00edskavame a na \u010do ich pou\u017e\u00edvame \u00dadaje zadan\u00e9 pri objedn\u00e1vke Za \u00fa\u010delom vybavenia Va\u0161ej objedn\u00e1vky si od V\u00e1s p\u00fdtame osobn\u00e9 \u00fadaje ako meno, [&hellip;]<\/p>\n","protected":false},"author":1,"featured_media":0,"parent":0,"menu_order":0,"comment_status":"closed","ping_status":"open","template":"","meta":{"_et_pb_use_builder":"on","_et_pb_old_content":"<!-- wp:group {\"className\":\"col-md-6 mx-auto\"} -->\n<div class=\"wp-block-group col-md-6 mx-auto\"><div class=\"wp-block-group__inner-container\"><!-- wp:heading {\"level\":3} -->\n<h3>Kto sme<\/h3>\n<!-- \/wp:heading -->\n\n<!-- wp:paragraph -->\n<p>Webov\u00e9 str\u00e1nky www.akademialektorov.sk vlastn\u00ed a spravuje Krist\u00edna Uhn\u00e1kov\u00e1. V pr\u00edpade ot\u00e1zok o spracovan\u00ed a ochrane osobn\u00fdch \u00fadajov nap\u00ed\u0161te na \"kristina@akademialektorov.sk\".<\/p>\n<!-- \/wp:paragraph -->\n\n<!-- wp:spacer {\"height\":30} -->\n<div style=\"height:30px\" aria-hidden=\"true\" class=\"wp-block-spacer\"><\/div>\n<!-- \/wp:spacer -->\n\n<!-- wp:heading {\"level\":3} -->\n<h3>Ak\u00e9 osobn\u00e9 \u00fadaje z\u00edskavame a na \u010do ich pou\u017e\u00edvame<\/h3>\n<!-- \/wp:heading -->\n\n<!-- wp:heading {\"level\":4} -->\n<h4>\u00dadaje zadan\u00e9 pri objedn\u00e1vke<\/h4>\n<!-- \/wp:heading -->\n\n<!-- wp:paragraph -->\n<p>Za \u00fa\u010delom vybavenia Va\u0161ej objedn\u00e1vky si od V\u00e1s p\u00fdtame osobn\u00e9 \u00fadaje ako meno, adresa, emailov\u00e1 adresa a telef\u00f3nne \u010d\u00edslo. Tieto \u00fadaje pou\u017e\u00edvame iba na nevyhnutn\u00fa komunik\u00e1ciu, faktur\u00e1ciu, realiz\u00e1ciu objedn\u00e1vky a poskytnutie zak\u00fapen\u00fdch slu\u017eieb.<\/p>\n<!-- \/wp:paragraph -->\n\n<!-- wp:paragraph -->\n<p>Va\u0161e \u00fadaje s\u00fa uchovan\u00e9 u poskytovate\u013eov:<\/p>\n<!-- \/wp:paragraph -->\n\n<!-- wp:list -->\n<ul><li>Woocommerce<\/li><li>Ecomail.cz<\/li><\/ul>\n<!-- \/wp:list -->\n\n<!-- wp:spacer {\"height\":30} -->\n<div style=\"height:30px\" aria-hidden=\"true\" class=\"wp-block-spacer\"><\/div>\n<!-- \/wp:spacer -->\n\n<!-- wp:heading {\"level\":4} -->\n<h4>S\u00fabory cookies<\/h4>\n<!-- \/wp:heading -->\n\n<!-- wp:paragraph -->\n<p>Webstr\u00e1nky Akad\u00e9mie lektorov pou\u017e\u00edvaj\u00fa nevyhnutn\u00e9 cookies potrebn\u00e9 na spr\u00e1vne fungovanie webstr\u00e1nok a n\u00e1kupn\u00e9ho procesu a analytick\u00e9 cookies. Jedn\u00e1 sa o cookies slu\u017eieb:<\/p>\n<!-- \/wp:paragraph -->\n\n<!-- wp:list -->\n<ul><li>\"Wordpress\" (slu\u017eba mana\u017ementu webov\u00e9ho obsahu)<\/li><li>\"Woocommerce\" (slu\u017eba poskytuj\u00faca eshop pre Wordpress)<\/li><li>Google Analytics<\/li><\/ul>\n<!-- \/wp:list -->\n\n<!-- wp:spacer {\"height\":30} -->\n<div style=\"height:30px\" aria-hidden=\"true\" class=\"wp-block-spacer\"><\/div>\n<!-- \/wp:spacer -->\n\n<!-- wp:heading {\"level\":4} -->\n<h4>Vlo\u017een\u00fd obsah z in\u00fdch webov\u00fdch str\u00e1nok<\/h4>\n<!-- \/wp:heading -->\n\n<!-- wp:paragraph -->\n<p>\u010cl\u00e1nky na tejto webovej str\u00e1nke m\u00f4\u017eu obsahova\u0165 vlo\u017een\u00fd obsah (napr. vide\u00e1, obr\u00e1zky, \u010dl\u00e1nky a podobne). Vlo\u017een\u00fd obsah z in\u00fdch str\u00e1nok sa chov\u00e1 rovnako, akoby n\u00e1v\u0161tevn\u00edk nav\u0161t\u00edvil in\u00fa webov\u00fa str\u00e1nku. <\/p>\n<!-- \/wp:paragraph -->\n\n<!-- wp:paragraph -->\n<p>Tieto webov\u00e9 str\u00e1nky m\u00f4\u017eu o v\u00e1s zbiera\u0165 osobn\u00e9 \u00fadaje, pou\u017e\u00edva\u0165 s\u00fabory cookies, vklada\u0165 tre\u0165o-strann\u00e9 sledovanie a monitorova\u0165 va\u0161u interakciu s vlo\u017een\u00fdm obsahom, vr\u00e1tanie sledovania va\u0161ej interakcie s vlo\u017een\u00fdm obsahom, ak na danej webovej str\u00e1nke m\u00e1te \u00fa\u010det a ste prihl\u00e1sen\u00fd. <\/p>\n<!-- \/wp:paragraph -->\n\n<!-- wp:spacer {\"height\":30} -->\n<div style=\"height:30px\" aria-hidden=\"true\" class=\"wp-block-spacer\"><\/div>\n<!-- \/wp:spacer -->\n\n<!-- wp:heading -->\n<h2>Ak\u00e9 pr\u00e1va m\u00e1te nad svojimi \u00fadajmi<\/h2>\n<!-- \/wp:heading -->\n\n<!-- wp:paragraph -->\n<p>M\u00e1te pr\u00e1vo vy\u017eiada\u0165 si od n\u00e1s zoznam \u00fadajov, ktor\u00e9 o v\u00e1s uchov\u00e1vame. Taktie\u017e m\u00e1te pr\u00e1vo po\u017eiada\u0165 o ich zmazanie.<\/p>\n<!-- \/wp:paragraph --><\/div><\/div>\n<!-- \/wp:group -->","_et_gb_content_width":"","footnotes":""},"class_list":["post-3","page","type-page","status-publish","hentry"],"yoast_head":"<!-- This site is optimized with the Yoast SEO plugin v22.7 - https:\/\/yoast.com\/wordpress\/plugins\/seo\/ -->\n<title>Z\u00e1sady ochrany osobn\u00fdch \u00fadajov - Akad\u00e9mia lektorov<\/title>\n<meta name=\"robots\" content=\"index, follow, max-snippet:-1, max-image-preview:large, max-video-preview:-1\" \/>\n<link rel=\"canonical\" href=\"https:\/\/akademialektorov.sk\/index.php\/ochrana-sukromia\/\" \/>\n<meta property=\"og:locale\" content=\"sk_SK\" \/>\n<meta property=\"og:type\" content=\"article\" \/>\n<meta property=\"og:title\" content=\"Z\u00e1sady ochrany osobn\u00fdch \u00fadajov - Akad\u00e9mia lektorov\" \/>\n<meta property=\"og:description\" content=\"[et_pb_section admin_label=&#8220;section&#8220;] [et_pb_row admin_label=&#8220;row&#8220;] [et_pb_column type=&#8220;4_4&#8243;][et_pb_text admin_label=&#8220;Text&#8220;] Kto sme Webov\u00e9 str\u00e1nky www.akademialektorov.sk vlastn\u00ed a spravuje Krist\u00edna Uhn\u00e1kov\u00e1. V pr\u00edpade ot\u00e1zok o spracovan\u00ed a ochrane osobn\u00fdch \u00fadajov nap\u00ed\u0161te na &#8222;kristina@akademialektorov.sk&#8220;. Ak\u00e9 osobn\u00e9 \u00fadaje z\u00edskavame a na \u010do ich pou\u017e\u00edvame \u00dadaje zadan\u00e9 pri objedn\u00e1vke Za \u00fa\u010delom vybavenia Va\u0161ej objedn\u00e1vky si od V\u00e1s p\u00fdtame osobn\u00e9 \u00fadaje ako meno, [&hellip;]\" \/>\n<meta property=\"og:url\" content=\"https:\/\/akademialektorov.sk\/index.php\/ochrana-sukromia\/\" \/>\n<meta property=\"og:site_name\" content=\"Akad\u00e9mia lektorov\" \/>\n<meta property=\"article:modified_time\" content=\"2022-10-11T18:28:57+00:00\" \/>\n<meta name=\"twitter:card\" content=\"summary_large_image\" \/>\n<meta name=\"twitter:label1\" content=\"Predpokladan\u00fd \u010das \u010d\u00edtania\" \/>\n\t<meta name=\"twitter:data1\" content=\"1 min\u00fata\" \/>\n<script type=\"application\/ld+json\" class=\"yoast-schema-graph\">{\"@context\":\"https:\/\/schema.org\",\"@graph\":[{\"@type\":\"WebPage\",\"@id\":\"https:\/\/akademialektorov.sk\/index.php\/ochrana-sukromia\/\",\"url\":\"https:\/\/akademialektorov.sk\/index.php\/ochrana-sukromia\/\",\"name\":\"Z\u00e1sady ochrany osobn\u00fdch \u00fadajov - Akad\u00e9mia lektorov\",\"isPartOf\":{\"@id\":\"https:\/\/akademialektorov.sk\/#website\"},\"datePublished\":\"2020-07-07T16:01:53+00:00\",\"dateModified\":\"2022-10-11T18:28:57+00:00\",\"breadcrumb\":{\"@id\":\"https:\/\/akademialektorov.sk\/index.php\/ochrana-sukromia\/#breadcrumb\"},\"inLanguage\":\"sk-SK\",\"potentialAction\":[{\"@type\":\"ReadAction\",\"target\":[\"https:\/\/akademialektorov.sk\/index.php\/ochrana-sukromia\/\"]}]},{\"@type\":\"BreadcrumbList\",\"@id\":\"https:\/\/akademialektorov.sk\/index.php\/ochrana-sukromia\/#breadcrumb\",\"itemListElement\":[{\"@type\":\"ListItem\",\"position\":1,\"name\":\"Domovsk\u00e1 str\u00e1nka\",\"item\":\"https:\/\/akademialektorov.sk\/\"},{\"@type\":\"ListItem\",\"position\":2,\"name\":\"Z\u00e1sady ochrany osobn\u00fdch \u00fadajov\"}]},{\"@type\":\"WebSite\",\"@id\":\"https:\/\/akademialektorov.sk\/#website\",\"url\":\"https:\/\/akademialektorov.sk\/\",\"name\":\"Akad\u00e9mia lektorov\",\"description\":\"\",\"potentialAction\":[{\"@type\":\"SearchAction\",\"target\":{\"@type\":\"EntryPoint\",\"urlTemplate\":\"https:\/\/akademialektorov.sk\/?s={search_term_string}\"},\"query-input\":\"required name=search_term_string\"}],\"inLanguage\":\"sk-SK\"}]}<\/script>\n<!-- \/ Yoast SEO plugin. -->","yoast_head_json":{"title":"Z\u00e1sady ochrany osobn\u00fdch \u00fadajov - Akad\u00e9mia lektorov","robots":{"index":"index","follow":"follow","max-snippet":"max-snippet:-1","max-image-preview":"max-image-preview:large","max-video-preview":"max-video-preview:-1"},"canonical":"https:\/\/akademialektorov.sk\/index.php\/ochrana-sukromia\/","og_locale":"sk_SK","og_type":"article","og_title":"Z\u00e1sady ochrany osobn\u00fdch \u00fadajov - Akad\u00e9mia lektorov","og_description":"[et_pb_section admin_label=&#8220;section&#8220;] [et_pb_row admin_label=&#8220;row&#8220;] [et_pb_column type=&#8220;4_4&#8243;][et_pb_text admin_label=&#8220;Text&#8220;] Kto sme Webov\u00e9 str\u00e1nky www.akademialektorov.sk vlastn\u00ed a spravuje Krist\u00edna Uhn\u00e1kov\u00e1. V pr\u00edpade ot\u00e1zok o spracovan\u00ed a ochrane osobn\u00fdch \u00fadajov nap\u00ed\u0161te na &#8222;kristina@akademialektorov.sk&#8220;. Ak\u00e9 osobn\u00e9 \u00fadaje z\u00edskavame a na \u010do ich pou\u017e\u00edvame \u00dadaje zadan\u00e9 pri objedn\u00e1vke Za \u00fa\u010delom vybavenia Va\u0161ej objedn\u00e1vky si od V\u00e1s p\u00fdtame osobn\u00e9 \u00fadaje ako meno, [&hellip;]","og_url":"https:\/\/akademialektorov.sk\/index.php\/ochrana-sukromia\/","og_site_name":"Akad\u00e9mia lektorov","article_modified_time":"2022-10-11T18:28:57+00:00","twitter_card":"summary_large_image","twitter_misc":{"Predpokladan\u00fd \u010das \u010d\u00edtania":"1 min\u00fata"},"schema":{"@context":"https:\/\/schema.org","@graph":[{"@type":"WebPage","@id":"https:\/\/akademialektorov.sk\/index.php\/ochrana-sukromia\/","url":"https:\/\/akademialektorov.sk\/index.php\/ochrana-sukromia\/","name":"Z\u00e1sady ochrany osobn\u00fdch \u00fadajov - Akad\u00e9mia lektorov","isPartOf":{"@id":"https:\/\/akademialektorov.sk\/#website"},"datePublished":"2020-07-07T16:01:53+00:00","dateModified":"2022-10-11T18:28:57+00:00","breadcrumb":{"@id":"https:\/\/akademialektorov.sk\/index.php\/ochrana-sukromia\/#breadcrumb"},"inLanguage":"sk-SK","potentialAction":[{"@type":"ReadAction","target":["https:\/\/akademialektorov.sk\/index.php\/ochrana-sukromia\/"]}]},{"@type":"BreadcrumbList","@id":"https:\/\/akademialektorov.sk\/index.php\/ochrana-sukromia\/#breadcrumb","itemListElement":[{"@type":"ListItem","position":1,"name":"Domovsk\u00e1 str\u00e1nka","item":"https:\/\/akademialektorov.sk\/"},{"@type":"ListItem","position":2,"name":"Z\u00e1sady ochrany osobn\u00fdch \u00fadajov"}]},{"@type":"WebSite","@id":"https:\/\/akademialektorov.sk\/#website","url":"https:\/\/akademialektorov.sk\/","name":"Akad\u00e9mia lektorov","description":"","potentialAction":[{"@type":"SearchAction","target":{"@type":"EntryPoint","urlTemplate":"https:\/\/akademialektorov.sk\/?s={search_term_string}"},"query-input":"required name=search_term_string"}],"inLanguage":"sk-SK"}]}},"jetpack_sharing_enabled":true,"_links":{"self":[{"href":"https:\/\/akademialektorov.sk\/index.php\/wp-json\/wp\/v2\/pages\/3","targetHints":{"allow":["GET"]}}],"collection":[{"href":"https:\/\/akademialektorov.sk\/index.php\/wp-json\/wp\/v2\/pages"}],"about":[{"href":"https:\/\/akademialektorov.sk\/index.php\/wp-json\/wp\/v2\/types\/page"}],"author":[{"embeddable":true,"href":"https:\/\/akademialektorov.sk\/index.php\/wp-json\/wp\/v2\/users\/1"}],"replies":[{"embeddable":true,"href":"https:\/\/akademialektorov.sk\/index.php\/wp-json\/wp\/v2\/comments?post=3"}],"version-history":[{"count":4,"href":"https:\/\/akademialektorov.sk\/index.php\/wp-json\/wp\/v2\/pages\/3\/revisions"}],"predecessor-version":[{"id":2314,"href":"https:\/\/akademialektorov.sk\/index.php\/wp-json\/wp\/v2\/pages\/3\/revisions\/2314"}],"wp:attachment":[{"href":"https:\/\/akademialektorov.sk\/index.php\/wp-json\/wp\/v2\/media?parent=3"}],"curies":[{"name":"wp","href":"https:\/\/api.w.org\/{rel}","templated":true}]}}