{"id":3023,"date":"2022-11-19T16:45:45","date_gmt":"2022-11-19T15:45:45","guid":{"rendered":"https:\/\/www.akademialektorov.sk\/?page_id=3023"},"modified":"2022-11-19T17:41:58","modified_gmt":"2022-11-19T16:41:58","slug":"clenska-sekcia","status":"publish","type":"page","link":"https:\/\/akademialektorov.sk\/index.php\/clenska-sekcia\/","title":{"rendered":"\u010clensk\u00e1 sekcia"},"content":{"rendered":"<p>[et_pb_section fb_built=&#8220;1&#8243; _builder_version=&#8220;4.6.6&#8243; _module_preset=&#8220;default&#8220;][et_pb_row column_structure=&#8220;1_2,1_2&#8243; _builder_version=&#8220;4.6.6&#8243; _module_preset=&#8220;default&#8220; width=&#8220;40%&#8220; width_tablet=&#8220;&#8220; width_phone=&#8220;&#8220; width_last_edited=&#8220;on|desktop&#8220; module_alignment=&#8220;center&#8220;][et_pb_column type=&#8220;1_2&#8243; _builder_version=&#8220;4.6.6&#8243; _module_preset=&#8220;default&#8220;][et_pb_button button_url=&#8220;https:\/\/www.akademialektorov.sk\/index.php\/moj-ucet\/&#8220; button_text=&#8220;Nastavenie \u00fa\u010dtu&#8220; button_alignment=&#8220;center&#8220; _builder_version=&#8220;4.6.6&#8243; _module_preset=&#8220;default&#8220; custom_button=&#8220;on&#8220; button_text_color=&#8220;#000000&#8243; button_bg_color=&#8220;rgba(0,0,0,0)&#8220; button_border_color=&#8220;#000000&#8243; button_use_icon=&#8220;off&#8220; custom_margin=&#8220;0px||5px||false|false&#8220; button_text_size_last_edited=&#8220;off|desktop&#8220; button_text_size__hover_enabled=&#8220;off|hover&#8220; button_text_color__hover_enabled=&#8220;off|desktop&#8220; button_bg_color__hover_enabled=&#8220;on|desktop&#8220; button_border_width__hover_enabled=&#8220;on|hover&#8220; button_border_width__hover=&#8220;2px&#8220; button_bg_color__hover=&#8220;#f5eee8&#8243; button_bg_enable_color__hover=&#8220;on&#8220;][\/et_pb_button][et_pb_text _builder_version=&#8220;4.6.6&#8243; _module_preset=&#8220;default&#8220; text_text_color=&#8220;rgba(0,0,0,0.6)&#8220; text_orientation=&#8220;center&#8220;]<\/p>\n<p style=\"text-align: center;\">Tu si m\u00f4\u017ee\u0161 zmeni\u0165 email, heslo a in\u00e9<\/p>\n<p>[\/et_pb_text][\/et_pb_column][et_pb_column type=&#8220;1_2&#8243; _builder_version=&#8220;4.6.6&#8243; _module_preset=&#8220;default&#8220;][et_pb_button button_url=&#8220;https:\/\/www.akademialektorov.sk\/index.php\/moje-kurzy\/&#8220; button_text=&#8220;Kurzy a programy&#8220; button_alignment=&#8220;center&#8220; _builder_version=&#8220;4.6.6&#8243; _module_preset=&#8220;default&#8220; custom_button=&#8220;on&#8220; button_text_color=&#8220;#ffffff&#8220; button_bg_color=&#8220;#d09258&#8243; button_border_color=&#8220;#000000&#8243; button_use_icon=&#8220;off&#8220; custom_margin=&#8220;0px||5px||false|false&#8220; button_text_color__hover_enabled=&#8220;on|hover&#8220; button_bg_color__hover_enabled=&#8220;on|hover&#8220; button_bg_color__hover=&#8220;#8a2650&#8243; button_bg_enable_color__hover=&#8220;on&#8220;][\/et_pb_button][et_pb_text _builder_version=&#8220;4.6.6&#8243; _module_preset=&#8220;default&#8220; text_text_color=&#8220;rgba(0,0,0,0.6)&#8220; hover_enabled=&#8220;0&#8243; sticky_enabled=&#8220;0&#8243;]<\/p>\n<p style=\"text-align: center;\">Pr\u00edstup k Tvojim digit\u00e1lnym produktom<\/p>\n<p>[\/et_pb_text][\/et_pb_column][\/et_pb_row][et_pb_row _builder_version=&#8220;4.6.6&#8243; _module_preset=&#8220;default&#8220;][et_pb_column type=&#8220;4_4&#8243; _builder_version=&#8220;4.6.6&#8243; _module_preset=&#8220;default&#8220;][et_pb_divider color=&#8220;#d2a184&#8243; divider_position=&#8220;bottom&#8220; _builder_version=&#8220;4.6.6&#8243; _module_preset=&#8220;default&#8220; width=&#8220;50%&#8220; module_alignment=&#8220;center&#8220;][\/et_pb_divider][\/et_pb_column][\/et_pb_row][et_pb_row use_custom_gutter=&#8220;on&#8220; _builder_version=&#8220;4.6.6&#8243; _module_preset=&#8220;default&#8220; width=&#8220;100%&#8220; module_alignment=&#8220;center&#8220;][et_pb_column type=&#8220;4_4&#8243; _builder_version=&#8220;4.6.6&#8243; _module_preset=&#8220;default&#8220;][et_pb_text _builder_version=&#8220;4.6.6&#8243; _module_preset=&#8220;default&#8220; text_font_size=&#8220;16px&#8220; text_orientation=&#8220;center&#8220; width=&#8220;50%&#8220; width_tablet=&#8220;80%&#8220; width_phone=&#8220;80%&#8220; width_last_edited=&#8220;on|phone&#8220; module_alignment=&#8220;center&#8220; hover_enabled=&#8220;0&#8243; sticky_enabled=&#8220;0&#8243;]<\/p>\n<p style=\"text-align: center;\">Ak e\u0161te nem\u00e1\u0161 pr\u00edstup do \u010dlenskej sekcie a prem\u00fd\u0161\u013ea\u0161, kam \u010falej posun\u00fa\u0165 Tvoje lektorsk\u00e9 podnikanie,<br \/> kurz <span style=\"text-decoration: underline;\"><a href=\"https:\/\/www.akademialektorov.sk\/?page_id=2465\" target=\"_blank\" rel=\"noopener noreferrer\" title=\"Kurz Strat\u00e9gia lektorskej zna\u010dky\">&#8222;Strat\u00e9gia lektorskej zna\u010dky&#8220;<\/a><\/span> m\u00f4\u017ee by\u0165 t\u00fdm spr\u00e1vnym za\u010diatkom.<\/p>\n<p style=\"text-align: center;\">Ak chce\u0161 podnika\u0165 v lektorstve udr\u017eate\u013ene, poskytova\u0165 \u0161tudentom \u0161pi\u010dkov\u00fa starostlivos\u0165 a tvori\u0165 zmyslupln\u00e9 produkty, ktor\u00e9 bud\u00fa fungova\u0165 dlhodobo a \u010diasto\u010dne samostatne,\u00a0<span style=\"text-decoration: underline;\"><a href=\"https:\/\/www.akademialektorov.sk\/?page_id=2023\">program \u00daspe\u0161n\u00fd lektor<\/a><\/span> je pre Teba. \ud83d\ude80<\/p>\n<p>[\/et_pb_text][\/et_pb_column][\/et_pb_row][\/et_pb_section][et_pb_section fb_built=&#8220;1&#8243; _builder_version=&#8220;4.6.6&#8243; _module_preset=&#8220;default&#8220; global_module=&#8220;3015&#8243;][et_pb_row _builder_version=&#8220;4.6.6&#8243; _module_preset=&#8220;default&#8220;][et_pb_column type=&#8220;4_4&#8243; _builder_version=&#8220;4.6.6&#8243; _module_preset=&#8220;default&#8220;][et_pb_divider color=&#8220;#f5eee8&#8243; divider_position=&#8220;bottom&#8220; divider_weight=&#8220;1px&#8220; _builder_version=&#8220;4.6.6&#8243; _module_preset=&#8220;default&#8220; height=&#8220;50px&#8220;][\/et_pb_divider][et_pb_text _builder_version=&#8220;4.6.6&#8243; _module_preset=&#8220;default&#8220;]<\/p>\n<p style=\"text-align: center;\"><span style=\"color: #d09258;\"><a href=\"https:\/\/www.akademialektorov.sk\/\" title=\"Hlavn\u00e1 str\u00e1nka Akademialektorov.sk\" style=\"color: #d09258;\">Akademialektorov.sk<\/a><\/span><\/p>\n<p>[\/et_pb_text][\/et_pb_column][\/et_pb_row][\/et_pb_section]<\/p>\n","protected":false},"excerpt":{"rendered":"<p>[et_pb_section fb_built=&#8220;1&#8243; _builder_version=&#8220;4.6.6&#8243; _module_preset=&#8220;default&#8220;][et_pb_row column_structure=&#8220;1_2,1_2&#8243; _builder_version=&#8220;4.6.6&#8243; _module_preset=&#8220;default&#8220; width=&#8220;40%&#8220; width_tablet=&#8220;&#8220; width_phone=&#8220;&#8220; width_last_edited=&#8220;on|desktop&#8220; module_alignment=&#8220;center&#8220;][et_pb_column type=&#8220;1_2&#8243; _builder_version=&#8220;4.6.6&#8243; _module_preset=&#8220;default&#8220;][et_pb_button button_url=&#8220;https:\/\/www.akademialektorov.sk\/index.php\/moj-ucet\/&#8220; button_text=&#8220;Nastavenie \u00fa\u010dtu&#8220; button_alignment=&#8220;center&#8220; _builder_version=&#8220;4.6.6&#8243; _module_preset=&#8220;default&#8220; custom_button=&#8220;on&#8220; button_text_color=&#8220;#000000&#8243; button_bg_color=&#8220;rgba(0,0,0,0)&#8220; button_border_color=&#8220;#000000&#8243; button_use_icon=&#8220;off&#8220; custom_margin=&#8220;0px||5px||false|false&#8220; button_text_size_last_edited=&#8220;off|desktop&#8220; button_text_size__hover_enabled=&#8220;off|hover&#8220; button_text_color__hover_enabled=&#8220;off|desktop&#8220; button_bg_color__hover_enabled=&#8220;on|desktop&#8220; button_border_width__hover_enabled=&#8220;on|hover&#8220; button_border_width__hover=&#8220;2px&#8220; button_bg_color__hover=&#8220;#f5eee8&#8243; button_bg_enable_color__hover=&#8220;on&#8220;][\/et_pb_button][et_pb_text _builder_version=&#8220;4.6.6&#8243; _module_preset=&#8220;default&#8220; text_text_color=&#8220;rgba(0,0,0,0.6)&#8220; text_orientation=&#8220;center&#8220;] Tu si m\u00f4\u017ee\u0161 zmeni\u0165 email, heslo a in\u00e9 [\/et_pb_text][\/et_pb_column][et_pb_column type=&#8220;1_2&#8243; _builder_version=&#8220;4.6.6&#8243; _module_preset=&#8220;default&#8220;][et_pb_button button_url=&#8220;https:\/\/www.akademialektorov.sk\/index.php\/moje-kurzy\/&#8220; button_text=&#8220;Kurzy a programy&#8220; [&hellip;]<\/p>\n","protected":false},"author":1,"featured_media":0,"parent":0,"menu_order":0,"comment_status":"closed","ping_status":"closed","template":"","meta":{"_et_pb_use_builder":"on","_et_pb_old_content":"<!-- wp:buttons {\"layout\":{\"type\":\"flex\",\"justifyContent\":\"center\"}} -->\n<div class=\"wp-block-buttons\"><\/div>\n<!-- \/wp:buttons -->","_et_gb_content_width":"","footnotes":""},"class_list":["post-3023","page","type-page","status-publish","hentry"],"yoast_head":"<!-- This site is optimized with the Yoast SEO plugin v22.7 - https:\/\/yoast.com\/wordpress\/plugins\/seo\/ -->\n<title>\u010clensk\u00e1 sekcia - Akad\u00e9mia lektorov<\/title>\n<meta name=\"robots\" content=\"index, follow, max-snippet:-1, max-image-preview:large, max-video-preview:-1\" \/>\n<link rel=\"canonical\" href=\"https:\/\/akademialektorov.sk\/index.php\/clenska-sekcia\/\" \/>\n<meta property=\"og:locale\" content=\"sk_SK\" \/>\n<meta property=\"og:type\" content=\"article\" \/>\n<meta property=\"og:title\" content=\"\u010clensk\u00e1 sekcia - Akad\u00e9mia lektorov\" \/>\n<meta property=\"og:description\" content=\"[et_pb_section fb_built=&#8220;1&#8243; _builder_version=&#8220;4.6.6&#8243; _module_preset=&#8220;default&#8220;][et_pb_row column_structure=&#8220;1_2,1_2&#8243; _builder_version=&#8220;4.6.6&#8243; _module_preset=&#8220;default&#8220; width=&#8220;40%&#8220; width_tablet=&#8220;&#8220; width_phone=&#8220;&#8220; width_last_edited=&#8220;on|desktop&#8220; module_alignment=&#8220;center&#8220;][et_pb_column type=&#8220;1_2&#8243; _builder_version=&#8220;4.6.6&#8243; _module_preset=&#8220;default&#8220;][et_pb_button button_url=&#8220;https:\/\/www.akademialektorov.sk\/index.php\/moj-ucet\/&#8220; button_text=&#8220;Nastavenie \u00fa\u010dtu&#8220; button_alignment=&#8220;center&#8220; _builder_version=&#8220;4.6.6&#8243; _module_preset=&#8220;default&#8220; custom_button=&#8220;on&#8220; button_text_color=&#8220;#000000&#8243; button_bg_color=&#8220;rgba(0,0,0,0)&#8220; button_border_color=&#8220;#000000&#8243; button_use_icon=&#8220;off&#8220; custom_margin=&#8220;0px||5px||false|false&#8220; button_text_size_last_edited=&#8220;off|desktop&#8220; button_text_size__hover_enabled=&#8220;off|hover&#8220; button_text_color__hover_enabled=&#8220;off|desktop&#8220; button_bg_color__hover_enabled=&#8220;on|desktop&#8220; button_border_width__hover_enabled=&#8220;on|hover&#8220; button_border_width__hover=&#8220;2px&#8220; button_bg_color__hover=&#8220;#f5eee8&#8243; button_bg_enable_color__hover=&#8220;on&#8220;][\/et_pb_button][et_pb_text _builder_version=&#8220;4.6.6&#8243; _module_preset=&#8220;default&#8220; text_text_color=&#8220;rgba(0,0,0,0.6)&#8220; text_orientation=&#8220;center&#8220;] Tu si m\u00f4\u017ee\u0161 zmeni\u0165 email, heslo a in\u00e9 [\/et_pb_text][\/et_pb_column][et_pb_column type=&#8220;1_2&#8243; _builder_version=&#8220;4.6.6&#8243; _module_preset=&#8220;default&#8220;][et_pb_button button_url=&#8220;https:\/\/www.akademialektorov.sk\/index.php\/moje-kurzy\/&#8220; button_text=&#8220;Kurzy a programy&#8220; [&hellip;]\" \/>\n<meta property=\"og:url\" content=\"https:\/\/akademialektorov.sk\/index.php\/clenska-sekcia\/\" \/>\n<meta property=\"og:site_name\" content=\"Akad\u00e9mia lektorov\" \/>\n<meta property=\"article:modified_time\" content=\"2022-11-19T16:41:58+00:00\" \/>\n<meta name=\"twitter:card\" content=\"summary_large_image\" \/>\n<meta name=\"twitter:label1\" content=\"Predpokladan\u00fd \u010das \u010d\u00edtania\" \/>\n\t<meta name=\"twitter:data1\" content=\"2 min\u00faty\" \/>\n<script type=\"application\/ld+json\" class=\"yoast-schema-graph\">{\"@context\":\"https:\/\/schema.org\",\"@graph\":[{\"@type\":\"WebPage\",\"@id\":\"https:\/\/akademialektorov.sk\/index.php\/clenska-sekcia\/\",\"url\":\"https:\/\/akademialektorov.sk\/index.php\/clenska-sekcia\/\",\"name\":\"\u010clensk\u00e1 sekcia - Akad\u00e9mia lektorov\",\"isPartOf\":{\"@id\":\"https:\/\/akademialektorov.sk\/#website\"},\"datePublished\":\"2022-11-19T15:45:45+00:00\",\"dateModified\":\"2022-11-19T16:41:58+00:00\",\"breadcrumb\":{\"@id\":\"https:\/\/akademialektorov.sk\/index.php\/clenska-sekcia\/#breadcrumb\"},\"inLanguage\":\"sk-SK\",\"potentialAction\":[{\"@type\":\"ReadAction\",\"target\":[\"https:\/\/akademialektorov.sk\/index.php\/clenska-sekcia\/\"]}]},{\"@type\":\"BreadcrumbList\",\"@id\":\"https:\/\/akademialektorov.sk\/index.php\/clenska-sekcia\/#breadcrumb\",\"itemListElement\":[{\"@type\":\"ListItem\",\"position\":1,\"name\":\"Domovsk\u00e1 str\u00e1nka\",\"item\":\"https:\/\/akademialektorov.sk\/\"},{\"@type\":\"ListItem\",\"position\":2,\"name\":\"\u010clensk\u00e1 sekcia\"}]},{\"@type\":\"WebSite\",\"@id\":\"https:\/\/akademialektorov.sk\/#website\",\"url\":\"https:\/\/akademialektorov.sk\/\",\"name\":\"Akad\u00e9mia lektorov\",\"description\":\"\",\"potentialAction\":[{\"@type\":\"SearchAction\",\"target\":{\"@type\":\"EntryPoint\",\"urlTemplate\":\"https:\/\/akademialektorov.sk\/?s={search_term_string}\"},\"query-input\":\"required name=search_term_string\"}],\"inLanguage\":\"sk-SK\"}]}<\/script>\n<!-- \/ Yoast SEO plugin. -->","yoast_head_json":{"title":"\u010clensk\u00e1 sekcia - Akad\u00e9mia lektorov","robots":{"index":"index","follow":"follow","max-snippet":"max-snippet:-1","max-image-preview":"max-image-preview:large","max-video-preview":"max-video-preview:-1"},"canonical":"https:\/\/akademialektorov.sk\/index.php\/clenska-sekcia\/","og_locale":"sk_SK","og_type":"article","og_title":"\u010clensk\u00e1 sekcia - Akad\u00e9mia lektorov","og_description":"[et_pb_section fb_built=&#8220;1&#8243; _builder_version=&#8220;4.6.6&#8243; _module_preset=&#8220;default&#8220;][et_pb_row column_structure=&#8220;1_2,1_2&#8243; _builder_version=&#8220;4.6.6&#8243; _module_preset=&#8220;default&#8220; width=&#8220;40%&#8220; width_tablet=&#8220;&#8220; width_phone=&#8220;&#8220; width_last_edited=&#8220;on|desktop&#8220; module_alignment=&#8220;center&#8220;][et_pb_column type=&#8220;1_2&#8243; _builder_version=&#8220;4.6.6&#8243; _module_preset=&#8220;default&#8220;][et_pb_button button_url=&#8220;https:\/\/www.akademialektorov.sk\/index.php\/moj-ucet\/&#8220; button_text=&#8220;Nastavenie \u00fa\u010dtu&#8220; button_alignment=&#8220;center&#8220; _builder_version=&#8220;4.6.6&#8243; _module_preset=&#8220;default&#8220; custom_button=&#8220;on&#8220; button_text_color=&#8220;#000000&#8243; button_bg_color=&#8220;rgba(0,0,0,0)&#8220; button_border_color=&#8220;#000000&#8243; button_use_icon=&#8220;off&#8220; custom_margin=&#8220;0px||5px||false|false&#8220; button_text_size_last_edited=&#8220;off|desktop&#8220; button_text_size__hover_enabled=&#8220;off|hover&#8220; button_text_color__hover_enabled=&#8220;off|desktop&#8220; button_bg_color__hover_enabled=&#8220;on|desktop&#8220; button_border_width__hover_enabled=&#8220;on|hover&#8220; button_border_width__hover=&#8220;2px&#8220; button_bg_color__hover=&#8220;#f5eee8&#8243; button_bg_enable_color__hover=&#8220;on&#8220;][\/et_pb_button][et_pb_text _builder_version=&#8220;4.6.6&#8243; _module_preset=&#8220;default&#8220; text_text_color=&#8220;rgba(0,0,0,0.6)&#8220; text_orientation=&#8220;center&#8220;] Tu si m\u00f4\u017ee\u0161 zmeni\u0165 email, heslo a in\u00e9 [\/et_pb_text][\/et_pb_column][et_pb_column type=&#8220;1_2&#8243; _builder_version=&#8220;4.6.6&#8243; _module_preset=&#8220;default&#8220;][et_pb_button button_url=&#8220;https:\/\/www.akademialektorov.sk\/index.php\/moje-kurzy\/&#8220; button_text=&#8220;Kurzy a programy&#8220; [&hellip;]","og_url":"https:\/\/akademialektorov.sk\/index.php\/clenska-sekcia\/","og_site_name":"Akad\u00e9mia lektorov","article_modified_time":"2022-11-19T16:41:58+00:00","twitter_card":"summary_large_image","twitter_misc":{"Predpokladan\u00fd \u010das \u010d\u00edtania":"2 min\u00faty"},"schema":{"@context":"https:\/\/schema.org","@graph":[{"@type":"WebPage","@id":"https:\/\/akademialektorov.sk\/index.php\/clenska-sekcia\/","url":"https:\/\/akademialektorov.sk\/index.php\/clenska-sekcia\/","name":"\u010clensk\u00e1 sekcia - Akad\u00e9mia lektorov","isPartOf":{"@id":"https:\/\/akademialektorov.sk\/#website"},"datePublished":"2022-11-19T15:45:45+00:00","dateModified":"2022-11-19T16:41:58+00:00","breadcrumb":{"@id":"https:\/\/akademialektorov.sk\/index.php\/clenska-sekcia\/#breadcrumb"},"inLanguage":"sk-SK","potentialAction":[{"@type":"ReadAction","target":["https:\/\/akademialektorov.sk\/index.php\/clenska-sekcia\/"]}]},{"@type":"BreadcrumbList","@id":"https:\/\/akademialektorov.sk\/index.php\/clenska-sekcia\/#breadcrumb","itemListElement":[{"@type":"ListItem","position":1,"name":"Domovsk\u00e1 str\u00e1nka","item":"https:\/\/akademialektorov.sk\/"},{"@type":"ListItem","position":2,"name":"\u010clensk\u00e1 sekcia"}]},{"@type":"WebSite","@id":"https:\/\/akademialektorov.sk\/#website","url":"https:\/\/akademialektorov.sk\/","name":"Akad\u00e9mia lektorov","description":"","potentialAction":[{"@type":"SearchAction","target":{"@type":"EntryPoint","urlTemplate":"https:\/\/akademialektorov.sk\/?s={search_term_string}"},"query-input":"required name=search_term_string"}],"inLanguage":"sk-SK"}]}},"jetpack_sharing_enabled":true,"_links":{"self":[{"href":"https:\/\/akademialektorov.sk\/index.php\/wp-json\/wp\/v2\/pages\/3023","targetHints":{"allow":["GET"]}}],"collection":[{"href":"https:\/\/akademialektorov.sk\/index.php\/wp-json\/wp\/v2\/pages"}],"about":[{"href":"https:\/\/akademialektorov.sk\/index.php\/wp-json\/wp\/v2\/types\/page"}],"author":[{"embeddable":true,"href":"https:\/\/akademialektorov.sk\/index.php\/wp-json\/wp\/v2\/users\/1"}],"replies":[{"embeddable":true,"href":"https:\/\/akademialektorov.sk\/index.php\/wp-json\/wp\/v2\/comments?post=3023"}],"version-history":[{"count":12,"href":"https:\/\/akademialektorov.sk\/index.php\/wp-json\/wp\/v2\/pages\/3023\/revisions"}],"predecessor-version":[{"id":3044,"href":"https:\/\/akademialektorov.sk\/index.php\/wp-json\/wp\/v2\/pages\/3023\/revisions\/3044"}],"wp:attachment":[{"href":"https:\/\/akademialektorov.sk\/index.php\/wp-json\/wp\/v2\/media?parent=3023"}],"curies":[{"name":"wp","href":"https:\/\/api.w.org\/{rel}","templated":true}]}}