{"id":2621,"date":"2022-11-08T17:05:11","date_gmt":"2022-11-08T16:05:11","guid":{"rendered":"https:\/\/www.akademialektorov.sk\/?post_type=product&#038;p=2621"},"modified":"2024-07-01T00:20:19","modified_gmt":"2024-06-30T22:20:19","slug":"kurz-strategia-lektorskej-znacky","status":"publish","type":"product","link":"https:\/\/akademialektorov.sk\/index.php\/produkt\/kurz-strategia-lektorskej-znacky\/","title":{"rendered":"Kurz Strat\u00e9gia lektorskej zna\u010dky"},"content":{"rendered":"<h4><strong>Kurz Strat\u00e9gia lektorskej zna\u010dky obsahuje:<\/strong><\/h4>\n<p>6-mesa\u010dn\u00fd vstup do \u010dlenskej sekcie, v ktorej n\u00e1jde\u0161 3 moduly, \u00a0ktor\u00e9 Ti pom\u00f4\u017eu<strong> napl\u00e1nova\u0165 si dlhodob\u00fa strat\u00e9giu Tvojej zna\u010dky. <\/strong>Ka\u017ed\u00fd modul sa sklad\u00e1 z videa a pracovn\u00e9ho zo\u0161ita.<\/p>\n<h4><strong>Obsah modulov:<\/strong><\/h4>\n<ul>\n<li>Modul 1: Poslanie a v\u00edzia, cie\u013eovka, prieskum trhu a detailn\u00e1 anal\u00fdza<\/li>\n<li>Modul 2: Insighty, marketingov\u00e1 persona a pr\u00edbeh Tvojej zna\u010dky<\/li>\n<li>Modul 3: Archetyp Tvojej zna\u010dky a komunika\u010dn\u00e9 prvky<\/li>\n<\/ul>\n<p>&nbsp;<\/p>\n<p><strong>D\u00f4le\u017eit\u00e9:<\/strong> Kurz Strat\u00e9gia lektorskej zna\u010dky bude vy\u017eadova\u0165 Tvoje <strong>akt\u00edvne zapojenie<\/strong>: \u010dak\u00e1 \u0164a zbieranie inform\u00e1ci\u00ed, anal\u00fdza, p\u00edsanie, prem\u00fd\u0161\u013eanie a tvorba. Ver\u00edm v\u0161ak, \u017ee tento proces \u0164a bude bavi\u0165, preto\u017ee okrem vide\u00ed s n\u00e1vodmi, uk\u00e1\u017ekami a in\u0161pir\u00e1ciou \u0164a poved\u00fa aj<strong>\u00a0kr\u00e1sne pracovn\u00e9 zo\u0161ity<\/strong>.<\/p>\n","protected":false},"excerpt":{"rendered":"<p>Kurz Strat\u00e9gia lektorskej zna\u010dky obsahuje: 6-mesa\u010dn\u00fd vstup do \u010dlenskej sekcie, v ktorej n\u00e1jde\u0161 3 moduly, \u00a0ktor\u00e9 Ti pom\u00f4\u017eu napl\u00e1nova\u0165 si dlhodob\u00fa strat\u00e9giu Tvojej zna\u010dky. Ka\u017ed\u00fd modul sa sklad\u00e1 z videa a pracovn\u00e9ho zo\u0161ita. Obsah modulov: Modul 1: Poslanie a v\u00edzia, cie\u013eovka, prieskum trhu a detailn\u00e1 anal\u00fdza Modul 2: Insighty, marketingov\u00e1 persona a pr\u00edbeh Tvojej zna\u010dky [&hellip;]<\/p>\n","protected":false},"featured_media":2900,"template":"","meta":{"_et_pb_use_builder":"","_et_pb_old_content":"","_et_gb_content_width":""},"product_brand":[],"product_cat":[41],"product_tag":[],"class_list":{"0":"post-2621","1":"product","2":"type-product","3":"status-publish","4":"has-post-thumbnail","6":"product_cat-kurzy","8":"first","9":"instock","10":"virtual","11":"sold-individually","12":"taxable","13":"purchasable","14":"product-type-simple"},"yoast_head":"<!-- This site is optimized with the Yoast SEO plugin v22.7 - https:\/\/yoast.com\/wordpress\/plugins\/seo\/ -->\n<title>Kurz Strat\u00e9gia lektorskej zna\u010dky - Akad\u00e9mia lektorov<\/title>\n<meta name=\"robots\" content=\"index, follow, max-snippet:-1, max-image-preview:large, max-video-preview:-1\" \/>\n<link rel=\"canonical\" href=\"https:\/\/akademialektorov.sk\/index.php\/produkt\/kurz-strategia-lektorskej-znacky\/\" \/>\n<meta property=\"og:locale\" content=\"sk_SK\" \/>\n<meta property=\"og:type\" content=\"article\" \/>\n<meta property=\"og:title\" content=\"Kurz Strat\u00e9gia lektorskej zna\u010dky - Akad\u00e9mia lektorov\" \/>\n<meta property=\"og:description\" content=\"Kurz Strat\u00e9gia lektorskej zna\u010dky obsahuje: 6-mesa\u010dn\u00fd vstup do \u010dlenskej sekcie, v ktorej n\u00e1jde\u0161 3 moduly, \u00a0ktor\u00e9 Ti pom\u00f4\u017eu napl\u00e1nova\u0165 si dlhodob\u00fa strat\u00e9giu Tvojej zna\u010dky. Ka\u017ed\u00fd modul sa sklad\u00e1 z videa a pracovn\u00e9ho zo\u0161ita. Obsah modulov: Modul 1: Poslanie a v\u00edzia, cie\u013eovka, prieskum trhu a detailn\u00e1 anal\u00fdza Modul 2: Insighty, marketingov\u00e1 persona a pr\u00edbeh Tvojej zna\u010dky [&hellip;]\" \/>\n<meta property=\"og:url\" content=\"https:\/\/akademialektorov.sk\/index.php\/produkt\/kurz-strategia-lektorskej-znacky\/\" \/>\n<meta property=\"og:site_name\" content=\"Akad\u00e9mia lektorov\" \/>\n<meta property=\"article:modified_time\" content=\"2024-06-30T22:20:19+00:00\" \/>\n<meta property=\"og:image\" content=\"https:\/\/akademialektorov.sk\/wp-content\/uploads\/2022\/11\/1-1.jpg\" \/>\n\t<meta property=\"og:image:width\" content=\"1620\" \/>\n\t<meta property=\"og:image:height\" content=\"1620\" \/>\n\t<meta property=\"og:image:type\" content=\"image\/jpeg\" \/>\n<meta name=\"twitter:card\" content=\"summary_large_image\" \/>\n<meta name=\"twitter:label1\" content=\"Predpokladan\u00fd \u010das \u010d\u00edtania\" \/>\n\t<meta name=\"twitter:data1\" content=\"1 min\u00fata\" \/>\n<script type=\"application\/ld+json\" class=\"yoast-schema-graph\">{\"@context\":\"https:\/\/schema.org\",\"@graph\":[{\"@type\":\"WebPage\",\"@id\":\"https:\/\/akademialektorov.sk\/index.php\/produkt\/kurz-strategia-lektorskej-znacky\/\",\"url\":\"https:\/\/akademialektorov.sk\/index.php\/produkt\/kurz-strategia-lektorskej-znacky\/\",\"name\":\"Kurz Strat\u00e9gia lektorskej zna\u010dky - Akad\u00e9mia lektorov\",\"isPartOf\":{\"@id\":\"https:\/\/akademialektorov.sk\/#website\"},\"primaryImageOfPage\":{\"@id\":\"https:\/\/akademialektorov.sk\/index.php\/produkt\/kurz-strategia-lektorskej-znacky\/#primaryimage\"},\"image\":{\"@id\":\"https:\/\/akademialektorov.sk\/index.php\/produkt\/kurz-strategia-lektorskej-znacky\/#primaryimage\"},\"thumbnailUrl\":\"https:\/\/akademialektorov.sk\/wp-content\/uploads\/2022\/11\/1-1.jpg\",\"datePublished\":\"2022-11-08T16:05:11+00:00\",\"dateModified\":\"2024-06-30T22:20:19+00:00\",\"breadcrumb\":{\"@id\":\"https:\/\/akademialektorov.sk\/index.php\/produkt\/kurz-strategia-lektorskej-znacky\/#breadcrumb\"},\"inLanguage\":\"sk-SK\",\"potentialAction\":[{\"@type\":\"ReadAction\",\"target\":[\"https:\/\/akademialektorov.sk\/index.php\/produkt\/kurz-strategia-lektorskej-znacky\/\"]}]},{\"@type\":\"ImageObject\",\"inLanguage\":\"sk-SK\",\"@id\":\"https:\/\/akademialektorov.sk\/index.php\/produkt\/kurz-strategia-lektorskej-znacky\/#primaryimage\",\"url\":\"https:\/\/akademialektorov.sk\/wp-content\/uploads\/2022\/11\/1-1.jpg\",\"contentUrl\":\"https:\/\/akademialektorov.sk\/wp-content\/uploads\/2022\/11\/1-1.jpg\",\"width\":1620,\"height\":1620},{\"@type\":\"BreadcrumbList\",\"@id\":\"https:\/\/akademialektorov.sk\/index.php\/produkt\/kurz-strategia-lektorskej-znacky\/#breadcrumb\",\"itemListElement\":[{\"@type\":\"ListItem\",\"position\":1,\"name\":\"Domovsk\u00e1 str\u00e1nka\",\"item\":\"https:\/\/akademialektorov.sk\/\"},{\"@type\":\"ListItem\",\"position\":2,\"name\":\"SHOP\",\"item\":\"https:\/\/akademialektorov.sk\/index.php\/shop-2\/\"},{\"@type\":\"ListItem\",\"position\":3,\"name\":\"Kurz Strat\u00e9gia lektorskej zna\u010dky\"}]},{\"@type\":\"WebSite\",\"@id\":\"https:\/\/akademialektorov.sk\/#website\",\"url\":\"https:\/\/akademialektorov.sk\/\",\"name\":\"Akad\u00e9mia lektorov\",\"description\":\"\",\"potentialAction\":[{\"@type\":\"SearchAction\",\"target\":{\"@type\":\"EntryPoint\",\"urlTemplate\":\"https:\/\/akademialektorov.sk\/?s={search_term_string}\"},\"query-input\":\"required name=search_term_string\"}],\"inLanguage\":\"sk-SK\"}]}<\/script>\n<!-- \/ Yoast SEO plugin. -->","yoast_head_json":{"title":"Kurz Strat\u00e9gia lektorskej zna\u010dky - Akad\u00e9mia lektorov","robots":{"index":"index","follow":"follow","max-snippet":"max-snippet:-1","max-image-preview":"max-image-preview:large","max-video-preview":"max-video-preview:-1"},"canonical":"https:\/\/akademialektorov.sk\/index.php\/produkt\/kurz-strategia-lektorskej-znacky\/","og_locale":"sk_SK","og_type":"article","og_title":"Kurz Strat\u00e9gia lektorskej zna\u010dky - Akad\u00e9mia lektorov","og_description":"Kurz Strat\u00e9gia lektorskej zna\u010dky obsahuje: 6-mesa\u010dn\u00fd vstup do \u010dlenskej sekcie, v ktorej n\u00e1jde\u0161 3 moduly, \u00a0ktor\u00e9 Ti pom\u00f4\u017eu napl\u00e1nova\u0165 si dlhodob\u00fa strat\u00e9giu Tvojej zna\u010dky. Ka\u017ed\u00fd modul sa sklad\u00e1 z videa a pracovn\u00e9ho zo\u0161ita. Obsah modulov: Modul 1: Poslanie a v\u00edzia, cie\u013eovka, prieskum trhu a detailn\u00e1 anal\u00fdza Modul 2: Insighty, marketingov\u00e1 persona a pr\u00edbeh Tvojej zna\u010dky [&hellip;]","og_url":"https:\/\/akademialektorov.sk\/index.php\/produkt\/kurz-strategia-lektorskej-znacky\/","og_site_name":"Akad\u00e9mia lektorov","article_modified_time":"2024-06-30T22:20:19+00:00","og_image":[{"width":1620,"height":1620,"url":"https:\/\/akademialektorov.sk\/wp-content\/uploads\/2022\/11\/1-1.jpg","type":"image\/jpeg"}],"twitter_card":"summary_large_image","twitter_misc":{"Predpokladan\u00fd \u010das \u010d\u00edtania":"1 min\u00fata"},"schema":{"@context":"https:\/\/schema.org","@graph":[{"@type":"WebPage","@id":"https:\/\/akademialektorov.sk\/index.php\/produkt\/kurz-strategia-lektorskej-znacky\/","url":"https:\/\/akademialektorov.sk\/index.php\/produkt\/kurz-strategia-lektorskej-znacky\/","name":"Kurz Strat\u00e9gia lektorskej zna\u010dky - Akad\u00e9mia lektorov","isPartOf":{"@id":"https:\/\/akademialektorov.sk\/#website"},"primaryImageOfPage":{"@id":"https:\/\/akademialektorov.sk\/index.php\/produkt\/kurz-strategia-lektorskej-znacky\/#primaryimage"},"image":{"@id":"https:\/\/akademialektorov.sk\/index.php\/produkt\/kurz-strategia-lektorskej-znacky\/#primaryimage"},"thumbnailUrl":"https:\/\/akademialektorov.sk\/wp-content\/uploads\/2022\/11\/1-1.jpg","datePublished":"2022-11-08T16:05:11+00:00","dateModified":"2024-06-30T22:20:19+00:00","breadcrumb":{"@id":"https:\/\/akademialektorov.sk\/index.php\/produkt\/kurz-strategia-lektorskej-znacky\/#breadcrumb"},"inLanguage":"sk-SK","potentialAction":[{"@type":"ReadAction","target":["https:\/\/akademialektorov.sk\/index.php\/produkt\/kurz-strategia-lektorskej-znacky\/"]}]},{"@type":"ImageObject","inLanguage":"sk-SK","@id":"https:\/\/akademialektorov.sk\/index.php\/produkt\/kurz-strategia-lektorskej-znacky\/#primaryimage","url":"https:\/\/akademialektorov.sk\/wp-content\/uploads\/2022\/11\/1-1.jpg","contentUrl":"https:\/\/akademialektorov.sk\/wp-content\/uploads\/2022\/11\/1-1.jpg","width":1620,"height":1620},{"@type":"BreadcrumbList","@id":"https:\/\/akademialektorov.sk\/index.php\/produkt\/kurz-strategia-lektorskej-znacky\/#breadcrumb","itemListElement":[{"@type":"ListItem","position":1,"name":"Domovsk\u00e1 str\u00e1nka","item":"https:\/\/akademialektorov.sk\/"},{"@type":"ListItem","position":2,"name":"SHOP","item":"https:\/\/akademialektorov.sk\/index.php\/shop-2\/"},{"@type":"ListItem","position":3,"name":"Kurz Strat\u00e9gia lektorskej zna\u010dky"}]},{"@type":"WebSite","@id":"https:\/\/akademialektorov.sk\/#website","url":"https:\/\/akademialektorov.sk\/","name":"Akad\u00e9mia lektorov","description":"","potentialAction":[{"@type":"SearchAction","target":{"@type":"EntryPoint","urlTemplate":"https:\/\/akademialektorov.sk\/?s={search_term_string}"},"query-input":"required name=search_term_string"}],"inLanguage":"sk-SK"}]}},"jetpack_sharing_enabled":true,"_links":{"self":[{"href":"https:\/\/akademialektorov.sk\/index.php\/wp-json\/wp\/v2\/product\/2621","targetHints":{"allow":["GET"]}}],"collection":[{"href":"https:\/\/akademialektorov.sk\/index.php\/wp-json\/wp\/v2\/product"}],"about":[{"href":"https:\/\/akademialektorov.sk\/index.php\/wp-json\/wp\/v2\/types\/product"}],"wp:featuredmedia":[{"embeddable":true,"href":"https:\/\/akademialektorov.sk\/index.php\/wp-json\/wp\/v2\/media\/2900"}],"wp:attachment":[{"href":"https:\/\/akademialektorov.sk\/index.php\/wp-json\/wp\/v2\/media?parent=2621"}],"wp:term":[{"taxonomy":"product_brand","embeddable":true,"href":"https:\/\/akademialektorov.sk\/index.php\/wp-json\/wp\/v2\/product_brand?post=2621"},{"taxonomy":"product_cat","embeddable":true,"href":"https:\/\/akademialektorov.sk\/index.php\/wp-json\/wp\/v2\/product_cat?post=2621"},{"taxonomy":"product_tag","embeddable":true,"href":"https:\/\/akademialektorov.sk\/index.php\/wp-json\/wp\/v2\/product_tag?post=2621"}],"curies":[{"name":"wp","href":"https:\/\/api.w.org\/{rel}","templated":true}]}}