{"id":283,"date":"2021-03-06T17:09:54","date_gmt":"2021-03-06T16:09:54","guid":{"rendered":"https:\/\/www.akademialektorov.sk\/?post_type=product&#038;p=283"},"modified":"2024-07-01T00:20:19","modified_gmt":"2024-06-30T22:20:19","slug":"uspesny-lektor-samouk","status":"publish","type":"product","link":"https:\/\/akademialektorov.sk\/index.php\/produkt\/uspesny-lektor-samouk\/","title":{"rendered":"\u00daspe\u0161n\u00fd lektor: SAMOUK"},"content":{"rendered":"<p>Program \u00daspe\u0161n\u00fd lektor obsahuje:<\/p>\n<p>\u2714\ufe0f 10 modulov v audio a video forme<\/p>\n<p>\u2714\ufe0f editovate\u013en\u00e9 pracovn\u00e9 zo\u0161ity ku ka\u017ed\u00e9mu modulu<\/p>\n<p>\u2714\ufe0f textov\u00e9 materi\u00e1ly a my\u0161lienkov\u00e9 mapy so strat\u00e9giami<\/p>\n<p>\u2714\ufe0f ro\u010dn\u00fd pr\u00edstup k cel\u00e9mu obsahu programu \u00daspe\u0161n\u00fd lektor, vr\u00e1tane bud\u00facich noviniek a aktualiz\u00e1ci\u00ed<\/p>\n<p>&nbsp;<\/p>\n<p><em data-rich-text-format-boundary=\"true\">Verzia &#8222;Samouk&#8220; bude Teba skvelou vo\u013ebou, ak Ti vyhovuje pracova\u0165<strong>\u00a0svoj\u00edm tempom<\/strong> a z\u00e1rove\u0148 m\u00e1\u0161 <strong>siln\u00fa motiv\u00e1ciu akt\u00edvne priv\u00e1dza\u0165 nov\u00e9 poznatky do praxe<\/strong>. Moduly a pracovn\u00e9 zo\u0161ity s\u00fa navrhnut\u00e9 tak, aby Ti samotn\u00e9 prejdenie programu zabralo pribli\u017ene <strong>3 mesiace<\/strong>.<\/em> <em><strong>Pr\u00edstup <\/strong>do programu v\u0161ak z\u00edskava\u0161 <strong>na cel\u00fd rok<\/strong>. Ak toti\u017e bude\u0161 po\u010das programu z\u00e1rove\u0148 vytv\u00e1ra\u0165 vlastn\u00fd produkt \u010di asynchr\u00f3nny kurz, r\u00e1taj s t\u00fdm, \u017ee to m\u00f4\u017ee trva\u0165 dlh\u0161ie, v z\u00e1vislosti od aktu\u00e1lneho stavu Tvojho podnikania a cie\u013eov, ktor\u00e9 si stanov\u00ed\u0161. <\/em>\ud83d\ude0a<\/p>\n","protected":false},"excerpt":{"rendered":"<p>Program \u00daspe\u0161n\u00fd lektor obsahuje: \u2714\ufe0f 10 modulov v audio a video forme \u2714\ufe0f editovate\u013en\u00e9 pracovn\u00e9 zo\u0161ity ku ka\u017ed\u00e9mu modulu \u2714\ufe0f textov\u00e9 materi\u00e1ly a my\u0161lienkov\u00e9 mapy so strat\u00e9giami \u2714\ufe0f ro\u010dn\u00fd pr\u00edstup k cel\u00e9mu obsahu programu \u00daspe\u0161n\u00fd lektor, vr\u00e1tane bud\u00facich noviniek a aktualiz\u00e1ci\u00ed &nbsp; Verzia &#8222;Samouk&#8220; bude Teba skvelou vo\u013ebou, ak Ti vyhovuje pracova\u0165\u00a0svoj\u00edm tempom a z\u00e1rove\u0148 [&hellip;]<\/p>\n","protected":false},"featured_media":2903,"template":"","meta":{"_et_pb_use_builder":"","_et_pb_old_content":"","_et_gb_content_width":""},"product_brand":[],"product_cat":[17],"product_tag":[],"class_list":{"0":"post-283","1":"product","2":"type-product","3":"status-publish","4":"has-post-thumbnail","6":"product_cat-nezaradene","8":"first","9":"instock","10":"virtual","11":"sold-individually","12":"taxable","13":"purchasable","14":"product-type-simple"},"yoast_head":"<!-- This site is optimized with the Yoast SEO plugin v22.7 - https:\/\/yoast.com\/wordpress\/plugins\/seo\/ -->\n<title>\u00daspe\u0161n\u00fd lektor: SAMOUK - Akad\u00e9mia lektorov<\/title>\n<meta name=\"robots\" content=\"index, follow, max-snippet:-1, max-image-preview:large, max-video-preview:-1\" \/>\n<link rel=\"canonical\" href=\"https:\/\/akademialektorov.sk\/index.php\/produkt\/uspesny-lektor-samouk\/\" \/>\n<meta property=\"og:locale\" content=\"sk_SK\" \/>\n<meta property=\"og:type\" content=\"article\" \/>\n<meta property=\"og:title\" content=\"\u00daspe\u0161n\u00fd lektor: SAMOUK - Akad\u00e9mia lektorov\" \/>\n<meta property=\"og:description\" content=\"Program \u00daspe\u0161n\u00fd lektor obsahuje: \u2714\ufe0f 10 modulov v audio a video forme \u2714\ufe0f editovate\u013en\u00e9 pracovn\u00e9 zo\u0161ity ku ka\u017ed\u00e9mu modulu \u2714\ufe0f textov\u00e9 materi\u00e1ly a my\u0161lienkov\u00e9 mapy so strat\u00e9giami \u2714\ufe0f ro\u010dn\u00fd pr\u00edstup k cel\u00e9mu obsahu programu \u00daspe\u0161n\u00fd lektor, vr\u00e1tane bud\u00facich noviniek a aktualiz\u00e1ci\u00ed &nbsp; Verzia &#8222;Samouk&#8220; bude Teba skvelou vo\u013ebou, ak Ti vyhovuje pracova\u0165\u00a0svoj\u00edm tempom a z\u00e1rove\u0148 [&hellip;]\" \/>\n<meta property=\"og:url\" content=\"https:\/\/akademialektorov.sk\/index.php\/produkt\/uspesny-lektor-samouk\/\" \/>\n<meta property=\"og:site_name\" content=\"Akad\u00e9mia lektorov\" \/>\n<meta property=\"article:modified_time\" content=\"2024-06-30T22:20:19+00:00\" \/>\n<meta property=\"og:image\" content=\"https:\/\/akademialektorov.sk\/wp-content\/uploads\/2021\/03\/2.jpg\" \/>\n\t<meta property=\"og:image:width\" content=\"1620\" \/>\n\t<meta property=\"og:image:height\" content=\"1620\" \/>\n\t<meta property=\"og:image:type\" content=\"image\/jpeg\" \/>\n<meta name=\"twitter:card\" content=\"summary_large_image\" \/>\n<meta name=\"twitter:label1\" content=\"Predpokladan\u00fd \u010das \u010d\u00edtania\" \/>\n\t<meta name=\"twitter:data1\" content=\"1 min\u00fata\" \/>\n<script type=\"application\/ld+json\" class=\"yoast-schema-graph\">{\"@context\":\"https:\/\/schema.org\",\"@graph\":[{\"@type\":\"WebPage\",\"@id\":\"https:\/\/akademialektorov.sk\/index.php\/produkt\/uspesny-lektor-samouk\/\",\"url\":\"https:\/\/akademialektorov.sk\/index.php\/produkt\/uspesny-lektor-samouk\/\",\"name\":\"\u00daspe\u0161n\u00fd lektor: SAMOUK - Akad\u00e9mia lektorov\",\"isPartOf\":{\"@id\":\"https:\/\/akademialektorov.sk\/#website\"},\"primaryImageOfPage\":{\"@id\":\"https:\/\/akademialektorov.sk\/index.php\/produkt\/uspesny-lektor-samouk\/#primaryimage\"},\"image\":{\"@id\":\"https:\/\/akademialektorov.sk\/index.php\/produkt\/uspesny-lektor-samouk\/#primaryimage\"},\"thumbnailUrl\":\"https:\/\/akademialektorov.sk\/wp-content\/uploads\/2021\/03\/2.jpg\",\"datePublished\":\"2021-03-06T16:09:54+00:00\",\"dateModified\":\"2024-06-30T22:20:19+00:00\",\"breadcrumb\":{\"@id\":\"https:\/\/akademialektorov.sk\/index.php\/produkt\/uspesny-lektor-samouk\/#breadcrumb\"},\"inLanguage\":\"sk-SK\",\"potentialAction\":[{\"@type\":\"ReadAction\",\"target\":[\"https:\/\/akademialektorov.sk\/index.php\/produkt\/uspesny-lektor-samouk\/\"]}]},{\"@type\":\"ImageObject\",\"inLanguage\":\"sk-SK\",\"@id\":\"https:\/\/akademialektorov.sk\/index.php\/produkt\/uspesny-lektor-samouk\/#primaryimage\",\"url\":\"https:\/\/akademialektorov.sk\/wp-content\/uploads\/2021\/03\/2.jpg\",\"contentUrl\":\"https:\/\/akademialektorov.sk\/wp-content\/uploads\/2021\/03\/2.jpg\",\"width\":1620,\"height\":1620},{\"@type\":\"BreadcrumbList\",\"@id\":\"https:\/\/akademialektorov.sk\/index.php\/produkt\/uspesny-lektor-samouk\/#breadcrumb\",\"itemListElement\":[{\"@type\":\"ListItem\",\"position\":1,\"name\":\"Domovsk\u00e1 str\u00e1nka\",\"item\":\"https:\/\/akademialektorov.sk\/\"},{\"@type\":\"ListItem\",\"position\":2,\"name\":\"SHOP\",\"item\":\"https:\/\/akademialektorov.sk\/index.php\/shop-2\/\"},{\"@type\":\"ListItem\",\"position\":3,\"name\":\"\u00daspe\u0161n\u00fd lektor: SAMOUK\"}]},{\"@type\":\"WebSite\",\"@id\":\"https:\/\/akademialektorov.sk\/#website\",\"url\":\"https:\/\/akademialektorov.sk\/\",\"name\":\"Akad\u00e9mia lektorov\",\"description\":\"\",\"potentialAction\":[{\"@type\":\"SearchAction\",\"target\":{\"@type\":\"EntryPoint\",\"urlTemplate\":\"https:\/\/akademialektorov.sk\/?s={search_term_string}\"},\"query-input\":\"required name=search_term_string\"}],\"inLanguage\":\"sk-SK\"}]}<\/script>\n<!-- \/ Yoast SEO plugin. -->","yoast_head_json":{"title":"\u00daspe\u0161n\u00fd lektor: SAMOUK - Akad\u00e9mia lektorov","robots":{"index":"index","follow":"follow","max-snippet":"max-snippet:-1","max-image-preview":"max-image-preview:large","max-video-preview":"max-video-preview:-1"},"canonical":"https:\/\/akademialektorov.sk\/index.php\/produkt\/uspesny-lektor-samouk\/","og_locale":"sk_SK","og_type":"article","og_title":"\u00daspe\u0161n\u00fd lektor: SAMOUK - Akad\u00e9mia lektorov","og_description":"Program \u00daspe\u0161n\u00fd lektor obsahuje: \u2714\ufe0f 10 modulov v audio a video forme \u2714\ufe0f editovate\u013en\u00e9 pracovn\u00e9 zo\u0161ity ku ka\u017ed\u00e9mu modulu \u2714\ufe0f textov\u00e9 materi\u00e1ly a my\u0161lienkov\u00e9 mapy so strat\u00e9giami \u2714\ufe0f ro\u010dn\u00fd pr\u00edstup k cel\u00e9mu obsahu programu \u00daspe\u0161n\u00fd lektor, vr\u00e1tane bud\u00facich noviniek a aktualiz\u00e1ci\u00ed &nbsp; Verzia &#8222;Samouk&#8220; bude Teba skvelou vo\u013ebou, ak Ti vyhovuje pracova\u0165\u00a0svoj\u00edm tempom a z\u00e1rove\u0148 [&hellip;]","og_url":"https:\/\/akademialektorov.sk\/index.php\/produkt\/uspesny-lektor-samouk\/","og_site_name":"Akad\u00e9mia lektorov","article_modified_time":"2024-06-30T22:20:19+00:00","og_image":[{"width":1620,"height":1620,"url":"https:\/\/akademialektorov.sk\/wp-content\/uploads\/2021\/03\/2.jpg","type":"image\/jpeg"}],"twitter_card":"summary_large_image","twitter_misc":{"Predpokladan\u00fd \u010das \u010d\u00edtania":"1 min\u00fata"},"schema":{"@context":"https:\/\/schema.org","@graph":[{"@type":"WebPage","@id":"https:\/\/akademialektorov.sk\/index.php\/produkt\/uspesny-lektor-samouk\/","url":"https:\/\/akademialektorov.sk\/index.php\/produkt\/uspesny-lektor-samouk\/","name":"\u00daspe\u0161n\u00fd lektor: SAMOUK - Akad\u00e9mia lektorov","isPartOf":{"@id":"https:\/\/akademialektorov.sk\/#website"},"primaryImageOfPage":{"@id":"https:\/\/akademialektorov.sk\/index.php\/produkt\/uspesny-lektor-samouk\/#primaryimage"},"image":{"@id":"https:\/\/akademialektorov.sk\/index.php\/produkt\/uspesny-lektor-samouk\/#primaryimage"},"thumbnailUrl":"https:\/\/akademialektorov.sk\/wp-content\/uploads\/2021\/03\/2.jpg","datePublished":"2021-03-06T16:09:54+00:00","dateModified":"2024-06-30T22:20:19+00:00","breadcrumb":{"@id":"https:\/\/akademialektorov.sk\/index.php\/produkt\/uspesny-lektor-samouk\/#breadcrumb"},"inLanguage":"sk-SK","potentialAction":[{"@type":"ReadAction","target":["https:\/\/akademialektorov.sk\/index.php\/produkt\/uspesny-lektor-samouk\/"]}]},{"@type":"ImageObject","inLanguage":"sk-SK","@id":"https:\/\/akademialektorov.sk\/index.php\/produkt\/uspesny-lektor-samouk\/#primaryimage","url":"https:\/\/akademialektorov.sk\/wp-content\/uploads\/2021\/03\/2.jpg","contentUrl":"https:\/\/akademialektorov.sk\/wp-content\/uploads\/2021\/03\/2.jpg","width":1620,"height":1620},{"@type":"BreadcrumbList","@id":"https:\/\/akademialektorov.sk\/index.php\/produkt\/uspesny-lektor-samouk\/#breadcrumb","itemListElement":[{"@type":"ListItem","position":1,"name":"Domovsk\u00e1 str\u00e1nka","item":"https:\/\/akademialektorov.sk\/"},{"@type":"ListItem","position":2,"name":"SHOP","item":"https:\/\/akademialektorov.sk\/index.php\/shop-2\/"},{"@type":"ListItem","position":3,"name":"\u00daspe\u0161n\u00fd lektor: SAMOUK"}]},{"@type":"WebSite","@id":"https:\/\/akademialektorov.sk\/#website","url":"https:\/\/akademialektorov.sk\/","name":"Akad\u00e9mia lektorov","description":"","potentialAction":[{"@type":"SearchAction","target":{"@type":"EntryPoint","urlTemplate":"https:\/\/akademialektorov.sk\/?s={search_term_string}"},"query-input":"required name=search_term_string"}],"inLanguage":"sk-SK"}]}},"jetpack_sharing_enabled":true,"_links":{"self":[{"href":"https:\/\/akademialektorov.sk\/index.php\/wp-json\/wp\/v2\/product\/283","targetHints":{"allow":["GET"]}}],"collection":[{"href":"https:\/\/akademialektorov.sk\/index.php\/wp-json\/wp\/v2\/product"}],"about":[{"href":"https:\/\/akademialektorov.sk\/index.php\/wp-json\/wp\/v2\/types\/product"}],"wp:featuredmedia":[{"embeddable":true,"href":"https:\/\/akademialektorov.sk\/index.php\/wp-json\/wp\/v2\/media\/2903"}],"wp:attachment":[{"href":"https:\/\/akademialektorov.sk\/index.php\/wp-json\/wp\/v2\/media?parent=283"}],"wp:term":[{"taxonomy":"product_brand","embeddable":true,"href":"https:\/\/akademialektorov.sk\/index.php\/wp-json\/wp\/v2\/product_brand?post=283"},{"taxonomy":"product_cat","embeddable":true,"href":"https:\/\/akademialektorov.sk\/index.php\/wp-json\/wp\/v2\/product_cat?post=283"},{"taxonomy":"product_tag","embeddable":true,"href":"https:\/\/akademialektorov.sk\/index.php\/wp-json\/wp\/v2\/product_tag?post=283"}],"curies":[{"name":"wp","href":"https:\/\/api.w.org\/{rel}","templated":true}]}}